{"id":2257,"date":"2026-04-11T09:11:48","date_gmt":"2026-04-11T09:11:48","guid":{"rendered":"https:\/\/jrahk.com\/?post_type=product&#038;p=2257"},"modified":"2026-04-11T09:50:42","modified_gmt":"2026-04-11T09:50:42","slug":"con002-18g-sl50a","status":"publish","type":"product","link":"https:\/\/jrahk.com\/pt\/con002-18g-sl50a\/","title":{"rendered":"CON002-18G-SL50A"},"content":{"rendered":"<div style=\"width: 100%;\">\n<table style=\"border-collapse: collapse; width: 100%;\" border=\"0\" cellspacing=\"0\" cellpadding=\"0\">\n<tbody>\n<tr>\n<td style=\"width: 50%;\">Tens\u00e3o<\/td>\n<td style=\"width: 50%;\">48V-60V-64V-72V-84V<\/td>\n<\/tr>\n<tr>\n<td>Atual<\/td>\n<td>45A-50A<\/td>\n<\/tr>\n<tr>\n<td>Pot\u00eancia<\/td>\n<td><span data-slate-fragment=\"JTdCJTIyb2JqZWN0JTIyJTNBJTIyZG9jdW1lbnQlMjIlMkMlMjJkYXRhJTIyJTNBJTdCJTdEJTJDJTIybm9kZXMlMjIlM0ElNUIlN0IlMjJvYmplY3QlMjIlM0ElMjJibG9jayUyMiUyQyUyMnR5cGUlMjIlM0ElMjJkaXYlMjIlMkMlMjJpc1ZvaWQlMjIlM0FmYWxzZSUyQyUyMmRhdGElMjIlM0ElN0IlMjJjbGFzc05hbWUlMjIlM0ElMjJkZXRhaWxtb2R1bGVfaHRtbCUyMiU3RCUyQyUyMm5vZGVzJTIyJTNBJTVCJTdCJTIyb2JqZWN0JTIyJTNBJTIyYmxvY2slMjIlMkMlMjJ0eXBlJTIyJTNBJTIyZGl2JTIyJTJDJTIyaXNWb2lkJTIyJTNBZmFsc2UlMkMlMjJkYXRhJTIyJTNBJTdCJTIyY2xhc3NOYW1lJTIyJTNBJTIyZGV0YWlsLWRlc2MtZGVjb3JhdGUtcmljaHRleHQlMjIlN0QlMkMlMjJub2RlcyUyMiUzQSU1QiU3QiUyMm9iamVjdCUyMiUzQSUyMmJsb2NrJTIyJTJDJTIydHlwZSUyMiUzQSUyMmRpdiUyMiUyQyUyMmlzVm9pZCUyMiUzQWZhbHNlJTJDJTIyZGF0YSUyMiUzQSU3QiU3RCUyQyUyMm5vZGVzJTIyJTNBJTVCJTdCJTIyb2JqZWN0JTIyJTNBJTIyYmxvY2slMjIlMkMlMjJ0eXBlJTIyJTNBJTIyZGl2JTIyJTJDJTIyaXNWb2lkJTIyJTNBZmFsc2UlMkMlMjJkYXRhJTIyJTNBJTdCJTdEJTJDJTIybm9kZXMlMjIlM0ElNUIlN0IlMjJvYmplY3QlMjIlM0ElMjJibG9jayUyMiUyQyUyMnR5cGUlMjIlM0ElMjJkaXYlMjIlMkMlMjJpc1ZvaWQlMjIlM0FmYWxzZSUyQyUyMmRhdGElMjIlM0ElN0IlN0QlMkMlMjJub2RlcyUyMiUzQSU1QiU3QiUyMm9iamVjdCUyMiUzQSUyMmJsb2NrJTIyJTJDJTIydHlwZSUyMiUzQSUyMmRpdiUyMiUyQyUyMmlzVm9pZCUyMiUzQWZhbHNlJTJDJTIyZGF0YSUyMiUzQSU3QiU3RCUyQyUyMm5vZGVzJTIyJTNBJTVCJTdCJTIyb2JqZWN0JTIyJTNBJTIyYmxvY2slMjIlMkMlMjJ0eXBlJTIyJTNBJTIyZGl2JTIyJTJDJTIyaXNWb2lkJTIyJTNBZmFsc2UlMkMlMjJkYXRhJTIyJTNBJTdCJTdEJTJDJTIybm9kZXMlMjIlM0ElNUIlN0IlMjJvYmplY3QlMjIlM0ElMjJibG9jayUyMiUyQyUyMnR5cGUlMjIlM0ElMjJ1bm9yZGVyZWRfbGlzdCUyMiUyQyUyMmlzVm9pZCUyMiUzQWZhbHNlJTJDJTIyZGF0YSUyMiUzQSU3QiU3RCUyQyUyMm5vZGVzJTIyJTNBJTVCJTdCJTIyb2JqZWN0JTIyJTNBJTIyYmxvY2slMjIlMkMlMjJ0eXBlJTIyJTNBJTIybGlzdF9pdGVtJTIyJTJDJTIyaXNWb2lkJTIyJTNBZmFsc2UlMkMlMjJkYXRhJTIyJTNBJTdCJTdEJTJDJTIybm9kZXMlMjIlM0ElNUIlN0IlMjJvYmplY3QlMjIlM0ElMjJibG9jayUyMiUyQyUyMnR5cGUlMjIlM0ElMjJwYXJhZ3JhcGglMjIlMkMlMjJpc1ZvaWQlMjIlM0FmYWxzZSUyQyUyMmRhdGElMjIlM0ElN0IlMjJhbGlnbiUyMiUzQSUyMmxlZnQlMjIlMkMlMjJzdHlsZSUyMiUzQSU3QiUyMmZvbnRXZWlnaHQlMjIlM0ElMjJub3JtYWwlMjIlMkMlMjJ0ZXh0QWxpZ24lMjIlM0ElMjJsZWZ0JTIyJTJDJTIyZGlzcGxheSUyMiUzQSUyMmJsb2NrJTIyJTJDJTIyd2lkdGglMjIlM0ElMjIxMDAlMjUlMjIlN0QlN0QlMkMlMjJub2RlcyUyMiUzQSU1QiU3QiUyMm9iamVjdCUyMiUzQSUyMnRleHQlMjIlMkMlMjJsZWF2ZXMlMjIlM0ElNUIlN0IlMjJvYmplY3QlMjIlM0ElMjJsZWFmJTIyJTJDJTIydGV4dCUyMiUzQSUyMjI1MDBXLTMwMDBXJTIyJTJDJTIybWFya3MlMjIlM0ElNUIlNUQlN0QlNUQlN0QlNUQlN0QlNUQlN0QlNUQlN0QlNUQlN0QlNUQlN0QlNUQlN0QlNUQlN0QlNUQlN0QlNUQlN0QlNUQlN0QlNUQlN0Q=\">2500W-3000W<\/span><\/td>\n<\/tr>\n<tr>\n<td>Tr\u00eas modos<\/td>\n<td>Modo de onda quadrada, modo Hallless<\/td>\n<\/tr>\n<tr>\n<td>Prote\u00e7\u00e3o<\/td>\n<td>Prote\u00e7\u00e3o contra sobreintensidade, sobretemperatura, paragem, subtens\u00e3o<\/td>\n<\/tr>\n<tr>\n<td>\u00c2ngulo de fase do motor<\/td>\n<td>Sensores Hall 60\u00b0\/120\u00b0 (identifica\u00e7\u00e3o autom\u00e1tica)<\/td>\n<\/tr>\n<tr>\n<td>Tipo de protocolo<\/td>\n<td>Sem acordo\/Acordo de uma linha<\/td>\n<\/tr>\n<tr>\n<td>Material<\/td>\n<td>Liga de alum\u00ednio<\/td>\n<\/tr>\n<tr>\n<td>Peso<\/td>\n<td>1044G<\/td>\n<\/tr>\n<tr>\n<td>Tamanho m\u00e1ximo<\/td>\n<td>195*105*60mm<\/td>\n<\/tr>\n<tr>\n<td>Carater\u00edsticas<\/td>\n<td>Velocidade de avan\u00e7o = Velocidade de marcha-atr\u00e1s<\/td>\n<\/tr>\n<\/tbody>\n<\/table>\n<\/div>","protected":false},"excerpt":{"rendered":"<p>Este controlador el\u00e9trico de onda quadrada de alto desempenho foi concebido para os entusiastas da bricolage, alcan\u00e7ando um avan\u00e7o ao assegurar velocidades de avan\u00e7o e de marcha-atr\u00e1s completamente consistentes - a pot\u00eancia de sa\u00edda, a resposta do bin\u00e1rio e a velocidade m\u00e1xima s\u00e3o id\u00eanticas, quer se v\u00e1 para a frente ou para tr\u00e1s. A marcha-atr\u00e1s j\u00e1 n\u00e3o \u00e9 um modo de reserva \u201cimprovisado\u201d, mas sim uma verdadeira marcha-atr\u00e1s a toda a velocidade, permitindo a deriva em marcha-atr\u00e1s. Consegue um ajuste autom\u00e1tico inteligente da tens\u00e3o dentro de uma gama de tens\u00e3o de 48V a 84V sem qualquer configura\u00e7\u00e3o. Oferece v\u00e1rios modos de condu\u00e7\u00e3o, incluindo um modo de onda quadrada para uma resposta de bin\u00e1rio instant\u00e2nea e um modo sem sensor como reserva de emerg\u00eancia fi\u00e1vel. Velocidades id\u00eanticas para a frente e para tr\u00e1s asseguram um desempenho equilibrado em ambas as direc\u00e7\u00f5es, satisfazendo as necessidades das aplica\u00e7\u00f5es que requerem um controlo preciso da marcha-atr\u00e1s. Equipado com a tecnologia de prote\u00e7\u00e3o contra falhas SafeRide\u2122, o controlador muda automaticamente para o modo sem sensor em 200 milissegundos no caso de uma falha do sensor Hall, mantendo a velocidade de 100% e assegurando uma condu\u00e7\u00e3o ininterrupta. A elevada efici\u00eancia de at\u00e9 94%, o controlo preciso da corrente (\u00b10,5A) e a ampla compatibilidade do motor garantem uma experi\u00eancia tolerante a falhas, adapt\u00e1vel e suave em cada viagem.<\/p>","protected":false},"featured_media":2265,"comment_status":"closed","ping_status":"closed","template":"","meta":{"_acf_changed":false},"product_brand":[],"product_cat":[27,50],"product_tag":[],"class_list":{"0":"post-2257","1":"product","2":"type-product","3":"status-publish","4":"has-post-thumbnail","6":"product_cat-bldc-motor-controller","7":"product_cat-dual-mode-controllers","9":"first","10":"instock","11":"shipping-taxable","12":"product-type-simple"},"acf":[],"_links":{"self":[{"href":"https:\/\/jrahk.com\/pt\/wp-json\/wp\/v2\/product\/2257","targetHints":{"allow":["GET"]}}],"collection":[{"href":"https:\/\/jrahk.com\/pt\/wp-json\/wp\/v2\/product"}],"about":[{"href":"https:\/\/jrahk.com\/pt\/wp-json\/wp\/v2\/types\/product"}],"replies":[{"embeddable":true,"href":"https:\/\/jrahk.com\/pt\/wp-json\/wp\/v2\/comments?post=2257"}],"version-history":[{"count":1,"href":"https:\/\/jrahk.com\/pt\/wp-json\/wp\/v2\/product\/2257\/revisions"}],"predecessor-version":[{"id":2267,"href":"https:\/\/jrahk.com\/pt\/wp-json\/wp\/v2\/product\/2257\/revisions\/2267"}],"wp:featuredmedia":[{"embeddable":true,"href":"https:\/\/jrahk.com\/pt\/wp-json\/wp\/v2\/media\/2265"}],"wp:attachment":[{"href":"https:\/\/jrahk.com\/pt\/wp-json\/wp\/v2\/media?parent=2257"}],"wp:term":[{"taxonomy":"product_brand","embeddable":true,"href":"https:\/\/jrahk.com\/pt\/wp-json\/wp\/v2\/product_brand?post=2257"},{"taxonomy":"product_cat","embeddable":true,"href":"https:\/\/jrahk.com\/pt\/wp-json\/wp\/v2\/product_cat?post=2257"},{"taxonomy":"product_tag","embeddable":true,"href":"https:\/\/jrahk.com\/pt\/wp-json\/wp\/v2\/product_tag?post=2257"}],"curies":[{"name":"wp","href":"https:\/\/api.w.org\/{rel}","templated":true}]}}