{"id":2192,"date":"2026-04-10T09:00:37","date_gmt":"2026-04-10T09:00:37","guid":{"rendered":"https:\/\/jrahk.com\/?post_type=product&#038;p=2192"},"modified":"2026-04-11T08:46:34","modified_gmt":"2026-04-11T08:46:34","slug":"con003-9g-202kit","status":"publish","type":"product","link":"https:\/\/jrahk.com\/pt\/con003-9g-202kit\/","title":{"rendered":"CON003-9G-202kit"},"content":{"rendered":"<div style=\"width: 100%;\">\n<table style=\"border-collapse: collapse; width: 100%;\" border=\"0\" cellspacing=\"0\" cellpadding=\"0\">\n<tbody>\n<tr>\n<td style=\"width: 50%;\">Tens\u00e3o<\/td>\n<td style=\"width: 50%;\">36V-48V-52V-60V-72V<\/td>\n<\/tr>\n<tr>\n<td>Atual<\/td>\n<td>20A-26A<\/td>\n<\/tr>\n<tr>\n<td>Pot\u00eancia<\/td>\n<td>400W-600W<\/td>\n<\/tr>\n<tr>\n<td>Tr\u00eas modos<\/td>\n<td>Modo de onda quadrada, modo Hallless<\/td>\n<\/tr>\n<tr>\n<td>Prote\u00e7\u00e3o<\/td>\n<td>Prote\u00e7\u00e3o contra sobreintensidade, sobretemperatura, paragem, subtens\u00e3o<\/td>\n<\/tr>\n<tr>\n<td>\u00c2ngulo de fase do motor<\/td>\n<td>Sensores Hall 60\u00b0\/120\u00b0 (identifica\u00e7\u00e3o autom\u00e1tica)<\/td>\n<\/tr>\n<tr>\n<td>Tipo de protocolo<\/td>\n<td>UART2<\/td>\n<\/tr>\n<tr>\n<td>Material<\/td>\n<td>Liga de alum\u00ednio<\/td>\n<\/tr>\n<tr>\n<td>Peso<\/td>\n<td>738G<\/td>\n<\/tr>\n<tr>\n<td>Tamanho da embalagem<\/td>\n<td>290*130*60mm<\/td>\n<\/tr>\n<\/tbody>\n<\/table>\n<\/div>","protected":false},"excerpt":{"rendered":"<p>Este controlador de onda quadrada de elevado desempenho foi concebido para e-bikes universais, proporcionando uma regula\u00e7\u00e3o autom\u00e1tica inteligente da tens\u00e3o de 36V a 72V sem qualquer configura\u00e7\u00e3o. Oferece v\u00e1rios modos de condu\u00e7\u00e3o, incluindo um modo de onda quadrada para uma resposta de bin\u00e1rio instant\u00e2nea e um modo de reserva de emerg\u00eancia fi\u00e1vel - o modo sem sensor. Equipado com a tecnologia de prote\u00e7\u00e3o contra falhas SafeRide\u2122, o controlador muda automaticamente para o modo sem sensor em 200 milissegundos no caso de uma falha do sensor Hall, mantendo a velocidade de 100% e assegurando uma condu\u00e7\u00e3o ininterrupta. Com uma efici\u00eancia at\u00e9 94%, um controlo preciso da corrente (\u00b10,5A) e uma ampla compatibilidade de motores, proporciona uma experi\u00eancia de condu\u00e7\u00e3o tolerante a falhas, adapt\u00e1vel e suave em todas as viagens.<\/p>","protected":false},"featured_media":2181,"comment_status":"closed","ping_status":"closed","template":"","meta":{"_acf_changed":false},"product_brand":[],"product_cat":[52,54],"product_tag":[],"class_list":{"0":"post-2192","1":"product","2":"type-product","3":"status-publish","4":"has-post-thumbnail","6":"product_cat-bldc-motor-controller-kit","7":"product_cat-dual-mode-kit-controllers","9":"first","10":"instock","11":"shipping-taxable","12":"product-type-simple"},"acf":[],"_links":{"self":[{"href":"https:\/\/jrahk.com\/pt\/wp-json\/wp\/v2\/product\/2192","targetHints":{"allow":["GET"]}}],"collection":[{"href":"https:\/\/jrahk.com\/pt\/wp-json\/wp\/v2\/product"}],"about":[{"href":"https:\/\/jrahk.com\/pt\/wp-json\/wp\/v2\/types\/product"}],"replies":[{"embeddable":true,"href":"https:\/\/jrahk.com\/pt\/wp-json\/wp\/v2\/comments?post=2192"}],"version-history":[{"count":3,"href":"https:\/\/jrahk.com\/pt\/wp-json\/wp\/v2\/product\/2192\/revisions"}],"predecessor-version":[{"id":2215,"href":"https:\/\/jrahk.com\/pt\/wp-json\/wp\/v2\/product\/2192\/revisions\/2215"}],"wp:featuredmedia":[{"embeddable":true,"href":"https:\/\/jrahk.com\/pt\/wp-json\/wp\/v2\/media\/2181"}],"wp:attachment":[{"href":"https:\/\/jrahk.com\/pt\/wp-json\/wp\/v2\/media?parent=2192"}],"wp:term":[{"taxonomy":"product_brand","embeddable":true,"href":"https:\/\/jrahk.com\/pt\/wp-json\/wp\/v2\/product_brand?post=2192"},{"taxonomy":"product_cat","embeddable":true,"href":"https:\/\/jrahk.com\/pt\/wp-json\/wp\/v2\/product_cat?post=2192"},{"taxonomy":"product_tag","embeddable":true,"href":"https:\/\/jrahk.com\/pt\/wp-json\/wp\/v2\/product_tag?post=2192"}],"curies":[{"name":"wp","href":"https:\/\/api.w.org\/{rel}","templated":true}]}}