{"id":1166,"date":"2025-09-18T23:37:46","date_gmt":"2025-09-18T23:37:46","guid":{"rendered":"https:\/\/jrahk.com\/?post_type=product&#038;p=1166"},"modified":"2025-10-29T07:45:21","modified_gmt":"2025-10-29T07:45:21","slug":"con008-15sine-301","status":"publish","type":"product","link":"https:\/\/jrahk.com\/pt\/con008-15sine-301\/","title":{"rendered":"CON008-15sine-301"},"content":{"rendered":"<table style=\"border-collapse: collapse; width: 100%;\" border=\"0\" width=\"459\" cellspacing=\"0\" cellpadding=\"0\">\n<tbody>\n<tr style=\"height: 16.80pt;\">\n<td style=\"height: 16.80pt; width: 250.90pt;\" width=\"250\" height=\"16\">Tens\u00e3o<\/td>\n<td style=\"width: 208.65pt;\" width=\"208\">36V-48V-52V-60V-72V<\/td>\n<\/tr>\n<tr style=\"height: 16.80pt;\">\n<td style=\"height: 16.80pt;\" height=\"16\">Atual<\/td>\n<td>34A-40A<\/td>\n<\/tr>\n<tr style=\"height: 16.80pt;\">\n<td style=\"height: 16.80pt;\" height=\"16\">Pot\u00eancia<\/td>\n<td>1000W-2000W<\/td>\n<\/tr>\n<tr style=\"height: 45.00pt;\">\n<td style=\"height: 45.00pt;\" height=\"45\">Tr\u00eas modos<\/td>\n<td class=\"et3\" style=\"width: 208.65pt;\" width=\"208\">Modo de onda sinusoidal (FOC), modo de onda quadrada, modo sem halteres<\/td>\n<\/tr>\n<tr style=\"height: 34.00pt;\">\n<td style=\"height: 34.00pt;\" height=\"34\">Prote\u00e7\u00e3o<\/td>\n<td class=\"et3\" style=\"width: 208.65pt;\" width=\"208\">Prote\u00e7\u00e3o contra sobreintensidade, sobretemperatura, paragem, subtens\u00e3o<\/td>\n<\/tr>\n<tr style=\"height: 33.00pt;\">\n<td style=\"height: 33.00pt;\" height=\"33\">\u00c2ngulo de fase do motor<\/td>\n<td class=\"et3\" style=\"width: 208.65pt;\" width=\"208\">Sensores Hall 60\u00b0\/120\u00b0 (identifica\u00e7\u00e3o autom\u00e1tica)<\/td>\n<\/tr>\n<tr style=\"height: 16.80pt;\">\n<td style=\"height: 16.80pt;\" height=\"16\">Tipo de protocolo<\/td>\n<td>Sem acordo\/Acordo de uma linha<\/td>\n<\/tr>\n<tr style=\"height: 16.80pt;\">\n<td style=\"height: 16.80pt;\" height=\"16\">Material<\/td>\n<td>Liga de alum\u00ednio<\/td>\n<\/tr>\n<tr style=\"height: 16.80pt;\">\n<td style=\"height: 16.80pt;\" height=\"16\">Peso<\/td>\n<td>1100G<\/td>\n<\/tr>\n<tr style=\"height: 16.80pt;\">\n<td style=\"height: 16.80pt;\" height=\"16\">Tamanho m\u00e1ximo<\/td>\n<td>211*88*48mm<\/td>\n<\/tr>\n<\/tbody>\n<\/table>","protected":false},"excerpt":{"rendered":"<p>Este kit avan\u00e7ado de controlador de onda sinusoidal foi concebido para compatibilidade universal com bicicletas el\u00e9ctricas, oferecendo reconhecimento autom\u00e1tico inteligente de tens\u00e3o de 36 V a 72 V com configura\u00e7\u00e3o manual zero. Suporta o funcionamento em forma de onda tripla - onda sinusoidal para viagens ultra-suaves e silenciosas, onda quadrada para exig\u00eancias de bin\u00e1rio elevado e onda quadrada sem sensor como seguran\u00e7a instant\u00e2nea - permitindo a sele\u00e7\u00e3o manual ou o retorno autom\u00e1tico em caso de falha do sensor Hall.<\/p>\n<p>Equipado com um ecr\u00e3 OLED SpeedDial\u2122 \u00e0 prova de \u00e1gua, permite limitar a velocidade em tempo real, program\u00e1vel entre 25-80 km\/h. O inovador Sistema Hall 2.0 oferece dete\u00e7\u00e3o autom\u00e1tica e compatibilidade com sensores Hall de 5 e 6 fios sem jumpers. Em caso de falha, o sistema muda para o modo de onda quadrada sem sensor em 300 ms, mantendo a velocidade do 100% com menos de 2 segundos de vibra\u00e7\u00e3o de arranque para um funcionamento ininterrupto e fi\u00e1vel.<\/p>\n<p>Concebido para um desempenho preparado para o futuro, assegura um amplo suporte do motor, uma elevada efici\u00eancia e um controlo robusto, tornando-o ideal para desloca\u00e7\u00f5es di\u00e1rias e aplica\u00e7\u00f5es de ciclismo de alta pot\u00eancia.<\/p>","protected":false},"featured_media":1167,"comment_status":"closed","ping_status":"closed","template":"","meta":{"_acf_changed":false},"product_brand":[],"product_cat":[52],"product_tag":[],"class_list":{"0":"post-1166","1":"product","2":"type-product","3":"status-publish","4":"has-post-thumbnail","6":"product_cat-bldc-motor-controller-kit","8":"first","9":"instock","10":"shipping-taxable","11":"product-type-simple"},"acf":[],"_links":{"self":[{"href":"https:\/\/jrahk.com\/pt\/wp-json\/wp\/v2\/product\/1166","targetHints":{"allow":["GET"]}}],"collection":[{"href":"https:\/\/jrahk.com\/pt\/wp-json\/wp\/v2\/product"}],"about":[{"href":"https:\/\/jrahk.com\/pt\/wp-json\/wp\/v2\/types\/product"}],"replies":[{"embeddable":true,"href":"https:\/\/jrahk.com\/pt\/wp-json\/wp\/v2\/comments?post=1166"}],"version-history":[{"count":4,"href":"https:\/\/jrahk.com\/pt\/wp-json\/wp\/v2\/product\/1166\/revisions"}],"predecessor-version":[{"id":1264,"href":"https:\/\/jrahk.com\/pt\/wp-json\/wp\/v2\/product\/1166\/revisions\/1264"}],"wp:featuredmedia":[{"embeddable":true,"href":"https:\/\/jrahk.com\/pt\/wp-json\/wp\/v2\/media\/1167"}],"wp:attachment":[{"href":"https:\/\/jrahk.com\/pt\/wp-json\/wp\/v2\/media?parent=1166"}],"wp:term":[{"taxonomy":"product_brand","embeddable":true,"href":"https:\/\/jrahk.com\/pt\/wp-json\/wp\/v2\/product_brand?post=1166"},{"taxonomy":"product_cat","embeddable":true,"href":"https:\/\/jrahk.com\/pt\/wp-json\/wp\/v2\/product_cat?post=1166"},{"taxonomy":"product_tag","embeddable":true,"href":"https:\/\/jrahk.com\/pt\/wp-json\/wp\/v2\/product_tag?post=1166"}],"curies":[{"name":"wp","href":"https:\/\/api.w.org\/{rel}","templated":true}]}}