{"id":1152,"date":"2025-09-18T23:32:24","date_gmt":"2025-09-18T23:32:24","guid":{"rendered":"https:\/\/jrahk.com\/?post_type=product&#038;p=1152"},"modified":"2025-10-29T08:05:03","modified_gmt":"2025-10-29T08:05:03","slug":"con003-15g-200kit","status":"publish","type":"product","link":"https:\/\/jrahk.com\/pt\/con003-15g-200kit\/","title":{"rendered":"CON003-15G-200kit"},"content":{"rendered":"<table width=\"100%\">\n<tbody>\n<tr>\n<td width=\"250\">Tens\u00e3o<\/td>\n<td width=\"208\">36V-48V-52V-60V-72V<\/td>\n<\/tr>\n<tr>\n<td>Atual<\/td>\n<td>34A-40A<\/td>\n<\/tr>\n<tr>\n<td>Pot\u00eancia<\/td>\n<td>1000W-2000W<\/td>\n<\/tr>\n<tr>\n<td>Modos duplos<\/td>\n<td width=\"208\">\u00a0Modo de onda quadrada, modo Hallless<\/td>\n<\/tr>\n<tr>\n<td>Prote\u00e7\u00e3o<\/td>\n<td width=\"208\">Prote\u00e7\u00e3o contra sobreintensidade, sobretemperatura, paragem, subtens\u00e3o<\/td>\n<\/tr>\n<tr>\n<td>\u00c2ngulo de fase do motor<\/td>\n<td width=\"208\">Sensores Hall 60\u00b0\/120\u00b0 (identifica\u00e7\u00e3o autom\u00e1tica)<\/td>\n<\/tr>\n<tr>\n<td>Tipo de protocolo<\/td>\n<td>Sem acordo\/Acordo de uma linha<\/td>\n<\/tr>\n<tr>\n<td>Material<\/td>\n<td>Liga de alum\u00ednio<\/td>\n<\/tr>\n<tr>\n<td>Peso<\/td>\n<td>940G<\/td>\n<\/tr>\n<tr>\n<td>Tamanho m\u00e1ximo<\/td>\n<td>211*88*48mm<\/td>\n<\/tr>\n<\/tbody>\n<\/table>","protected":false},"excerpt":{"rendered":"<p>Este kit de controlador inteligente de onda quadrada foi concebido para uma vasta gama de sistemas de bicicletas el\u00e9ctricas compat\u00edveis. Possui reconhecimento autom\u00e1tico da tens\u00e3o numa vasta gama de 36V a 72V, garantindo uma instala\u00e7\u00e3o e funcionamento imediatos sem configura\u00e7\u00e3o manual. Oferece dois modos de acionamento: o modo de onda quadrada para uma sa\u00edda de bin\u00e1rio robusta e o modo de onda quadrada sem sensor como seguran\u00e7a contra falhas. Este modo pode ser comutado manual ou automaticamente em caso de falha do sensor de efeito Hall.<\/p>\n<p>O kit inclui um ecr\u00e3 OLED SpeedDial\u2122 \u00e0 prova de \u00e1gua com limites de velocidade ajust\u00e1veis em tempo real entre 25 e 80 km\/h, satisfazendo diversas necessidades de condu\u00e7\u00e3o. Utilizando a tecnologia Hall Effect System 2.0 de \u00faltima gera\u00e7\u00e3o, reconhece automaticamente os sensores de efeito Hall de cinco e seis fios, eliminando a necessidade de jumpers ou configura\u00e7\u00f5es adicionais. Se for detectada uma falha do efeito Hall, o sistema muda sem problemas para o modo de onda quadrada sem sensor em 300 milissegundos, mantendo a pot\u00eancia de sa\u00edda de 100% e reduzindo a vibra\u00e7\u00e3o de arranque para menos de 2 segundos, melhorando significativamente a fiabilidade do sistema.<\/p>\n<p>O design inovador deste produto garante uma ampla compatibilidade do motor e um controlo eficiente, combinando um elevado desempenho com uma elevada fiabilidade, o que o torna ideal para desloca\u00e7\u00f5es di\u00e1rias e passeios de bicicleta el\u00e9ctrica de alta pot\u00eancia.<\/p>","protected":false},"featured_media":1154,"comment_status":"closed","ping_status":"closed","template":"","meta":{"_acf_changed":false},"product_brand":[],"product_cat":[52],"product_tag":[],"class_list":{"0":"post-1152","1":"product","2":"type-product","3":"status-publish","4":"has-post-thumbnail","6":"product_cat-bldc-motor-controller-kit","8":"first","9":"instock","10":"shipping-taxable","11":"product-type-simple"},"acf":[],"_links":{"self":[{"href":"https:\/\/jrahk.com\/pt\/wp-json\/wp\/v2\/product\/1152","targetHints":{"allow":["GET"]}}],"collection":[{"href":"https:\/\/jrahk.com\/pt\/wp-json\/wp\/v2\/product"}],"about":[{"href":"https:\/\/jrahk.com\/pt\/wp-json\/wp\/v2\/types\/product"}],"replies":[{"embeddable":true,"href":"https:\/\/jrahk.com\/pt\/wp-json\/wp\/v2\/comments?post=1152"}],"version-history":[{"count":4,"href":"https:\/\/jrahk.com\/pt\/wp-json\/wp\/v2\/product\/1152\/revisions"}],"predecessor-version":[{"id":1187,"href":"https:\/\/jrahk.com\/pt\/wp-json\/wp\/v2\/product\/1152\/revisions\/1187"}],"wp:featuredmedia":[{"embeddable":true,"href":"https:\/\/jrahk.com\/pt\/wp-json\/wp\/v2\/media\/1154"}],"wp:attachment":[{"href":"https:\/\/jrahk.com\/pt\/wp-json\/wp\/v2\/media?parent=1152"}],"wp:term":[{"taxonomy":"product_brand","embeddable":true,"href":"https:\/\/jrahk.com\/pt\/wp-json\/wp\/v2\/product_brand?post=1152"},{"taxonomy":"product_cat","embeddable":true,"href":"https:\/\/jrahk.com\/pt\/wp-json\/wp\/v2\/product_cat?post=1152"},{"taxonomy":"product_tag","embeddable":true,"href":"https:\/\/jrahk.com\/pt\/wp-json\/wp\/v2\/product_tag?post=1152"}],"curies":[{"name":"wp","href":"https:\/\/api.w.org\/{rel}","templated":true}]}}