{"id":1142,"date":"2025-09-18T22:28:18","date_gmt":"2025-09-18T22:28:18","guid":{"rendered":"https:\/\/jrahk.com\/?post_type=product&#038;p=1142"},"modified":"2025-10-29T08:08:59","modified_gmt":"2025-10-29T08:08:59","slug":"con009-6g-gd","status":"publish","type":"product","link":"https:\/\/jrahk.com\/pt\/con009-6g-gd\/","title":{"rendered":"CON009-6G-GD"},"content":{"rendered":"<table style=\"border-collapse: collapse; width: 100%;\" border=\"0\" width=\"529\" cellspacing=\"0\" cellpadding=\"0\">\n<tbody>\n<tr style=\"height: 17.60pt;\">\n<td class=\"et2\" style=\"height: 17.60pt; width: 305.20pt;\" width=\"305\" height=\"17\">Tens\u00e3o<\/td>\n<td class=\"et2\" style=\"width: 224.70pt;\" width=\"224\">36V\/48V\/52V\/60V (auto-detection)<\/td>\n<\/tr>\n<tr style=\"height: 17.60pt;\">\n<td class=\"et2\" style=\"height: 17.60pt;\" height=\"17\">Atual<\/td>\n<td class=\"et2\">18A-40A<\/td>\n<\/tr>\n<tr style=\"height: 17.60pt;\">\n<td class=\"et2\" style=\"height: 17.60pt;\" height=\"17\">Pot\u00eancia<\/td>\n<td class=\"et2\">350W-2000W<\/td>\n<\/tr>\n<tr style=\"height: 34.00pt;\">\n<td class=\"et2\" style=\"height: 34.00pt;\" height=\"34\">Tr\u00eas modos<\/td>\n<td class=\"et3\" style=\"width: 224.70pt;\" width=\"224\">Modo de onda sinusoidal (FOC), modo de onda quadrada, modo sem halteres<\/td>\n<\/tr>\n<tr style=\"height: 34.00pt;\">\n<td class=\"et2\" style=\"height: 34.00pt;\" height=\"34\">Prote\u00e7\u00e3o<\/td>\n<td class=\"et3\" style=\"width: 224.70pt;\" width=\"224\">Prote\u00e7\u00e3o contra sobreintensidade, sobretemperatura, paragem, subtens\u00e3o<\/td>\n<\/tr>\n<tr style=\"height: 34.00pt;\">\n<td class=\"et2\" style=\"height: 34.00pt;\" height=\"34\">\u00c2ngulo de fase do motor<\/td>\n<td class=\"et3\" style=\"width: 224.70pt;\" width=\"224\">Sensores Hall 60\u00b0\/120\u00b0 (identifica\u00e7\u00e3o autom\u00e1tica)<\/td>\n<\/tr>\n<tr style=\"height: 17.60pt;\">\n<td class=\"et2\" style=\"height: 17.60pt;\" height=\"17\">Tipo de protocolo<\/td>\n<td class=\"et2\">Sem acordo\/Acordo de uma linha<\/td>\n<\/tr>\n<tr style=\"height: 17.60pt;\">\n<td class=\"et2\" style=\"height: 17.60pt;\" height=\"17\">Material<\/td>\n<td class=\"et2\">Liga de alum\u00ednio<\/td>\n<\/tr>\n<tr style=\"height: 17.60pt;\">\n<td class=\"et2\" style=\"height: 17.60pt;\" height=\"17\">Peso<\/td>\n<td class=\"et2\">454G<\/td>\n<\/tr>\n<tr style=\"height: 17.60pt;\">\n<td class=\"et2\" style=\"height: 17.60pt;\" height=\"17\">Tamanho m\u00e1ximo<\/td>\n<td class=\"et2\">181*55*32mm<\/td>\n<\/tr>\n<\/tbody>\n<\/table>","protected":false},"excerpt":{"rendered":"<p>Este controlador sinusoidal de transmiss\u00e3o dupla el\u00e9ctrica de elevado desempenho foi concebido para aplica\u00e7\u00f5es vers\u00e1teis de e-bike e e-scooter, oferecendo dete\u00e7\u00e3o autom\u00e1tica inteligente de tens\u00e3o de 36V a 60V sem necessidade de configura\u00e7\u00e3o. Suporta o funcionamento de um ou dois motores com dois canais independentes com um m\u00e1ximo de 20A (pico m\u00e1ximo de 40A), oferecendo op\u00e7\u00f5es de alimenta\u00e7\u00e3o flex\u00edveis para uma vasta gama de modelos de ve\u00edculos.<\/p>\n<p>O controlador possui tr\u00eas modos de forma de onda, incluindo onda sinusoidal para controlo sincronizado de dois motores (erro de fase inferior a 5\u00b0), onda quadrada para aumento instant\u00e2neo do bin\u00e1rio e modo sem sensor como reserva inteligente em caso de falha do sensor Hall. Equipado com um design avan\u00e7ado tolerante a falhas, muda automaticamente para o funcionamento sem sensor em 200 ms, mantendo a velocidade de 100% - superando significativamente o desempenho dos concorrentes que normalmente caem para a velocidade de 60%.<\/p>\n<p>Com suporte para 1-2 motores sem reconfigura\u00e7\u00e3o, controlo de corrente de alta precis\u00e3o e gest\u00e3o t\u00e9rmica robusta, oferece uma adaptabilidade, fiabilidade e funcionamento suave sem paralelo para cada viagem.<\/p>\n<p>\u3010Sobre a corrente e a pot\u00eancia\u30111. A corrente de acionamento \u00fanico \u00e9 classificada em 18A e a corrente m\u00e1xima \u00e9 20A. A corrente de acionamento duplo \u00e9 classificada em 36A e a corrente m\u00e1xima \u00e9 40A.2. Sobre a pot\u00eancia. A pot\u00eancia pode ser dividida em pot\u00eancia calculada e pot\u00eancia nominal. A pot\u00eancia nominal do acionamento simples \u00e9 de 350W-500W, a pot\u00eancia calculada \u00e9 de 1000w, a pot\u00eancia nominal do acionamento duplo \u00e9 de 500W-1000w e a pot\u00eancia do acionamento duplo \u00e9 de 2000w.<\/p>","protected":false},"featured_media":1146,"comment_status":"closed","ping_status":"closed","template":"","meta":{"_acf_changed":false},"product_brand":[],"product_cat":[27],"product_tag":[],"class_list":{"0":"post-1142","1":"product","2":"type-product","3":"status-publish","4":"has-post-thumbnail","6":"product_cat-bldc-motor-controller","8":"first","9":"instock","10":"shipping-taxable","11":"product-type-simple"},"acf":[],"_links":{"self":[{"href":"https:\/\/jrahk.com\/pt\/wp-json\/wp\/v2\/product\/1142","targetHints":{"allow":["GET"]}}],"collection":[{"href":"https:\/\/jrahk.com\/pt\/wp-json\/wp\/v2\/product"}],"about":[{"href":"https:\/\/jrahk.com\/pt\/wp-json\/wp\/v2\/types\/product"}],"replies":[{"embeddable":true,"href":"https:\/\/jrahk.com\/pt\/wp-json\/wp\/v2\/comments?post=1142"}],"version-history":[{"count":2,"href":"https:\/\/jrahk.com\/pt\/wp-json\/wp\/v2\/product\/1142\/revisions"}],"predecessor-version":[{"id":1145,"href":"https:\/\/jrahk.com\/pt\/wp-json\/wp\/v2\/product\/1142\/revisions\/1145"}],"wp:featuredmedia":[{"embeddable":true,"href":"https:\/\/jrahk.com\/pt\/wp-json\/wp\/v2\/media\/1146"}],"wp:attachment":[{"href":"https:\/\/jrahk.com\/pt\/wp-json\/wp\/v2\/media?parent=1142"}],"wp:term":[{"taxonomy":"product_brand","embeddable":true,"href":"https:\/\/jrahk.com\/pt\/wp-json\/wp\/v2\/product_brand?post=1142"},{"taxonomy":"product_cat","embeddable":true,"href":"https:\/\/jrahk.com\/pt\/wp-json\/wp\/v2\/product_cat?post=1142"},{"taxonomy":"product_tag","embeddable":true,"href":"https:\/\/jrahk.com\/pt\/wp-json\/wp\/v2\/product_tag?post=1142"}],"curies":[{"name":"wp","href":"https:\/\/api.w.org\/{rel}","templated":true}]}}