{"id":1125,"date":"2025-09-18T22:09:40","date_gmt":"2025-09-18T22:09:40","guid":{"rendered":"https:\/\/jrahk.com\/?post_type=product&#038;p=1125"},"modified":"2025-10-29T08:11:18","modified_gmt":"2025-10-29T08:11:18","slug":"con005-7255","status":"publish","type":"product","link":"https:\/\/jrahk.com\/pt\/con005-7255\/","title":{"rendered":"CON005-7255"},"content":{"rendered":"<table style=\"border-collapse: collapse; width: 100%;\" border=\"0\" width=\"459\" cellspacing=\"0\" cellpadding=\"0\">\n<tbody>\n<tr style=\"height: 16.80pt;\">\n<td style=\"height: 16.80pt; width: 250.90pt;\" width=\"250\" height=\"16\">Tens\u00e3o<\/td>\n<td style=\"width: 208.65pt;\" width=\"208\">48V-60V-72V<\/td>\n<\/tr>\n<tr style=\"height: 16.80pt;\">\n<td style=\"height: 16.80pt;\" height=\"16\">Atual<\/td>\n<td>55A<\/td>\n<\/tr>\n<tr style=\"height: 16.80pt;\">\n<td style=\"height: 16.80pt;\" height=\"16\">Pot\u00eancia<\/td>\n<td>1000W-3000W<\/td>\n<\/tr>\n<tr style=\"height: 45.00pt;\">\n<td style=\"height: 45.00pt;\" height=\"45\">Tr\u00eas modos<\/td>\n<td class=\"et3\" style=\"width: 208.65pt;\" width=\"208\">Modo de onda sinusoidal (FOC), modo de onda quadrada, modo sem halteres<\/td>\n<\/tr>\n<tr style=\"height: 34.00pt;\">\n<td style=\"height: 34.00pt;\" height=\"34\">Prote\u00e7\u00e3o<\/td>\n<td class=\"et3\" style=\"width: 208.65pt;\" width=\"208\">Prote\u00e7\u00e3o contra sobreintensidade, sobretemperatura, paragem, subtens\u00e3o<\/td>\n<\/tr>\n<tr style=\"height: 33.00pt;\">\n<td style=\"height: 33.00pt;\" height=\"33\">\u00c2ngulo de fase do motor<\/td>\n<td class=\"et3\" style=\"width: 208.65pt;\" width=\"208\">Sensores Hall 60\u00b0\/120\u00b0 (identifica\u00e7\u00e3o autom\u00e1tica)<\/td>\n<\/tr>\n<tr style=\"height: 16.80pt;\">\n<td style=\"height: 16.80pt;\" height=\"16\">Tipo de protocolo<\/td>\n<td>Sem acordo\/Acordo de uma linha<\/td>\n<\/tr>\n<tr style=\"height: 16.80pt;\">\n<td style=\"height: 16.80pt;\" height=\"16\">Material<\/td>\n<td>Liga de alum\u00ednio<\/td>\n<\/tr>\n<tr style=\"height: 16.80pt;\">\n<td style=\"height: 16.80pt;\" height=\"16\">Peso<\/td>\n<td>1020G<\/td>\n<\/tr>\n<tr style=\"height: 16.80pt;\">\n<td style=\"height: 16.80pt;\" height=\"16\">Tamanho m\u00e1ximo<\/td>\n<td>191*110*51mm<\/td>\n<\/tr>\n<\/tbody>\n<\/table>","protected":false},"excerpt":{"rendered":"<p>Este controlador de onda sinusoidal de alto desempenho foi concebido para potentes motociclos el\u00e9ctricos, oferecendo reconhecimento autom\u00e1tico de tens\u00e3o em sistemas de 48V, 60V e 72V sem configura\u00e7\u00e3o manual. Proporciona um controlo inteligente da corrente de tr\u00eas velocidades atrav\u00e9s do inovador seletor PowerShift\u2122, permitindo uma comuta\u00e7\u00e3o perfeita entre os modos Eco (30A), Cruise (40A) e Beast (55A) para corresponder \u00e0s exig\u00eancias da condu\u00e7\u00e3o.<\/p>\n<p>Equipado com um funcionamento de forma de onda tripla, proporciona uma sa\u00edda de onda sinusoidal ultra-suave em todas as mudan\u00e7as, juntamente com uma onda quadrada manual e um backup autom\u00e1tico sem sensor. O sistema avan\u00e7ado \u00e0 prova de falhas muda instantaneamente para o modo sem sensor em caso de falha do sensor Hall, mantendo a velocidade da mudan\u00e7a atual para um funcionamento cont\u00ednuo e seguro.<\/p>\n<p>Com suporte de corrente de rutura por engrenagem (dependente da capacidade da bateria e do motor), sa\u00edda de alta precis\u00e3o e gest\u00e3o t\u00e9rmica robusta, este controlador garante um desempenho potente, adapt\u00e1vel e altamente fi\u00e1vel para aplica\u00e7\u00f5es de motos el\u00e9ctricas de alta pot\u00eancia.<\/p>","protected":false},"featured_media":1128,"comment_status":"closed","ping_status":"closed","template":"","meta":{"_acf_changed":false},"product_brand":[],"product_cat":[27],"product_tag":[],"class_list":{"0":"post-1125","1":"product","2":"type-product","3":"status-publish","4":"has-post-thumbnail","6":"product_cat-bldc-motor-controller","8":"first","9":"instock","10":"shipping-taxable","11":"product-type-simple"},"acf":[],"_links":{"self":[{"href":"https:\/\/jrahk.com\/pt\/wp-json\/wp\/v2\/product\/1125","targetHints":{"allow":["GET"]}}],"collection":[{"href":"https:\/\/jrahk.com\/pt\/wp-json\/wp\/v2\/product"}],"about":[{"href":"https:\/\/jrahk.com\/pt\/wp-json\/wp\/v2\/types\/product"}],"replies":[{"embeddable":true,"href":"https:\/\/jrahk.com\/pt\/wp-json\/wp\/v2\/comments?post=1125"}],"version-history":[{"count":6,"href":"https:\/\/jrahk.com\/pt\/wp-json\/wp\/v2\/product\/1125\/revisions"}],"predecessor-version":[{"id":1141,"href":"https:\/\/jrahk.com\/pt\/wp-json\/wp\/v2\/product\/1125\/revisions\/1141"}],"wp:featuredmedia":[{"embeddable":true,"href":"https:\/\/jrahk.com\/pt\/wp-json\/wp\/v2\/media\/1128"}],"wp:attachment":[{"href":"https:\/\/jrahk.com\/pt\/wp-json\/wp\/v2\/media?parent=1125"}],"wp:term":[{"taxonomy":"product_brand","embeddable":true,"href":"https:\/\/jrahk.com\/pt\/wp-json\/wp\/v2\/product_brand?post=1125"},{"taxonomy":"product_cat","embeddable":true,"href":"https:\/\/jrahk.com\/pt\/wp-json\/wp\/v2\/product_cat?post=1125"},{"taxonomy":"product_tag","embeddable":true,"href":"https:\/\/jrahk.com\/pt\/wp-json\/wp\/v2\/product_tag?post=1125"}],"curies":[{"name":"wp","href":"https:\/\/api.w.org\/{rel}","templated":true}]}}