{"id":1054,"date":"2025-09-16T19:46:25","date_gmt":"2025-09-16T19:46:25","guid":{"rendered":"https:\/\/jrahk.com\/?post_type=product&#038;p=1054"},"modified":"2026-04-11T09:13:51","modified_gmt":"2026-04-11T09:13:51","slug":"con002-15g-gd","status":"publish","type":"product","link":"https:\/\/jrahk.com\/pt\/con002-15g-gd\/","title":{"rendered":"CON002-15G-GD"},"content":{"rendered":"<div style=\"width: 100%;\">\n<table style=\"border-collapse: collapse; width: 100%;\" border=\"0\" cellspacing=\"0\" cellpadding=\"0\">\n<tbody>\n<tr>\n<td style=\"width: 50%;\">Tens\u00e3o<\/td>\n<td style=\"width: 50%;\">36V-48V-60V-64V-72V-84V<\/td>\n<\/tr>\n<tr>\n<td>Atual<\/td>\n<td>34A-40A<\/td>\n<\/tr>\n<tr>\n<td>Pot\u00eancia<\/td>\n<td>1000W-2000W<\/td>\n<\/tr>\n<tr>\n<td>Tr\u00eas modos<\/td>\n<td>Modo de onda sinusoidal (FOC), modo de onda quadrada, modo sem halteres<\/td>\n<\/tr>\n<tr>\n<td>Prote\u00e7\u00e3o<\/td>\n<td>Prote\u00e7\u00e3o contra sobreintensidade, sobretemperatura, paragem, subtens\u00e3o<\/td>\n<\/tr>\n<tr>\n<td>\u00c2ngulo de fase do motor<\/td>\n<td>Sensores Hall 60\u00b0\/120\u00b0 (identifica\u00e7\u00e3o autom\u00e1tica)<\/td>\n<\/tr>\n<tr>\n<td>Tipo de protocolo<\/td>\n<td>Sem acordo\/Acordo de uma linha<\/td>\n<\/tr>\n<tr>\n<td>Material<\/td>\n<td>Liga de alum\u00ednio<\/td>\n<\/tr>\n<tr>\n<td>Peso<\/td>\n<td>695G<\/td>\n<\/tr>\n<tr>\n<td>Tamanho m\u00e1ximo<\/td>\n<td>210*85*48mm<\/td>\n<\/tr>\n<\/tbody>\n<\/table>\n<\/div>","protected":false},"excerpt":{"rendered":"<p>Este controlador de onda sinusoidal el\u00e9ctrica de alto desempenho foi concebido para ser compat\u00edvel com bicicletas el\u00e9ctricas universais, oferecendo um piloto autom\u00e1tico de tens\u00e3o inteligente de 36V a 84V sem necessidade de configura\u00e7\u00e3o. Oferece modos de condu\u00e7\u00e3o vers\u00e1teis, incluindo Sine Wave para um funcionamento ultra-suave e silencioso, Square Wave para uma resposta de bin\u00e1rio instant\u00e2nea e o modo Sensorless como uma reserva de emerg\u00eancia fi\u00e1vel. Equipado com a tecnologia de seguran\u00e7a SafeRide\u2122, muda automaticamente para o funcionamento sem sensor em 200 ms ap\u00f3s uma falha do sensor Hall, mantendo a velocidade de 100% para viagens ininterruptas. Com elevada efici\u00eancia (at\u00e9 94%), controlo preciso da corrente (\u00b10,5A) e ampla compatibilidade de motores, garante uma experi\u00eancia de condu\u00e7\u00e3o tolerante a falhas, adapt\u00e1vel e suave em todas as viagens.<\/p>","protected":false},"featured_media":594,"comment_status":"closed","ping_status":"closed","template":"","meta":{"_acf_changed":false},"product_brand":[],"product_cat":[27,49],"product_tag":[],"class_list":{"0":"post-1054","1":"product","2":"type-product","3":"status-publish","4":"has-post-thumbnail","6":"product_cat-bldc-motor-controller","7":"product_cat-tri-mode-controllers","9":"first","10":"instock","11":"shipping-taxable","12":"product-type-simple"},"acf":[],"_links":{"self":[{"href":"https:\/\/jrahk.com\/pt\/wp-json\/wp\/v2\/product\/1054","targetHints":{"allow":["GET"]}}],"collection":[{"href":"https:\/\/jrahk.com\/pt\/wp-json\/wp\/v2\/product"}],"about":[{"href":"https:\/\/jrahk.com\/pt\/wp-json\/wp\/v2\/types\/product"}],"replies":[{"embeddable":true,"href":"https:\/\/jrahk.com\/pt\/wp-json\/wp\/v2\/comments?post=1054"}],"version-history":[{"count":12,"href":"https:\/\/jrahk.com\/pt\/wp-json\/wp\/v2\/product\/1054\/revisions"}],"predecessor-version":[{"id":2259,"href":"https:\/\/jrahk.com\/pt\/wp-json\/wp\/v2\/product\/1054\/revisions\/2259"}],"wp:featuredmedia":[{"embeddable":true,"href":"https:\/\/jrahk.com\/pt\/wp-json\/wp\/v2\/media\/594"}],"wp:attachment":[{"href":"https:\/\/jrahk.com\/pt\/wp-json\/wp\/v2\/media?parent=1054"}],"wp:term":[{"taxonomy":"product_brand","embeddable":true,"href":"https:\/\/jrahk.com\/pt\/wp-json\/wp\/v2\/product_brand?post=1054"},{"taxonomy":"product_cat","embeddable":true,"href":"https:\/\/jrahk.com\/pt\/wp-json\/wp\/v2\/product_cat?post=1054"},{"taxonomy":"product_tag","embeddable":true,"href":"https:\/\/jrahk.com\/pt\/wp-json\/wp\/v2\/product_tag?post=1054"}],"curies":[{"name":"wp","href":"https:\/\/api.w.org\/{rel}","templated":true}]}}