{"id":2257,"date":"2026-04-11T09:11:48","date_gmt":"2026-04-11T09:11:48","guid":{"rendered":"https:\/\/jrahk.com\/?post_type=product&#038;p=2257"},"modified":"2026-04-11T09:50:42","modified_gmt":"2026-04-11T09:50:42","slug":"con002-18g-sl50a","status":"publish","type":"product","link":"https:\/\/jrahk.com\/it\/con002-18g-sl50a\/","title":{"rendered":"CON002-18G-SL50A"},"content":{"rendered":"<div style=\"width: 100%;\">\n<table style=\"border-collapse: collapse; width: 100%;\" border=\"0\" cellspacing=\"0\" cellpadding=\"0\">\n<tbody>\n<tr>\n<td style=\"width: 50%;\">Tensione<\/td>\n<td style=\"width: 50%;\">48V-60V-64V-72V-84V<\/td>\n<\/tr>\n<tr>\n<td>Attuale<\/td>\n<td>45A-50A<\/td>\n<\/tr>\n<tr>\n<td>Potenza<\/td>\n<td><span data-slate-fragment=\"JTdCJTIyb2JqZWN0JTIyJTNBJTIyZG9jdW1lbnQlMjIlMkMlMjJkYXRhJTIyJTNBJTdCJTdEJTJDJTIybm9kZXMlMjIlM0ElNUIlN0IlMjJvYmplY3QlMjIlM0ElMjJibG9jayUyMiUyQyUyMnR5cGUlMjIlM0ElMjJkaXYlMjIlMkMlMjJpc1ZvaWQlMjIlM0FmYWxzZSUyQyUyMmRhdGElMjIlM0ElN0IlMjJjbGFzc05hbWUlMjIlM0ElMjJkZXRhaWxtb2R1bGVfaHRtbCUyMiU3RCUyQyUyMm5vZGVzJTIyJTNBJTVCJTdCJTIyb2JqZWN0JTIyJTNBJTIyYmxvY2slMjIlMkMlMjJ0eXBlJTIyJTNBJTIyZGl2JTIyJTJDJTIyaXNWb2lkJTIyJTNBZmFsc2UlMkMlMjJkYXRhJTIyJTNBJTdCJTIyY2xhc3NOYW1lJTIyJTNBJTIyZGV0YWlsLWRlc2MtZGVjb3JhdGUtcmljaHRleHQlMjIlN0QlMkMlMjJub2RlcyUyMiUzQSU1QiU3QiUyMm9iamVjdCUyMiUzQSUyMmJsb2NrJTIyJTJDJTIydHlwZSUyMiUzQSUyMmRpdiUyMiUyQyUyMmlzVm9pZCUyMiUzQWZhbHNlJTJDJTIyZGF0YSUyMiUzQSU3QiU3RCUyQyUyMm5vZGVzJTIyJTNBJTVCJTdCJTIyb2JqZWN0JTIyJTNBJTIyYmxvY2slMjIlMkMlMjJ0eXBlJTIyJTNBJTIyZGl2JTIyJTJDJTIyaXNWb2lkJTIyJTNBZmFsc2UlMkMlMjJkYXRhJTIyJTNBJTdCJTdEJTJDJTIybm9kZXMlMjIlM0ElNUIlN0IlMjJvYmplY3QlMjIlM0ElMjJibG9jayUyMiUyQyUyMnR5cGUlMjIlM0ElMjJkaXYlMjIlMkMlMjJpc1ZvaWQlMjIlM0FmYWxzZSUyQyUyMmRhdGElMjIlM0ElN0IlN0QlMkMlMjJub2RlcyUyMiUzQSU1QiU3QiUyMm9iamVjdCUyMiUzQSUyMmJsb2NrJTIyJTJDJTIydHlwZSUyMiUzQSUyMmRpdiUyMiUyQyUyMmlzVm9pZCUyMiUzQWZhbHNlJTJDJTIyZGF0YSUyMiUzQSU3QiU3RCUyQyUyMm5vZGVzJTIyJTNBJTVCJTdCJTIyb2JqZWN0JTIyJTNBJTIyYmxvY2slMjIlMkMlMjJ0eXBlJTIyJTNBJTIyZGl2JTIyJTJDJTIyaXNWb2lkJTIyJTNBZmFsc2UlMkMlMjJkYXRhJTIyJTNBJTdCJTdEJTJDJTIybm9kZXMlMjIlM0ElNUIlN0IlMjJvYmplY3QlMjIlM0ElMjJibG9jayUyMiUyQyUyMnR5cGUlMjIlM0ElMjJ1bm9yZGVyZWRfbGlzdCUyMiUyQyUyMmlzVm9pZCUyMiUzQWZhbHNlJTJDJTIyZGF0YSUyMiUzQSU3QiU3RCUyQyUyMm5vZGVzJTIyJTNBJTVCJTdCJTIyb2JqZWN0JTIyJTNBJTIyYmxvY2slMjIlMkMlMjJ0eXBlJTIyJTNBJTIybGlzdF9pdGVtJTIyJTJDJTIyaXNWb2lkJTIyJTNBZmFsc2UlMkMlMjJkYXRhJTIyJTNBJTdCJTdEJTJDJTIybm9kZXMlMjIlM0ElNUIlN0IlMjJvYmplY3QlMjIlM0ElMjJibG9jayUyMiUyQyUyMnR5cGUlMjIlM0ElMjJwYXJhZ3JhcGglMjIlMkMlMjJpc1ZvaWQlMjIlM0FmYWxzZSUyQyUyMmRhdGElMjIlM0ElN0IlMjJhbGlnbiUyMiUzQSUyMmxlZnQlMjIlMkMlMjJzdHlsZSUyMiUzQSU3QiUyMmZvbnRXZWlnaHQlMjIlM0ElMjJub3JtYWwlMjIlMkMlMjJ0ZXh0QWxpZ24lMjIlM0ElMjJsZWZ0JTIyJTJDJTIyZGlzcGxheSUyMiUzQSUyMmJsb2NrJTIyJTJDJTIyd2lkdGglMjIlM0ElMjIxMDAlMjUlMjIlN0QlN0QlMkMlMjJub2RlcyUyMiUzQSU1QiU3QiUyMm9iamVjdCUyMiUzQSUyMnRleHQlMjIlMkMlMjJsZWF2ZXMlMjIlM0ElNUIlN0IlMjJvYmplY3QlMjIlM0ElMjJsZWFmJTIyJTJDJTIydGV4dCUyMiUzQSUyMjI1MDBXLTMwMDBXJTIyJTJDJTIybWFya3MlMjIlM0ElNUIlNUQlN0QlNUQlN0QlNUQlN0QlNUQlN0QlNUQlN0QlNUQlN0QlNUQlN0QlNUQlN0QlNUQlN0QlNUQlN0QlNUQlN0QlNUQlN0QlNUQlN0Q=\">2500W-3000W<\/span><\/td>\n<\/tr>\n<tr>\n<td>Tre modalit\u00e0<\/td>\n<td>Modalit\u00e0 onda quadra, modalit\u00e0 Hallless<\/td>\n<\/tr>\n<tr>\n<td>Protezione<\/td>\n<td>Protezione da sovracorrente, sovratemperatura, stallo e sottotensione<\/td>\n<\/tr>\n<tr>\n<td>Angolo di fase del motore<\/td>\n<td>Sensori Hall 60\u00b0\/120\u00b0 (identificazione automatica)<\/td>\n<\/tr>\n<tr>\n<td>Tipo di protocollo<\/td>\n<td>Nessun accordo\/Accordo in linea<\/td>\n<\/tr>\n<tr>\n<td>Materiale<\/td>\n<td>Lega di alluminio<\/td>\n<\/tr>\n<tr>\n<td>Peso<\/td>\n<td>1044G<\/td>\n<\/tr>\n<tr>\n<td>Dimensione massima<\/td>\n<td>195*105*60 mm<\/td>\n<\/tr>\n<tr>\n<td>Caratteristiche<\/td>\n<td>Velocit\u00e0 di avanzamento = Velocit\u00e0 di retromarcia<\/td>\n<\/tr>\n<\/tbody>\n<\/table>\n<\/div>","protected":false},"excerpt":{"rendered":"<p>Questo regolatore elettrico a onda quadra ad alte prestazioni \u00e8 stato progettato per gli appassionati del fai-da-te e rappresenta un passo avanti garantendo velocit\u00e0 in avanti e in retromarcia assolutamente costanti: la potenza erogata, la risposta di coppia e la velocit\u00e0 massima sono identiche sia in avanti che in retromarcia. La retromarcia non \u00e8 pi\u00f9 una modalit\u00e0 di riserva \u201cimprovvisata\u201d, ma una vera e propria marcia indietro a tutta velocit\u00e0, che consente di fare drifting in retromarcia. Il sistema \u00e8 in grado di regolare in modo intelligente e automatico la tensione all'interno di un intervallo di tensione compreso tra 48 V e 84 V senza alcuna configurazione. Offre diverse modalit\u00e0 di guida, tra cui una modalit\u00e0 a onda quadra per una risposta immediata alla coppia e una modalit\u00e0 senza sensore come backup di emergenza affidabile. Le identiche velocit\u00e0 di marcia avanti e indietro garantiscono prestazioni equilibrate in entrambe le direzioni, soddisfacendo le esigenze delle applicazioni che richiedono un controllo preciso dell'inversione. Dotato della tecnologia di protezione dai guasti SafeRide\u2122, il controller passa automaticamente alla modalit\u00e0 sensorless entro 200 millisecondi in caso di guasto del sensore Hall, mantenendo la velocit\u00e0 di 100% e assicurando una guida ininterrotta. L'elevata efficienza fino a 94%, il controllo preciso della corrente (\u00b10,5A) e l'ampia compatibilit\u00e0 dei motori garantiscono un'esperienza di tolleranza agli errori, adattabilit\u00e0 e fluidit\u00e0 in ogni corsa.<\/p>","protected":false},"featured_media":2265,"comment_status":"closed","ping_status":"closed","template":"","meta":{"_acf_changed":false},"product_brand":[],"product_cat":[27,50],"product_tag":[],"class_list":{"0":"post-2257","1":"product","2":"type-product","3":"status-publish","4":"has-post-thumbnail","6":"product_cat-bldc-motor-controller","7":"product_cat-dual-mode-controllers","9":"first","10":"instock","11":"shipping-taxable","12":"product-type-simple"},"acf":[],"_links":{"self":[{"href":"https:\/\/jrahk.com\/it\/wp-json\/wp\/v2\/product\/2257","targetHints":{"allow":["GET"]}}],"collection":[{"href":"https:\/\/jrahk.com\/it\/wp-json\/wp\/v2\/product"}],"about":[{"href":"https:\/\/jrahk.com\/it\/wp-json\/wp\/v2\/types\/product"}],"replies":[{"embeddable":true,"href":"https:\/\/jrahk.com\/it\/wp-json\/wp\/v2\/comments?post=2257"}],"version-history":[{"count":1,"href":"https:\/\/jrahk.com\/it\/wp-json\/wp\/v2\/product\/2257\/revisions"}],"predecessor-version":[{"id":2267,"href":"https:\/\/jrahk.com\/it\/wp-json\/wp\/v2\/product\/2257\/revisions\/2267"}],"wp:featuredmedia":[{"embeddable":true,"href":"https:\/\/jrahk.com\/it\/wp-json\/wp\/v2\/media\/2265"}],"wp:attachment":[{"href":"https:\/\/jrahk.com\/it\/wp-json\/wp\/v2\/media?parent=2257"}],"wp:term":[{"taxonomy":"product_brand","embeddable":true,"href":"https:\/\/jrahk.com\/it\/wp-json\/wp\/v2\/product_brand?post=2257"},{"taxonomy":"product_cat","embeddable":true,"href":"https:\/\/jrahk.com\/it\/wp-json\/wp\/v2\/product_cat?post=2257"},{"taxonomy":"product_tag","embeddable":true,"href":"https:\/\/jrahk.com\/it\/wp-json\/wp\/v2\/product_tag?post=2257"}],"curies":[{"name":"wp","href":"https:\/\/api.w.org\/{rel}","templated":true}]}}