{"id":2222,"date":"2026-04-11T08:48:28","date_gmt":"2026-04-11T08:48:28","guid":{"rendered":"https:\/\/jrahk.com\/?post_type=product&#038;p=2222"},"modified":"2026-04-11T08:51:07","modified_gmt":"2026-04-11T08:51:07","slug":"con008b-9g-kit-wxgn301","status":"publish","type":"product","link":"https:\/\/jrahk.com\/it\/con008b-9g-kit-wxgn301\/","title":{"rendered":"CON008B-9G kit-WXGN301"},"content":{"rendered":"<div style=\"width: 100%;\">\n<table style=\"border-collapse: collapse; width: 100%;\" border=\"0\" cellspacing=\"0\" cellpadding=\"0\">\n<tbody>\n<tr>\n<td style=\"width: 50%;\">Tensione<\/td>\n<td style=\"width: 50%;\">36V-48V-52V-60V-72V<\/td>\n<\/tr>\n<tr>\n<td>Attuale<\/td>\n<td>20A-26A<\/td>\n<\/tr>\n<tr>\n<td>Potenza<\/td>\n<td>400W-600W<\/td>\n<\/tr>\n<tr>\n<td>Tre modalit\u00e0<\/td>\n<td>Modalit\u00e0 sinusoidale (FOC), modalit\u00e0 onda quadra, modalit\u00e0 Hallless<\/td>\n<\/tr>\n<tr>\n<td>Protezione<\/td>\n<td>Protezione da sovracorrente, sovratemperatura, stallo e sottotensione<\/td>\n<\/tr>\n<tr>\n<td>Angolo di fase del motore<\/td>\n<td>Sensori Hall 60\u00b0\/120\u00b0 (identificazione automatica)<\/td>\n<\/tr>\n<tr>\n<td>Tipo di protocollo<\/td>\n<td>UART2<\/td>\n<\/tr>\n<tr>\n<td>Materiale<\/td>\n<td>Lega di alluminio<\/td>\n<\/tr>\n<tr>\n<td>Peso<\/td>\n<td>862G<\/td>\n<\/tr>\n<tr>\n<td>Dimensioni della confezione<\/td>\n<td>230*130*80 mm<\/td>\n<\/tr>\n<\/tbody>\n<\/table>\n<\/div>","protected":false},"excerpt":{"rendered":"<p>Questo regolatore elettrico a onda sinusoidale ad alte prestazioni \u00e8 stato progettato per la compatibilit\u00e0 universale con le biciclette elettriche e offre un autopilota intelligente della tensione da 36 V a 72 V senza necessit\u00e0 di configurazione. Offre modalit\u00e0 di guida versatili, tra cui l'onda sinusoidale per un funzionamento ultra-liscio e silenzioso, l'onda quadra per una risposta immediata alla coppia e la modalit\u00e0 Sensorless come affidabile backup di emergenza. Dotato della tecnologia fail-safe SafeRide\u2122, passa automaticamente al funzionamento sensorless entro 200 ms in caso di guasto del sensore di Hall, mantenendo la velocit\u00e0 di 100% per corse ininterrotte. Grazie all'elevata efficienza (fino a 94%), al controllo accurato della corrente (\u00b10,5A) e all'ampia compatibilit\u00e0 con i motori, garantisce un'esperienza di guida tollerante agli errori, adattabile e fluida per ogni viaggio.<\/p>","protected":false},"featured_media":2202,"comment_status":"closed","ping_status":"closed","template":"","meta":{"_acf_changed":false},"product_brand":[],"product_cat":[52,53],"product_tag":[],"class_list":{"0":"post-2222","1":"product","2":"type-product","3":"status-publish","4":"has-post-thumbnail","6":"product_cat-bldc-motor-controller-kit","7":"product_cat-tri-mode-kit-controllers","9":"first","10":"instock","11":"shipping-taxable","12":"product-type-simple"},"acf":[],"_links":{"self":[{"href":"https:\/\/jrahk.com\/it\/wp-json\/wp\/v2\/product\/2222","targetHints":{"allow":["GET"]}}],"collection":[{"href":"https:\/\/jrahk.com\/it\/wp-json\/wp\/v2\/product"}],"about":[{"href":"https:\/\/jrahk.com\/it\/wp-json\/wp\/v2\/types\/product"}],"replies":[{"embeddable":true,"href":"https:\/\/jrahk.com\/it\/wp-json\/wp\/v2\/comments?post=2222"}],"version-history":[{"count":1,"href":"https:\/\/jrahk.com\/it\/wp-json\/wp\/v2\/product\/2222\/revisions"}],"predecessor-version":[{"id":2225,"href":"https:\/\/jrahk.com\/it\/wp-json\/wp\/v2\/product\/2222\/revisions\/2225"}],"wp:featuredmedia":[{"embeddable":true,"href":"https:\/\/jrahk.com\/it\/wp-json\/wp\/v2\/media\/2202"}],"wp:attachment":[{"href":"https:\/\/jrahk.com\/it\/wp-json\/wp\/v2\/media?parent=2222"}],"wp:term":[{"taxonomy":"product_brand","embeddable":true,"href":"https:\/\/jrahk.com\/it\/wp-json\/wp\/v2\/product_brand?post=2222"},{"taxonomy":"product_cat","embeddable":true,"href":"https:\/\/jrahk.com\/it\/wp-json\/wp\/v2\/product_cat?post=2222"},{"taxonomy":"product_tag","embeddable":true,"href":"https:\/\/jrahk.com\/it\/wp-json\/wp\/v2\/product_tag?post=2222"}],"curies":[{"name":"wp","href":"https:\/\/api.w.org\/{rel}","templated":true}]}}