{"id":2161,"date":"2026-03-30T08:56:29","date_gmt":"2026-03-30T08:56:29","guid":{"rendered":"https:\/\/jrahk.com\/?post_type=product&#038;p=2161"},"modified":"2026-03-30T09:03:16","modified_gmt":"2026-03-30T09:03:16","slug":"con003-6g-200kit","status":"publish","type":"product","link":"https:\/\/jrahk.com\/it\/con003-6g-200kit\/","title":{"rendered":"CON003-6G-200kit"},"content":{"rendered":"<div style=\"width: 100%;\">\n<table style=\"border-collapse: collapse; width: 100%;\" border=\"0\" cellspacing=\"0\" cellpadding=\"0\">\n<tbody>\n<tr>\n<td style=\"width: 50%;\">Tensione<\/td>\n<td style=\"width: 50%;\">36V-48V-52V-60V<\/td>\n<\/tr>\n<tr>\n<td>Attuale<\/td>\n<td>7A-20A<\/td>\n<\/tr>\n<tr>\n<td>Potenza<\/td>\n<td>250W-400W<\/td>\n<\/tr>\n<tr>\n<td>Tre modalit\u00e0<\/td>\n<td>Modalit\u00e0 onda quadra, modalit\u00e0 Hallless<\/td>\n<\/tr>\n<tr>\n<td>Protezione<\/td>\n<td>Protezione da sovracorrente, sovratemperatura, stallo e sottotensione<\/td>\n<\/tr>\n<tr>\n<td>Angolo di fase del motore<\/td>\n<td>Sensori Hall 60\u00b0\/120\u00b0 (identificazione automatica)<\/td>\n<\/tr>\n<tr>\n<td>Tipo di protocollo<\/td>\n<td>UART2<\/td>\n<\/tr>\n<tr>\n<td>Materiale<\/td>\n<td>Lega di alluminio<\/td>\n<\/tr>\n<tr>\n<td>Peso<\/td>\n<td>367G<\/td>\n<\/tr>\n<tr>\n<td>Dimensione del pacchetto20<\/td>\n<td>20*130*60mm<\/td>\n<\/tr>\n<\/tbody>\n<\/table>\n<\/div>","protected":false},"excerpt":{"rendered":"<p>Questo controller elettrico a onda sinusoidale ad alte prestazioni \u00e8 progettato per le biciclette elettriche universali e consente una regolazione automatica intelligente della tensione da 36 V a 60 V senza alcuna configurazione. Offre diverse modalit\u00e0 di guida, tra cui una modalit\u00e0 a onda quadra per una risposta di coppia istantanea e un'affidabile modalit\u00e0 di backup di emergenza - modalit\u00e0 senza sensore. Dotato della tecnologia di protezione dagli errori SafeRide\u2122, il controller passa automaticamente alla modalit\u00e0 sensorless entro 200 millisecondi in caso di guasto del sensore Hall, mantenendo la velocit\u00e0 di 100% per garantire una guida ininterrotta. Con un'efficienza fino a 94%, un controllo preciso della corrente (\u00b10,5A) e un'ampia compatibilit\u00e0 con i motori, offre un'esperienza di guida tollerante agli errori, adattabile e fluida per ogni viaggio.<\/p>","protected":false},"featured_media":2149,"comment_status":"closed","ping_status":"closed","template":"","meta":{"_acf_changed":false},"product_brand":[],"product_cat":[52,54],"product_tag":[],"class_list":{"0":"post-2161","1":"product","2":"type-product","3":"status-publish","4":"has-post-thumbnail","6":"product_cat-bldc-motor-controller-kit","7":"product_cat-dual-mode-kit-controllers","9":"first","10":"instock","11":"shipping-taxable","12":"product-type-simple"},"acf":[],"_links":{"self":[{"href":"https:\/\/jrahk.com\/it\/wp-json\/wp\/v2\/product\/2161","targetHints":{"allow":["GET"]}}],"collection":[{"href":"https:\/\/jrahk.com\/it\/wp-json\/wp\/v2\/product"}],"about":[{"href":"https:\/\/jrahk.com\/it\/wp-json\/wp\/v2\/types\/product"}],"replies":[{"embeddable":true,"href":"https:\/\/jrahk.com\/it\/wp-json\/wp\/v2\/comments?post=2161"}],"version-history":[{"count":2,"href":"https:\/\/jrahk.com\/it\/wp-json\/wp\/v2\/product\/2161\/revisions"}],"predecessor-version":[{"id":2171,"href":"https:\/\/jrahk.com\/it\/wp-json\/wp\/v2\/product\/2161\/revisions\/2171"}],"wp:featuredmedia":[{"embeddable":true,"href":"https:\/\/jrahk.com\/it\/wp-json\/wp\/v2\/media\/2149"}],"wp:attachment":[{"href":"https:\/\/jrahk.com\/it\/wp-json\/wp\/v2\/media?parent=2161"}],"wp:term":[{"taxonomy":"product_brand","embeddable":true,"href":"https:\/\/jrahk.com\/it\/wp-json\/wp\/v2\/product_brand?post=2161"},{"taxonomy":"product_cat","embeddable":true,"href":"https:\/\/jrahk.com\/it\/wp-json\/wp\/v2\/product_cat?post=2161"},{"taxonomy":"product_tag","embeddable":true,"href":"https:\/\/jrahk.com\/it\/wp-json\/wp\/v2\/product_tag?post=2161"}],"curies":[{"name":"wp","href":"https:\/\/api.w.org\/{rel}","templated":true}]}}