{"id":1810,"date":"2026-01-07T08:15:18","date_gmt":"2026-01-07T08:15:18","guid":{"rendered":"https:\/\/jrahk.com\/?post_type=product&#038;p=1810"},"modified":"2026-02-06T08:32:46","modified_gmt":"2026-02-06T08:32:46","slug":"con002-6g-gd","status":"publish","type":"product","link":"https:\/\/jrahk.com\/it\/con002-6g-gd\/","title":{"rendered":"CON002-6G-GD"},"content":{"rendered":"<div style=\"width: 100%;\">\n<table style=\"border-collapse: collapse; width: 100%;\" border=\"0\" cellspacing=\"0\" cellpadding=\"0\">\n<tbody>\n<tr>\n<td style=\"width: 50%;\">Tensione<\/td>\n<td style=\"width: 50%;\">\u00a036V-48V-52V<\/td>\n<\/tr>\n<tr>\n<td>Attuale<\/td>\n<td>18A<\/td>\n<\/tr>\n<tr>\n<td>Potenza<\/td>\n<td>350W<\/td>\n<\/tr>\n<tr>\n<td>Tre modalit\u00e0<\/td>\n<td>Modalit\u00e0 sinusoidale (FOC), modalit\u00e0 onda quadra, modalit\u00e0 Hallless<\/td>\n<\/tr>\n<tr>\n<td>Protezione<\/td>\n<td>Protezione da sovracorrente, sovratemperatura, stallo e sottotensione<\/td>\n<\/tr>\n<tr>\n<td>Angolo di fase del motore<\/td>\n<td>Sensori Hall 60\u00b0\/120\u00b0 (identificazione automatica)<\/td>\n<\/tr>\n<tr>\n<td>Tipo di protocollo<\/td>\n<td>Nessun accordo\/Accordo in linea<\/td>\n<\/tr>\n<tr>\n<td>Materiale<\/td>\n<td>Lega di alluminio<\/td>\n<\/tr>\n<tr>\n<td>Peso<\/td>\n<td>300G<\/td>\n<\/tr>\n<tr>\n<td>Dimensione massima<\/td>\n<td>130*75*35 mm<\/td>\n<\/tr>\n<\/tbody>\n<\/table>\n<\/div>","protected":false},"excerpt":{"rendered":"<p>Questo regolatore elettrico a onda sinusoidale ad alte prestazioni \u00e8 stato progettato per la compatibilit\u00e0 universale con le biciclette elettriche e offre un autopilota intelligente della tensione da 36 V a 52 V senza necessit\u00e0 di configurazione. Offre modalit\u00e0 di guida versatili, tra cui l'onda sinusoidale per un funzionamento ultra-liscio e silenzioso, l'onda quadra per una risposta immediata alla coppia e la modalit\u00e0 Sensorless come affidabile backup di emergenza. Dotato della tecnologia fail-safe SafeRide\u2122, passa automaticamente al funzionamento sensorless entro 200 ms in caso di guasto del sensore di Hall, mantenendo la velocit\u00e0 di 100% per corse ininterrotte. Grazie all'elevata efficienza (fino a 94%), al controllo accurato della corrente (\u00b10,5A) e all'ampia compatibilit\u00e0 con i motori, garantisce un'esperienza di guida tollerante agli errori, adattabile e fluida per ogni viaggio.<\/p>","protected":false},"featured_media":1812,"comment_status":"closed","ping_status":"closed","template":"","meta":{"_acf_changed":false},"product_brand":[],"product_cat":[27,49],"product_tag":[],"class_list":{"0":"post-1810","1":"product","2":"type-product","3":"status-publish","4":"has-post-thumbnail","6":"product_cat-bldc-motor-controller","7":"product_cat-tri-mode-controllers","9":"first","10":"instock","11":"shipping-taxable","12":"product-type-simple"},"acf":[],"_links":{"self":[{"href":"https:\/\/jrahk.com\/it\/wp-json\/wp\/v2\/product\/1810","targetHints":{"allow":["GET"]}}],"collection":[{"href":"https:\/\/jrahk.com\/it\/wp-json\/wp\/v2\/product"}],"about":[{"href":"https:\/\/jrahk.com\/it\/wp-json\/wp\/v2\/types\/product"}],"replies":[{"embeddable":true,"href":"https:\/\/jrahk.com\/it\/wp-json\/wp\/v2\/comments?post=1810"}],"version-history":[{"count":1,"href":"https:\/\/jrahk.com\/it\/wp-json\/wp\/v2\/product\/1810\/revisions"}],"predecessor-version":[{"id":1818,"href":"https:\/\/jrahk.com\/it\/wp-json\/wp\/v2\/product\/1810\/revisions\/1818"}],"wp:featuredmedia":[{"embeddable":true,"href":"https:\/\/jrahk.com\/it\/wp-json\/wp\/v2\/media\/1812"}],"wp:attachment":[{"href":"https:\/\/jrahk.com\/it\/wp-json\/wp\/v2\/media?parent=1810"}],"wp:term":[{"taxonomy":"product_brand","embeddable":true,"href":"https:\/\/jrahk.com\/it\/wp-json\/wp\/v2\/product_brand?post=1810"},{"taxonomy":"product_cat","embeddable":true,"href":"https:\/\/jrahk.com\/it\/wp-json\/wp\/v2\/product_cat?post=1810"},{"taxonomy":"product_tag","embeddable":true,"href":"https:\/\/jrahk.com\/it\/wp-json\/wp\/v2\/product_tag?post=1810"}],"curies":[{"name":"wp","href":"https:\/\/api.w.org\/{rel}","templated":true}]}}