{"id":1166,"date":"2025-09-18T23:37:46","date_gmt":"2025-09-18T23:37:46","guid":{"rendered":"https:\/\/jrahk.com\/?post_type=product&#038;p=1166"},"modified":"2025-10-29T07:45:21","modified_gmt":"2025-10-29T07:45:21","slug":"con008-15sine-301","status":"publish","type":"product","link":"https:\/\/jrahk.com\/it\/con008-15sine-301\/","title":{"rendered":"CON008-15sine-301"},"content":{"rendered":"<table style=\"border-collapse: collapse; width: 100%;\" border=\"0\" width=\"459\" cellspacing=\"0\" cellpadding=\"0\">\n<tbody>\n<tr style=\"height: 16.80pt;\">\n<td style=\"height: 16.80pt; width: 250.90pt;\" width=\"250\" height=\"16\">Tensione<\/td>\n<td style=\"width: 208.65pt;\" width=\"208\">36V-48V-52V-60V-72V<\/td>\n<\/tr>\n<tr style=\"height: 16.80pt;\">\n<td style=\"height: 16.80pt;\" height=\"16\">Attuale<\/td>\n<td>34A-40A<\/td>\n<\/tr>\n<tr style=\"height: 16.80pt;\">\n<td style=\"height: 16.80pt;\" height=\"16\">Potenza<\/td>\n<td>1000W-2000W<\/td>\n<\/tr>\n<tr style=\"height: 45.00pt;\">\n<td style=\"height: 45.00pt;\" height=\"45\">Tre modalit\u00e0<\/td>\n<td class=\"et3\" style=\"width: 208.65pt;\" width=\"208\">Modalit\u00e0 sinusoidale (FOC), modalit\u00e0 onda quadra, modalit\u00e0 Hallless<\/td>\n<\/tr>\n<tr style=\"height: 34.00pt;\">\n<td style=\"height: 34.00pt;\" height=\"34\">Protezione<\/td>\n<td class=\"et3\" style=\"width: 208.65pt;\" width=\"208\">Protezione da sovracorrente, sovratemperatura, stallo e sottotensione<\/td>\n<\/tr>\n<tr style=\"height: 33.00pt;\">\n<td style=\"height: 33.00pt;\" height=\"33\">Angolo di fase del motore<\/td>\n<td class=\"et3\" style=\"width: 208.65pt;\" width=\"208\">Sensori Hall 60\u00b0\/120\u00b0 (identificazione automatica)<\/td>\n<\/tr>\n<tr style=\"height: 16.80pt;\">\n<td style=\"height: 16.80pt;\" height=\"16\">Tipo di protocollo<\/td>\n<td>Nessun accordo\/Accordo in linea<\/td>\n<\/tr>\n<tr style=\"height: 16.80pt;\">\n<td style=\"height: 16.80pt;\" height=\"16\">Materiale<\/td>\n<td>Lega di alluminio<\/td>\n<\/tr>\n<tr style=\"height: 16.80pt;\">\n<td style=\"height: 16.80pt;\" height=\"16\">Peso<\/td>\n<td>1100G<\/td>\n<\/tr>\n<tr style=\"height: 16.80pt;\">\n<td style=\"height: 16.80pt;\" height=\"16\">Dimensione massima<\/td>\n<td>211*88*48 mm<\/td>\n<\/tr>\n<\/tbody>\n<\/table>","protected":false},"excerpt":{"rendered":"<p>Questo avanzato kit di controller a onda sinusoidale \u00e8 stato progettato per la compatibilit\u00e0 universale con le e-bike, offrendo un riconoscimento automatico intelligente della tensione da 36 V a 72 V senza alcuna configurazione manuale. Supporta il funzionamento a tripla forma d'onda: onda sinusoidale per corse ultra-lisce e silenziose, onda quadra per le richieste di coppia elevata e onda quadra senza sensore come sicurezza istantanea, consentendo la selezione manuale o il ripiego automatico in caso di guasto del sensore di Hall.<\/p>\n<p>Dotato di un display OLED impermeabile SpeedDial\u2122, consente di limitare la velocit\u00e0 in tempo reale, programmabile tra 25-80 km\/h. L'innovativo sistema Hall 2.0 offre il rilevamento automatico e la compatibilit\u00e0 con i sensori Hall a 5 e 6 fili senza ponticelli. In caso di guasto, il sistema passa alla modalit\u00e0 a onda quadra senza sensore entro 300 ms, mantenendo la velocit\u00e0 di 100% con meno di 2 secondi di vibrazioni all'avvio per un funzionamento ininterrotto e affidabile.<\/p>\n<p>Progettato per garantire prestazioni a prova di futuro, assicura un ampio supporto al motore, un'elevata efficienza e un controllo robusto, rendendolo ideale per il commuting quotidiano e le applicazioni ciclistiche ad alta potenza.<\/p>","protected":false},"featured_media":1167,"comment_status":"closed","ping_status":"closed","template":"","meta":{"_acf_changed":false},"product_brand":[],"product_cat":[52],"product_tag":[],"class_list":{"0":"post-1166","1":"product","2":"type-product","3":"status-publish","4":"has-post-thumbnail","6":"product_cat-bldc-motor-controller-kit","8":"first","9":"instock","10":"shipping-taxable","11":"product-type-simple"},"acf":[],"_links":{"self":[{"href":"https:\/\/jrahk.com\/it\/wp-json\/wp\/v2\/product\/1166","targetHints":{"allow":["GET"]}}],"collection":[{"href":"https:\/\/jrahk.com\/it\/wp-json\/wp\/v2\/product"}],"about":[{"href":"https:\/\/jrahk.com\/it\/wp-json\/wp\/v2\/types\/product"}],"replies":[{"embeddable":true,"href":"https:\/\/jrahk.com\/it\/wp-json\/wp\/v2\/comments?post=1166"}],"version-history":[{"count":4,"href":"https:\/\/jrahk.com\/it\/wp-json\/wp\/v2\/product\/1166\/revisions"}],"predecessor-version":[{"id":1264,"href":"https:\/\/jrahk.com\/it\/wp-json\/wp\/v2\/product\/1166\/revisions\/1264"}],"wp:featuredmedia":[{"embeddable":true,"href":"https:\/\/jrahk.com\/it\/wp-json\/wp\/v2\/media\/1167"}],"wp:attachment":[{"href":"https:\/\/jrahk.com\/it\/wp-json\/wp\/v2\/media?parent=1166"}],"wp:term":[{"taxonomy":"product_brand","embeddable":true,"href":"https:\/\/jrahk.com\/it\/wp-json\/wp\/v2\/product_brand?post=1166"},{"taxonomy":"product_cat","embeddable":true,"href":"https:\/\/jrahk.com\/it\/wp-json\/wp\/v2\/product_cat?post=1166"},{"taxonomy":"product_tag","embeddable":true,"href":"https:\/\/jrahk.com\/it\/wp-json\/wp\/v2\/product_tag?post=1166"}],"curies":[{"name":"wp","href":"https:\/\/api.w.org\/{rel}","templated":true}]}}