{"id":1152,"date":"2025-09-18T23:32:24","date_gmt":"2025-09-18T23:32:24","guid":{"rendered":"https:\/\/jrahk.com\/?post_type=product&#038;p=1152"},"modified":"2025-10-29T08:05:03","modified_gmt":"2025-10-29T08:05:03","slug":"con003-15g-200kit","status":"publish","type":"product","link":"https:\/\/jrahk.com\/it\/con003-15g-200kit\/","title":{"rendered":"CON003-15G-200kit"},"content":{"rendered":"<table width=\"100%\">\n<tbody>\n<tr>\n<td width=\"250\">Tensione<\/td>\n<td width=\"208\">36V-48V-52V-60V-72V<\/td>\n<\/tr>\n<tr>\n<td>Attuale<\/td>\n<td>34A-40A<\/td>\n<\/tr>\n<tr>\n<td>Potenza<\/td>\n<td>1000W-2000W<\/td>\n<\/tr>\n<tr>\n<td>Doppia modalit\u00e0<\/td>\n<td width=\"208\">\u00a0Modalit\u00e0 onda quadra, modalit\u00e0 Hallless<\/td>\n<\/tr>\n<tr>\n<td>Protezione<\/td>\n<td width=\"208\">Protezione da sovracorrente, sovratemperatura, stallo e sottotensione<\/td>\n<\/tr>\n<tr>\n<td>Angolo di fase del motore<\/td>\n<td width=\"208\">Sensori Hall 60\u00b0\/120\u00b0 (identificazione automatica)<\/td>\n<\/tr>\n<tr>\n<td>Tipo di protocollo<\/td>\n<td>Nessun accordo\/Accordo in linea<\/td>\n<\/tr>\n<tr>\n<td>Materiale<\/td>\n<td>Lega di alluminio<\/td>\n<\/tr>\n<tr>\n<td>Peso<\/td>\n<td>940G<\/td>\n<\/tr>\n<tr>\n<td>Dimensione massima<\/td>\n<td>211*88*48 mm<\/td>\n<\/tr>\n<\/tbody>\n<\/table>","protected":false},"excerpt":{"rendered":"<p>Questo kit di controller intelligente a onda quadra \u00e8 progettato per un'ampia gamma di sistemi e-bike compatibili. \u00c8 dotato di riconoscimento automatico della tensione da un'ampia gamma di 36 V a 72 V, garantendo un'installazione e un funzionamento immediati senza necessit\u00e0 di impostazioni manuali. Offre due modalit\u00e0 di azionamento: la modalit\u00e0 a onda quadra per un'erogazione di coppia robusta e la modalit\u00e0 a onda quadra senza sensore come sistema di sicurezza. Questa modalit\u00e0 pu\u00f2 essere commutata manualmente o automaticamente in caso di guasto del sensore a effetto Hall.<\/p>\n<p>Il kit \u00e8 dotato di un display OLED impermeabile SpeedDial\u2122 con limiti di velocit\u00e0 regolabili in tempo reale tra 25 e 80 km\/h, per soddisfare le diverse esigenze di guida. Utilizzando la tecnologia di ultima generazione Hall Effect System 2.0, riconosce automaticamente i sensori a effetto Hall a cinque e sei fili, eliminando la necessit\u00e0 di ponticelli o configurazioni aggiuntive. Se viene rilevato un guasto all'effetto Hall, il sistema passa senza problemi alla modalit\u00e0 a onda quadra senza sensore entro 300 millisecondi, mantenendo la potenza di uscita di 100% e riducendo la vibrazione di avvio a meno di 2 secondi, migliorando significativamente l'affidabilit\u00e0 del sistema.<\/p>\n<p>Il design lungimirante di questo prodotto garantisce un'ampia compatibilit\u00e0 con i motori e un controllo efficiente, combinando prestazioni elevate con un'alta affidabilit\u00e0, rendendolo ideale per il pendolarismo quotidiano e la guida di biciclette elettriche ad alta potenza.<\/p>","protected":false},"featured_media":1154,"comment_status":"closed","ping_status":"closed","template":"","meta":{"_acf_changed":false},"product_brand":[],"product_cat":[52],"product_tag":[],"class_list":{"0":"post-1152","1":"product","2":"type-product","3":"status-publish","4":"has-post-thumbnail","6":"product_cat-bldc-motor-controller-kit","8":"first","9":"instock","10":"shipping-taxable","11":"product-type-simple"},"acf":[],"_links":{"self":[{"href":"https:\/\/jrahk.com\/it\/wp-json\/wp\/v2\/product\/1152","targetHints":{"allow":["GET"]}}],"collection":[{"href":"https:\/\/jrahk.com\/it\/wp-json\/wp\/v2\/product"}],"about":[{"href":"https:\/\/jrahk.com\/it\/wp-json\/wp\/v2\/types\/product"}],"replies":[{"embeddable":true,"href":"https:\/\/jrahk.com\/it\/wp-json\/wp\/v2\/comments?post=1152"}],"version-history":[{"count":4,"href":"https:\/\/jrahk.com\/it\/wp-json\/wp\/v2\/product\/1152\/revisions"}],"predecessor-version":[{"id":1187,"href":"https:\/\/jrahk.com\/it\/wp-json\/wp\/v2\/product\/1152\/revisions\/1187"}],"wp:featuredmedia":[{"embeddable":true,"href":"https:\/\/jrahk.com\/it\/wp-json\/wp\/v2\/media\/1154"}],"wp:attachment":[{"href":"https:\/\/jrahk.com\/it\/wp-json\/wp\/v2\/media?parent=1152"}],"wp:term":[{"taxonomy":"product_brand","embeddable":true,"href":"https:\/\/jrahk.com\/it\/wp-json\/wp\/v2\/product_brand?post=1152"},{"taxonomy":"product_cat","embeddable":true,"href":"https:\/\/jrahk.com\/it\/wp-json\/wp\/v2\/product_cat?post=1152"},{"taxonomy":"product_tag","embeddable":true,"href":"https:\/\/jrahk.com\/it\/wp-json\/wp\/v2\/product_tag?post=1152"}],"curies":[{"name":"wp","href":"https:\/\/api.w.org\/{rel}","templated":true}]}}