{"id":1142,"date":"2025-09-18T22:28:18","date_gmt":"2025-09-18T22:28:18","guid":{"rendered":"https:\/\/jrahk.com\/?post_type=product&#038;p=1142"},"modified":"2025-10-29T08:08:59","modified_gmt":"2025-10-29T08:08:59","slug":"con009-6g-gd","status":"publish","type":"product","link":"https:\/\/jrahk.com\/it\/con009-6g-gd\/","title":{"rendered":"CON009-6G-GD"},"content":{"rendered":"<table style=\"border-collapse: collapse; width: 100%;\" border=\"0\" width=\"529\" cellspacing=\"0\" cellpadding=\"0\">\n<tbody>\n<tr style=\"height: 17.60pt;\">\n<td class=\"et2\" style=\"height: 17.60pt; width: 305.20pt;\" width=\"305\" height=\"17\">Tensione<\/td>\n<td class=\"et2\" style=\"width: 224.70pt;\" width=\"224\">36V\/48V\/52V\/60V (auto-detection)<\/td>\n<\/tr>\n<tr style=\"height: 17.60pt;\">\n<td class=\"et2\" style=\"height: 17.60pt;\" height=\"17\">Attuale<\/td>\n<td class=\"et2\">18A-40A<\/td>\n<\/tr>\n<tr style=\"height: 17.60pt;\">\n<td class=\"et2\" style=\"height: 17.60pt;\" height=\"17\">Potenza<\/td>\n<td class=\"et2\">350W-2000W<\/td>\n<\/tr>\n<tr style=\"height: 34.00pt;\">\n<td class=\"et2\" style=\"height: 34.00pt;\" height=\"34\">Tre modalit\u00e0<\/td>\n<td class=\"et3\" style=\"width: 224.70pt;\" width=\"224\">Modalit\u00e0 sinusoidale (FOC), modalit\u00e0 onda quadra, modalit\u00e0 Hallless<\/td>\n<\/tr>\n<tr style=\"height: 34.00pt;\">\n<td class=\"et2\" style=\"height: 34.00pt;\" height=\"34\">Protezione<\/td>\n<td class=\"et3\" style=\"width: 224.70pt;\" width=\"224\">Protezione da sovracorrente, sovratemperatura, stallo e sottotensione<\/td>\n<\/tr>\n<tr style=\"height: 34.00pt;\">\n<td class=\"et2\" style=\"height: 34.00pt;\" height=\"34\">Angolo di fase del motore<\/td>\n<td class=\"et3\" style=\"width: 224.70pt;\" width=\"224\">Sensori Hall 60\u00b0\/120\u00b0 (identificazione automatica)<\/td>\n<\/tr>\n<tr style=\"height: 17.60pt;\">\n<td class=\"et2\" style=\"height: 17.60pt;\" height=\"17\">Tipo di protocollo<\/td>\n<td class=\"et2\">Nessun accordo\/Accordo in linea<\/td>\n<\/tr>\n<tr style=\"height: 17.60pt;\">\n<td class=\"et2\" style=\"height: 17.60pt;\" height=\"17\">Materiale<\/td>\n<td class=\"et2\">Lega di alluminio<\/td>\n<\/tr>\n<tr style=\"height: 17.60pt;\">\n<td class=\"et2\" style=\"height: 17.60pt;\" height=\"17\">Peso<\/td>\n<td class=\"et2\">454G<\/td>\n<\/tr>\n<tr style=\"height: 17.60pt;\">\n<td class=\"et2\" style=\"height: 17.60pt;\" height=\"17\">Dimensione massima<\/td>\n<td class=\"et2\">181*55*32 mm<\/td>\n<\/tr>\n<\/tbody>\n<\/table>","protected":false},"excerpt":{"rendered":"<p>Questo regolatore sinusoidale elettrico a doppia trazione ad alte prestazioni \u00e8 stato progettato per applicazioni versatili di e-bike ed e-scooter e offre un rilevamento intelligente della tensione da 36 V a 60 V senza necessit\u00e0 di configurazione. Supporta il funzionamento di due o un solo motore con due canali indipendenti da 20 A (massimo 40 A di picco), offrendo opzioni di alimentazione flessibili per un'ampia gamma di veicoli.<\/p>\n<p>Il controllore dispone di tre modalit\u00e0 di forma d'onda, tra cui l'onda sinusoidale per il controllo sincronizzato del doppio motore (errore di fase inferiore a 5\u00b0), l'onda quadra per l'aumento istantaneo della coppia e la modalit\u00e0 sensorless come backup intelligente in caso di guasto del sensore Hall. Dotato di una progettazione avanzata con tolleranza ai guasti, passa automaticamente al funzionamento senza sensore entro 200 ms mantenendo una velocit\u00e0 di 100%, superando in modo significativo i concorrenti che in genere scendono a una velocit\u00e0 di 60%.<\/p>\n<p>Grazie al supporto di 1-2 motori senza riconfigurazione, al controllo della corrente ad alta precisione e alla robusta gestione termica, offre un'adattabilit\u00e0, un'affidabilit\u00e0 e una fluidit\u00e0 di funzionamento senza pari per ogni corsa.<\/p>\n<p>Informazioni su corrente e potenza\u30111. La corrente dell'azionamento singolo \u00e8 stimata a 18A e la corrente massima \u00e8 di 20A. La corrente dell'azionamento doppio \u00e8 di 36A e la corrente massima \u00e8 di 40A. Informazioni sulla potenza. La potenza pu\u00f2 essere suddivisa in potenza calcolata e potenza nominale. Per la selezione si pu\u00f2 fare riferimento alla corrente del controller.3. La potenza nominale dell'azionamento singolo \u00e8 di 350W-500W, la potenza calcolata \u00e8 di 1000w, la potenza nominale dell'azionamento doppio \u00e8 di 500W-1000w e la potenza dell'azionamento doppio \u00e8 di 2000w.<\/p>","protected":false},"featured_media":1146,"comment_status":"closed","ping_status":"closed","template":"","meta":{"_acf_changed":false},"product_brand":[],"product_cat":[27],"product_tag":[],"class_list":{"0":"post-1142","1":"product","2":"type-product","3":"status-publish","4":"has-post-thumbnail","6":"product_cat-bldc-motor-controller","8":"first","9":"instock","10":"shipping-taxable","11":"product-type-simple"},"acf":[],"_links":{"self":[{"href":"https:\/\/jrahk.com\/it\/wp-json\/wp\/v2\/product\/1142","targetHints":{"allow":["GET"]}}],"collection":[{"href":"https:\/\/jrahk.com\/it\/wp-json\/wp\/v2\/product"}],"about":[{"href":"https:\/\/jrahk.com\/it\/wp-json\/wp\/v2\/types\/product"}],"replies":[{"embeddable":true,"href":"https:\/\/jrahk.com\/it\/wp-json\/wp\/v2\/comments?post=1142"}],"version-history":[{"count":2,"href":"https:\/\/jrahk.com\/it\/wp-json\/wp\/v2\/product\/1142\/revisions"}],"predecessor-version":[{"id":1145,"href":"https:\/\/jrahk.com\/it\/wp-json\/wp\/v2\/product\/1142\/revisions\/1145"}],"wp:featuredmedia":[{"embeddable":true,"href":"https:\/\/jrahk.com\/it\/wp-json\/wp\/v2\/media\/1146"}],"wp:attachment":[{"href":"https:\/\/jrahk.com\/it\/wp-json\/wp\/v2\/media?parent=1142"}],"wp:term":[{"taxonomy":"product_brand","embeddable":true,"href":"https:\/\/jrahk.com\/it\/wp-json\/wp\/v2\/product_brand?post=1142"},{"taxonomy":"product_cat","embeddable":true,"href":"https:\/\/jrahk.com\/it\/wp-json\/wp\/v2\/product_cat?post=1142"},{"taxonomy":"product_tag","embeddable":true,"href":"https:\/\/jrahk.com\/it\/wp-json\/wp\/v2\/product_tag?post=1142"}],"curies":[{"name":"wp","href":"https:\/\/api.w.org\/{rel}","templated":true}]}}