{"id":1125,"date":"2025-09-18T22:09:40","date_gmt":"2025-09-18T22:09:40","guid":{"rendered":"https:\/\/jrahk.com\/?post_type=product&#038;p=1125"},"modified":"2025-10-29T08:11:18","modified_gmt":"2025-10-29T08:11:18","slug":"con005-7255","status":"publish","type":"product","link":"https:\/\/jrahk.com\/it\/con005-7255\/","title":{"rendered":"CON005-7255"},"content":{"rendered":"<table style=\"border-collapse: collapse; width: 100%;\" border=\"0\" width=\"459\" cellspacing=\"0\" cellpadding=\"0\">\n<tbody>\n<tr style=\"height: 16.80pt;\">\n<td style=\"height: 16.80pt; width: 250.90pt;\" width=\"250\" height=\"16\">Tensione<\/td>\n<td style=\"width: 208.65pt;\" width=\"208\">48V-60V-72V<\/td>\n<\/tr>\n<tr style=\"height: 16.80pt;\">\n<td style=\"height: 16.80pt;\" height=\"16\">Attuale<\/td>\n<td>55A<\/td>\n<\/tr>\n<tr style=\"height: 16.80pt;\">\n<td style=\"height: 16.80pt;\" height=\"16\">Potenza<\/td>\n<td>1000W-3000W<\/td>\n<\/tr>\n<tr style=\"height: 45.00pt;\">\n<td style=\"height: 45.00pt;\" height=\"45\">Tre modalit\u00e0<\/td>\n<td class=\"et3\" style=\"width: 208.65pt;\" width=\"208\">Modalit\u00e0 sinusoidale (FOC), modalit\u00e0 onda quadra, modalit\u00e0 Hallless<\/td>\n<\/tr>\n<tr style=\"height: 34.00pt;\">\n<td style=\"height: 34.00pt;\" height=\"34\">Protezione<\/td>\n<td class=\"et3\" style=\"width: 208.65pt;\" width=\"208\">Protezione da sovracorrente, sovratemperatura, stallo e sottotensione<\/td>\n<\/tr>\n<tr style=\"height: 33.00pt;\">\n<td style=\"height: 33.00pt;\" height=\"33\">Angolo di fase del motore<\/td>\n<td class=\"et3\" style=\"width: 208.65pt;\" width=\"208\">Sensori Hall 60\u00b0\/120\u00b0 (identificazione automatica)<\/td>\n<\/tr>\n<tr style=\"height: 16.80pt;\">\n<td style=\"height: 16.80pt;\" height=\"16\">Tipo di protocollo<\/td>\n<td>Nessun accordo\/Accordo in linea<\/td>\n<\/tr>\n<tr style=\"height: 16.80pt;\">\n<td style=\"height: 16.80pt;\" height=\"16\">Materiale<\/td>\n<td>Lega di alluminio<\/td>\n<\/tr>\n<tr style=\"height: 16.80pt;\">\n<td style=\"height: 16.80pt;\" height=\"16\">Peso<\/td>\n<td>1020G<\/td>\n<\/tr>\n<tr style=\"height: 16.80pt;\">\n<td style=\"height: 16.80pt;\" height=\"16\">Dimensione massima<\/td>\n<td>191*110*51mm<\/td>\n<\/tr>\n<\/tbody>\n<\/table>","protected":false},"excerpt":{"rendered":"<p>Questo regolatore sinusoidale ad alte prestazioni \u00e8 stato progettato per moto elettriche potenti e offre il riconoscimento automatico della tensione nei sistemi da 48V, 60V e 72V senza configurazione manuale. Offre un controllo intelligente della corrente a tre marce attraverso l'innovativo selettore PowerShift\u2122, che consente di passare senza problemi dalle modalit\u00e0 Eco (30A), Cruise (40A) e Beast (55A) per soddisfare le esigenze di guida.<\/p>\n<p>Dotato di una tripla forma d'onda, fornisce un'uscita sinusoidale ultra-liscia su tutte le marce, oltre a un'onda quadra manuale e a un backup automatico senza sensore. Il sistema avanzato di sicurezza passa istantaneamente alla modalit\u00e0 sensorless in caso di guasto del sensore di Hall, mantenendo la velocit\u00e0 della marcia corrente per un funzionamento continuo e sicuro.<\/p>\n<p>Grazie al supporto della corrente di burst per ogni ingranaggio (in base alla capacit\u00e0 della batteria e del motore), all'uscita ad alta precisione e alla robusta gestione termica, questo controller garantisce prestazioni potenti, adattive e altamente affidabili per le applicazioni di e-motorcycle ad alta potenza.<\/p>","protected":false},"featured_media":1128,"comment_status":"closed","ping_status":"closed","template":"","meta":{"_acf_changed":false},"product_brand":[],"product_cat":[27],"product_tag":[],"class_list":{"0":"post-1125","1":"product","2":"type-product","3":"status-publish","4":"has-post-thumbnail","6":"product_cat-bldc-motor-controller","8":"first","9":"instock","10":"shipping-taxable","11":"product-type-simple"},"acf":[],"_links":{"self":[{"href":"https:\/\/jrahk.com\/it\/wp-json\/wp\/v2\/product\/1125","targetHints":{"allow":["GET"]}}],"collection":[{"href":"https:\/\/jrahk.com\/it\/wp-json\/wp\/v2\/product"}],"about":[{"href":"https:\/\/jrahk.com\/it\/wp-json\/wp\/v2\/types\/product"}],"replies":[{"embeddable":true,"href":"https:\/\/jrahk.com\/it\/wp-json\/wp\/v2\/comments?post=1125"}],"version-history":[{"count":6,"href":"https:\/\/jrahk.com\/it\/wp-json\/wp\/v2\/product\/1125\/revisions"}],"predecessor-version":[{"id":1141,"href":"https:\/\/jrahk.com\/it\/wp-json\/wp\/v2\/product\/1125\/revisions\/1141"}],"wp:featuredmedia":[{"embeddable":true,"href":"https:\/\/jrahk.com\/it\/wp-json\/wp\/v2\/media\/1128"}],"wp:attachment":[{"href":"https:\/\/jrahk.com\/it\/wp-json\/wp\/v2\/media?parent=1125"}],"wp:term":[{"taxonomy":"product_brand","embeddable":true,"href":"https:\/\/jrahk.com\/it\/wp-json\/wp\/v2\/product_brand?post=1125"},{"taxonomy":"product_cat","embeddable":true,"href":"https:\/\/jrahk.com\/it\/wp-json\/wp\/v2\/product_cat?post=1125"},{"taxonomy":"product_tag","embeddable":true,"href":"https:\/\/jrahk.com\/it\/wp-json\/wp\/v2\/product_tag?post=1125"}],"curies":[{"name":"wp","href":"https:\/\/api.w.org\/{rel}","templated":true}]}}