{"id":2257,"date":"2026-04-11T09:11:48","date_gmt":"2026-04-11T09:11:48","guid":{"rendered":"https:\/\/jrahk.com\/?post_type=product&#038;p=2257"},"modified":"2026-04-11T09:50:42","modified_gmt":"2026-04-11T09:50:42","slug":"con002-18g-sl50a","status":"publish","type":"product","link":"https:\/\/jrahk.com\/fr\/con002-18g-sl50a\/","title":{"rendered":"CON002-18G-SL50A"},"content":{"rendered":"<div style=\"width: 100%;\">\n<table style=\"border-collapse: collapse; width: 100%;\" border=\"0\" cellspacing=\"0\" cellpadding=\"0\">\n<tbody>\n<tr>\n<td style=\"width: 50%;\">Tension<\/td>\n<td style=\"width: 50%;\">48V-60V-64V-72V-84V<\/td>\n<\/tr>\n<tr>\n<td>Actuel<\/td>\n<td>45A-50A<\/td>\n<\/tr>\n<tr>\n<td>Puissance<\/td>\n<td><span data-slate-fragment=\"JTdCJTIyb2JqZWN0JTIyJTNBJTIyZG9jdW1lbnQlMjIlMkMlMjJkYXRhJTIyJTNBJTdCJTdEJTJDJTIybm9kZXMlMjIlM0ElNUIlN0IlMjJvYmplY3QlMjIlM0ElMjJibG9jayUyMiUyQyUyMnR5cGUlMjIlM0ElMjJkaXYlMjIlMkMlMjJpc1ZvaWQlMjIlM0FmYWxzZSUyQyUyMmRhdGElMjIlM0ElN0IlMjJjbGFzc05hbWUlMjIlM0ElMjJkZXRhaWxtb2R1bGVfaHRtbCUyMiU3RCUyQyUyMm5vZGVzJTIyJTNBJTVCJTdCJTIyb2JqZWN0JTIyJTNBJTIyYmxvY2slMjIlMkMlMjJ0eXBlJTIyJTNBJTIyZGl2JTIyJTJDJTIyaXNWb2lkJTIyJTNBZmFsc2UlMkMlMjJkYXRhJTIyJTNBJTdCJTIyY2xhc3NOYW1lJTIyJTNBJTIyZGV0YWlsLWRlc2MtZGVjb3JhdGUtcmljaHRleHQlMjIlN0QlMkMlMjJub2RlcyUyMiUzQSU1QiU3QiUyMm9iamVjdCUyMiUzQSUyMmJsb2NrJTIyJTJDJTIydHlwZSUyMiUzQSUyMmRpdiUyMiUyQyUyMmlzVm9pZCUyMiUzQWZhbHNlJTJDJTIyZGF0YSUyMiUzQSU3QiU3RCUyQyUyMm5vZGVzJTIyJTNBJTVCJTdCJTIyb2JqZWN0JTIyJTNBJTIyYmxvY2slMjIlMkMlMjJ0eXBlJTIyJTNBJTIyZGl2JTIyJTJDJTIyaXNWb2lkJTIyJTNBZmFsc2UlMkMlMjJkYXRhJTIyJTNBJTdCJTdEJTJDJTIybm9kZXMlMjIlM0ElNUIlN0IlMjJvYmplY3QlMjIlM0ElMjJibG9jayUyMiUyQyUyMnR5cGUlMjIlM0ElMjJkaXYlMjIlMkMlMjJpc1ZvaWQlMjIlM0FmYWxzZSUyQyUyMmRhdGElMjIlM0ElN0IlN0QlMkMlMjJub2RlcyUyMiUzQSU1QiU3QiUyMm9iamVjdCUyMiUzQSUyMmJsb2NrJTIyJTJDJTIydHlwZSUyMiUzQSUyMmRpdiUyMiUyQyUyMmlzVm9pZCUyMiUzQWZhbHNlJTJDJTIyZGF0YSUyMiUzQSU3QiU3RCUyQyUyMm5vZGVzJTIyJTNBJTVCJTdCJTIyb2JqZWN0JTIyJTNBJTIyYmxvY2slMjIlMkMlMjJ0eXBlJTIyJTNBJTIyZGl2JTIyJTJDJTIyaXNWb2lkJTIyJTNBZmFsc2UlMkMlMjJkYXRhJTIyJTNBJTdCJTdEJTJDJTIybm9kZXMlMjIlM0ElNUIlN0IlMjJvYmplY3QlMjIlM0ElMjJibG9jayUyMiUyQyUyMnR5cGUlMjIlM0ElMjJ1bm9yZGVyZWRfbGlzdCUyMiUyQyUyMmlzVm9pZCUyMiUzQWZhbHNlJTJDJTIyZGF0YSUyMiUzQSU3QiU3RCUyQyUyMm5vZGVzJTIyJTNBJTVCJTdCJTIyb2JqZWN0JTIyJTNBJTIyYmxvY2slMjIlMkMlMjJ0eXBlJTIyJTNBJTIybGlzdF9pdGVtJTIyJTJDJTIyaXNWb2lkJTIyJTNBZmFsc2UlMkMlMjJkYXRhJTIyJTNBJTdCJTdEJTJDJTIybm9kZXMlMjIlM0ElNUIlN0IlMjJvYmplY3QlMjIlM0ElMjJibG9jayUyMiUyQyUyMnR5cGUlMjIlM0ElMjJwYXJhZ3JhcGglMjIlMkMlMjJpc1ZvaWQlMjIlM0FmYWxzZSUyQyUyMmRhdGElMjIlM0ElN0IlMjJhbGlnbiUyMiUzQSUyMmxlZnQlMjIlMkMlMjJzdHlsZSUyMiUzQSU3QiUyMmZvbnRXZWlnaHQlMjIlM0ElMjJub3JtYWwlMjIlMkMlMjJ0ZXh0QWxpZ24lMjIlM0ElMjJsZWZ0JTIyJTJDJTIyZGlzcGxheSUyMiUzQSUyMmJsb2NrJTIyJTJDJTIyd2lkdGglMjIlM0ElMjIxMDAlMjUlMjIlN0QlN0QlMkMlMjJub2RlcyUyMiUzQSU1QiU3QiUyMm9iamVjdCUyMiUzQSUyMnRleHQlMjIlMkMlMjJsZWF2ZXMlMjIlM0ElNUIlN0IlMjJvYmplY3QlMjIlM0ElMjJsZWFmJTIyJTJDJTIydGV4dCUyMiUzQSUyMjI1MDBXLTMwMDBXJTIyJTJDJTIybWFya3MlMjIlM0ElNUIlNUQlN0QlNUQlN0QlNUQlN0QlNUQlN0QlNUQlN0QlNUQlN0QlNUQlN0QlNUQlN0QlNUQlN0QlNUQlN0QlNUQlN0QlNUQlN0QlNUQlN0Q=\">2500W-3000W<\/span><\/td>\n<\/tr>\n<tr>\n<td>Trois modes<\/td>\n<td>Mode onde carr\u00e9e, mode sans hall<\/td>\n<\/tr>\n<tr>\n<td>Protection de l'environnement<\/td>\n<td>Protection contre les surintensit\u00e9s, les surchauffes, les blocages et les sous-tensions<\/td>\n<\/tr>\n<tr>\n<td>Angle de phase du moteur<\/td>\n<td>Capteurs \u00e0 effet Hall 60\u00b0\/120\u00b0 (identification automatique)<\/td>\n<\/tr>\n<tr>\n<td>Type de protocole<\/td>\n<td>Pas d'accord\/Accord en une ligne<\/td>\n<\/tr>\n<tr>\n<td>Mat\u00e9riau<\/td>\n<td>Alliage d'aluminium<\/td>\n<\/tr>\n<tr>\n<td>Poids<\/td>\n<td>1044G<\/td>\n<\/tr>\n<tr>\n<td>Taille maximale<\/td>\n<td>195*105*60mm<\/td>\n<\/tr>\n<tr>\n<td>Caract\u00e9ristiques<\/td>\n<td>Vitesse de marche avant = Vitesse de marche arri\u00e8re<\/td>\n<\/tr>\n<\/tbody>\n<\/table>\n<\/div>","protected":false},"excerpt":{"rendered":"<p>Ce contr\u00f4leur \u00e9lectrique \u00e0 ondes carr\u00e9es haute performance est con\u00e7u pour les bricoleurs enthousiastes. Il r\u00e9alise une perc\u00e9e en garantissant des vitesses avant et arri\u00e8re totalement coh\u00e9rentes : la puissance, le couple et la vitesse maximale sont identiques, qu'il s'agisse de la marche avant ou de la marche arri\u00e8re. La marche arri\u00e8re n'est plus un mode de secours \u201cimprovis\u00e9\u201d, mais une v\u00e9ritable marche arri\u00e8re \u00e0 pleine vitesse, permettant la d\u00e9rive en marche arri\u00e8re. Il permet un ajustement automatique et intelligent de la tension dans une plage de 48 \u00e0 84 V sans aucune configuration. Il offre plusieurs modes de conduite, y compris un mode \u00e0 ondes carr\u00e9es pour une r\u00e9ponse instantan\u00e9e du couple et un mode sans capteur pour une sauvegarde d'urgence fiable. Les vitesses identiques en marche avant et en marche arri\u00e8re garantissent des performances \u00e9quilibr\u00e9es dans les deux sens, r\u00e9pondant ainsi aux besoins des applications n\u00e9cessitant un contr\u00f4le pr\u00e9cis de la marche arri\u00e8re. \u00c9quip\u00e9 de la technologie de protection contre les pannes SafeRide\u2122, le contr\u00f4leur passe automatiquement en mode sans capteur dans les 200 millisecondes en cas de d\u00e9faillance d'un capteur \u00e0 effet Hall, ce qui permet de maintenir la vitesse de 100% et d'assurer une conduite ininterrompue. Un rendement \u00e9lev\u00e9 pouvant atteindre 94%, un contr\u00f4le pr\u00e9cis du courant (\u00b10,5A) et une large compatibilit\u00e9 avec les moteurs garantissent une exp\u00e9rience tol\u00e9rante aux pannes, adaptable et fluide \u00e0 chaque sortie.<\/p>","protected":false},"featured_media":2265,"comment_status":"closed","ping_status":"closed","template":"","meta":{"_acf_changed":false},"product_brand":[],"product_cat":[27,50],"product_tag":[],"class_list":{"0":"post-2257","1":"product","2":"type-product","3":"status-publish","4":"has-post-thumbnail","6":"product_cat-bldc-motor-controller","7":"product_cat-dual-mode-controllers","9":"first","10":"instock","11":"shipping-taxable","12":"product-type-simple"},"acf":[],"_links":{"self":[{"href":"https:\/\/jrahk.com\/fr\/wp-json\/wp\/v2\/product\/2257","targetHints":{"allow":["GET"]}}],"collection":[{"href":"https:\/\/jrahk.com\/fr\/wp-json\/wp\/v2\/product"}],"about":[{"href":"https:\/\/jrahk.com\/fr\/wp-json\/wp\/v2\/types\/product"}],"replies":[{"embeddable":true,"href":"https:\/\/jrahk.com\/fr\/wp-json\/wp\/v2\/comments?post=2257"}],"version-history":[{"count":1,"href":"https:\/\/jrahk.com\/fr\/wp-json\/wp\/v2\/product\/2257\/revisions"}],"predecessor-version":[{"id":2267,"href":"https:\/\/jrahk.com\/fr\/wp-json\/wp\/v2\/product\/2257\/revisions\/2267"}],"wp:featuredmedia":[{"embeddable":true,"href":"https:\/\/jrahk.com\/fr\/wp-json\/wp\/v2\/media\/2265"}],"wp:attachment":[{"href":"https:\/\/jrahk.com\/fr\/wp-json\/wp\/v2\/media?parent=2257"}],"wp:term":[{"taxonomy":"product_brand","embeddable":true,"href":"https:\/\/jrahk.com\/fr\/wp-json\/wp\/v2\/product_brand?post=2257"},{"taxonomy":"product_cat","embeddable":true,"href":"https:\/\/jrahk.com\/fr\/wp-json\/wp\/v2\/product_cat?post=2257"},{"taxonomy":"product_tag","embeddable":true,"href":"https:\/\/jrahk.com\/fr\/wp-json\/wp\/v2\/product_tag?post=2257"}],"curies":[{"name":"wp","href":"https:\/\/api.w.org\/{rel}","templated":true}]}}