{"id":2163,"date":"2026-03-30T08:57:24","date_gmt":"2026-03-30T08:57:24","guid":{"rendered":"https:\/\/jrahk.com\/?post_type=product&#038;p=2163"},"modified":"2026-03-30T09:03:22","modified_gmt":"2026-03-30T09:03:22","slug":"con003-6g-100kit","status":"publish","type":"product","link":"https:\/\/jrahk.com\/fr\/con003-6g-100kit\/","title":{"rendered":"CON003-6G-100kit"},"content":{"rendered":"<div style=\"width: 100%;\">\n<table style=\"border-collapse: collapse; width: 100%;\" border=\"0\" cellspacing=\"0\" cellpadding=\"0\">\n<tbody>\n<tr>\n<td style=\"width: 50%;\">Tension<\/td>\n<td style=\"width: 50%;\">36V-48V-52V-60V<\/td>\n<\/tr>\n<tr>\n<td>Actuel<\/td>\n<td>7A-20A<\/td>\n<\/tr>\n<tr>\n<td>Puissance<\/td>\n<td>250W-400W<\/td>\n<\/tr>\n<tr>\n<td>Trois modes<\/td>\n<td>Mode onde carr\u00e9e, mode sans hall<\/td>\n<\/tr>\n<tr>\n<td>Protection de l'environnement<\/td>\n<td>Protection contre les surintensit\u00e9s, les surchauffes, les blocages et les sous-tensions<\/td>\n<\/tr>\n<tr>\n<td>Angle de phase du moteur<\/td>\n<td>Capteurs \u00e0 effet Hall 60\u00b0\/120\u00b0 (identification automatique)<\/td>\n<\/tr>\n<tr>\n<td>Type de protocole<\/td>\n<td>UART2<\/td>\n<\/tr>\n<tr>\n<td>Mat\u00e9riau<\/td>\n<td>Alliage d'aluminium<\/td>\n<\/tr>\n<tr>\n<td>Poids<\/td>\n<td>367G<\/td>\n<\/tr>\n<tr>\n<td>Taille de l'emballage20<\/td>\n<td>20*130*60mm<\/td>\n<\/tr>\n<\/tbody>\n<\/table>\n<\/div>","protected":false},"excerpt":{"rendered":"<p>Ce contr\u00f4leur \u00e9lectrique sinuso\u00efdal haute performance est con\u00e7u pour les v\u00e9los \u00e9lectriques universels et permet une r\u00e9gulation automatique et intelligente de la tension de 36 \u00e0 60 V sans aucune configuration. Il offre plusieurs modes de conduite, notamment un mode \u00e0 ondes carr\u00e9es pour une r\u00e9ponse instantan\u00e9e au couple et un mode de secours fiable - le mode sans capteur. \u00c9quip\u00e9 de la technologie de protection contre les pannes SafeRide\u2122, le contr\u00f4leur passe automatiquement en mode sans capteur dans les 200 millisecondes en cas de d\u00e9faillance d'un capteur \u00e0 effet Hall, en maintenant la vitesse de 100% pour garantir une conduite ininterrompue. Avec un rendement pouvant atteindre 94%, un contr\u00f4le pr\u00e9cis du courant (\u00b10,5A) et une large compatibilit\u00e9 avec les moteurs, il offre une exp\u00e9rience de conduite tol\u00e9rante aux pannes, adaptable et fluide pour chaque trajet.<\/p>","protected":false},"featured_media":2148,"comment_status":"closed","ping_status":"closed","template":"","meta":{"_acf_changed":false},"product_brand":[],"product_cat":[52,54],"product_tag":[],"class_list":{"0":"post-2163","1":"product","2":"type-product","3":"status-publish","4":"has-post-thumbnail","6":"product_cat-bldc-motor-controller-kit","7":"product_cat-dual-mode-kit-controllers","9":"first","10":"instock","11":"shipping-taxable","12":"product-type-simple"},"acf":[],"_links":{"self":[{"href":"https:\/\/jrahk.com\/fr\/wp-json\/wp\/v2\/product\/2163","targetHints":{"allow":["GET"]}}],"collection":[{"href":"https:\/\/jrahk.com\/fr\/wp-json\/wp\/v2\/product"}],"about":[{"href":"https:\/\/jrahk.com\/fr\/wp-json\/wp\/v2\/types\/product"}],"replies":[{"embeddable":true,"href":"https:\/\/jrahk.com\/fr\/wp-json\/wp\/v2\/comments?post=2163"}],"version-history":[{"count":2,"href":"https:\/\/jrahk.com\/fr\/wp-json\/wp\/v2\/product\/2163\/revisions"}],"predecessor-version":[{"id":2172,"href":"https:\/\/jrahk.com\/fr\/wp-json\/wp\/v2\/product\/2163\/revisions\/2172"}],"wp:featuredmedia":[{"embeddable":true,"href":"https:\/\/jrahk.com\/fr\/wp-json\/wp\/v2\/media\/2148"}],"wp:attachment":[{"href":"https:\/\/jrahk.com\/fr\/wp-json\/wp\/v2\/media?parent=2163"}],"wp:term":[{"taxonomy":"product_brand","embeddable":true,"href":"https:\/\/jrahk.com\/fr\/wp-json\/wp\/v2\/product_brand?post=2163"},{"taxonomy":"product_cat","embeddable":true,"href":"https:\/\/jrahk.com\/fr\/wp-json\/wp\/v2\/product_cat?post=2163"},{"taxonomy":"product_tag","embeddable":true,"href":"https:\/\/jrahk.com\/fr\/wp-json\/wp\/v2\/product_tag?post=2163"}],"curies":[{"name":"wp","href":"https:\/\/api.w.org\/{rel}","templated":true}]}}