{"id":2145,"date":"2026-03-30T08:46:08","date_gmt":"2026-03-30T08:46:08","guid":{"rendered":"https:\/\/jrahk.com\/?post_type=product&#038;p=2145"},"modified":"2026-03-30T08:47:39","modified_gmt":"2026-03-30T08:47:39","slug":"con008b-6g-kit-wxgn301","status":"publish","type":"product","link":"https:\/\/jrahk.com\/fr\/con008b-6g-kit-wxgn301\/","title":{"rendered":"CON008B-6G kit-WXGN301"},"content":{"rendered":"<div style=\"width: 100%;\">\n<table style=\"border-collapse: collapse; width: 100%;\" border=\"0\" cellspacing=\"0\" cellpadding=\"0\">\n<tbody>\n<tr>\n<td style=\"width: 50%;\">Tension<\/td>\n<td style=\"width: 50%;\">36V-48V-52V-60V<\/td>\n<\/tr>\n<tr>\n<td>Actuel<\/td>\n<td>7A-20A<\/td>\n<\/tr>\n<tr>\n<td>Puissance<\/td>\n<td>250W-400W<\/td>\n<\/tr>\n<tr>\n<td>Trois modes<\/td>\n<td>Mode sinuso\u00efdal (FOC), mode carr\u00e9, mode sans hallucinations<\/td>\n<\/tr>\n<tr>\n<td>Protection de l'environnement<\/td>\n<td>Protection contre les surintensit\u00e9s, les surchauffes, les blocages et les sous-tensions<\/td>\n<\/tr>\n<tr>\n<td>Angle de phase du moteur<\/td>\n<td>Capteurs \u00e0 effet Hall 60\u00b0\/120\u00b0 (identification automatique)<\/td>\n<\/tr>\n<tr>\n<td>Type de protocole<\/td>\n<td>UART2<\/td>\n<\/tr>\n<tr>\n<td>Mat\u00e9riau<\/td>\n<td>Alliage d'aluminium<\/td>\n<\/tr>\n<tr>\n<td>Poids<\/td>\n<td>781G<\/td>\n<\/tr>\n<tr>\n<td>Taille de l'emballage<\/td>\n<td>230*130*80mm<\/td>\n<\/tr>\n<\/tbody>\n<\/table>\n<\/div>","protected":false},"excerpt":{"rendered":"<p>Ce contr\u00f4leur \u00e9lectrique \u00e0 onde sinuso\u00efdale haute performance est con\u00e7u pour une compatibilit\u00e9 universelle avec les v\u00e9los \u00e9lectriques, offrant un pilotage automatique intelligent de la tension de 36V \u00e0 60V sans aucune configuration requise. Il offre des modes de conduite polyvalents, notamment l'onde sinuso\u00efdale pour un fonctionnement ultra-doux et silencieux, l'onde carr\u00e9e pour une r\u00e9ponse instantan\u00e9e au couple et le mode Sensorless en tant que sauvegarde d'urgence fiable. \u00c9quip\u00e9 de la technologie de s\u00e9curit\u00e9 SafeRide\u2122, il passe automatiquement en mode sans capteur dans les 200 ms en cas de d\u00e9faillance du capteur \u00e0 effet Hall, en maintenant une vitesse de 100% pour des balades ininterrompues. Avec un rendement \u00e9lev\u00e9 (jusqu'\u00e0 94%), un contr\u00f4le pr\u00e9cis du courant (\u00b10,5A) et une large compatibilit\u00e9 avec les moteurs, il garantit une tol\u00e9rance aux pannes, une adaptabilit\u00e9 et une exp\u00e9rience de conduite fluide pour chaque trajet.<\/p>","protected":false},"featured_media":2128,"comment_status":"closed","ping_status":"closed","template":"","meta":{"_acf_changed":false},"product_brand":[],"product_cat":[52,53],"product_tag":[],"class_list":{"0":"post-2145","1":"product","2":"type-product","3":"status-publish","4":"has-post-thumbnail","6":"product_cat-bldc-motor-controller-kit","7":"product_cat-tri-mode-kit-controllers","9":"first","10":"instock","11":"shipping-taxable","12":"product-type-simple"},"acf":[],"_links":{"self":[{"href":"https:\/\/jrahk.com\/fr\/wp-json\/wp\/v2\/product\/2145","targetHints":{"allow":["GET"]}}],"collection":[{"href":"https:\/\/jrahk.com\/fr\/wp-json\/wp\/v2\/product"}],"about":[{"href":"https:\/\/jrahk.com\/fr\/wp-json\/wp\/v2\/types\/product"}],"replies":[{"embeddable":true,"href":"https:\/\/jrahk.com\/fr\/wp-json\/wp\/v2\/comments?post=2145"}],"version-history":[{"count":1,"href":"https:\/\/jrahk.com\/fr\/wp-json\/wp\/v2\/product\/2145\/revisions"}],"predecessor-version":[{"id":2146,"href":"https:\/\/jrahk.com\/fr\/wp-json\/wp\/v2\/product\/2145\/revisions\/2146"}],"wp:featuredmedia":[{"embeddable":true,"href":"https:\/\/jrahk.com\/fr\/wp-json\/wp\/v2\/media\/2128"}],"wp:attachment":[{"href":"https:\/\/jrahk.com\/fr\/wp-json\/wp\/v2\/media?parent=2145"}],"wp:term":[{"taxonomy":"product_brand","embeddable":true,"href":"https:\/\/jrahk.com\/fr\/wp-json\/wp\/v2\/product_brand?post=2145"},{"taxonomy":"product_cat","embeddable":true,"href":"https:\/\/jrahk.com\/fr\/wp-json\/wp\/v2\/product_cat?post=2145"},{"taxonomy":"product_tag","embeddable":true,"href":"https:\/\/jrahk.com\/fr\/wp-json\/wp\/v2\/product_tag?post=2145"}],"curies":[{"name":"wp","href":"https:\/\/api.w.org\/{rel}","templated":true}]}}