{"id":1166,"date":"2025-09-18T23:37:46","date_gmt":"2025-09-18T23:37:46","guid":{"rendered":"https:\/\/jrahk.com\/?post_type=product&#038;p=1166"},"modified":"2025-10-29T07:45:21","modified_gmt":"2025-10-29T07:45:21","slug":"con008-15sine-301","status":"publish","type":"product","link":"https:\/\/jrahk.com\/fr\/con008-15sine-301\/","title":{"rendered":"CON008-15sine-301"},"content":{"rendered":"<table style=\"border-collapse: collapse; width: 100%;\" border=\"0\" width=\"459\" cellspacing=\"0\" cellpadding=\"0\">\n<tbody>\n<tr style=\"height: 16.80pt;\">\n<td style=\"height: 16.80pt; width: 250.90pt;\" width=\"250\" height=\"16\">Tension<\/td>\n<td style=\"width: 208.65pt;\" width=\"208\">36V-48V-52V-60V-72V<\/td>\n<\/tr>\n<tr style=\"height: 16.80pt;\">\n<td style=\"height: 16.80pt;\" height=\"16\">Actuel<\/td>\n<td>34A-40A<\/td>\n<\/tr>\n<tr style=\"height: 16.80pt;\">\n<td style=\"height: 16.80pt;\" height=\"16\">Puissance<\/td>\n<td>1000W-2000W<\/td>\n<\/tr>\n<tr style=\"height: 45.00pt;\">\n<td style=\"height: 45.00pt;\" height=\"45\">Trois modes<\/td>\n<td class=\"et3\" style=\"width: 208.65pt;\" width=\"208\">Mode sinuso\u00efdal (FOC), mode carr\u00e9, mode sans hallucinations<\/td>\n<\/tr>\n<tr style=\"height: 34.00pt;\">\n<td style=\"height: 34.00pt;\" height=\"34\">Protection de l'environnement<\/td>\n<td class=\"et3\" style=\"width: 208.65pt;\" width=\"208\">Protection contre les surintensit\u00e9s, les surchauffes, les blocages et les sous-tensions<\/td>\n<\/tr>\n<tr style=\"height: 33.00pt;\">\n<td style=\"height: 33.00pt;\" height=\"33\">Angle de phase du moteur<\/td>\n<td class=\"et3\" style=\"width: 208.65pt;\" width=\"208\">Capteurs \u00e0 effet Hall 60\u00b0\/120\u00b0 (identification automatique)<\/td>\n<\/tr>\n<tr style=\"height: 16.80pt;\">\n<td style=\"height: 16.80pt;\" height=\"16\">Type de protocole<\/td>\n<td>Pas d'accord\/Accord en une ligne<\/td>\n<\/tr>\n<tr style=\"height: 16.80pt;\">\n<td style=\"height: 16.80pt;\" height=\"16\">Mat\u00e9riau<\/td>\n<td>Alliage d'aluminium<\/td>\n<\/tr>\n<tr style=\"height: 16.80pt;\">\n<td style=\"height: 16.80pt;\" height=\"16\">Poids<\/td>\n<td>1100G<\/td>\n<\/tr>\n<tr style=\"height: 16.80pt;\">\n<td style=\"height: 16.80pt;\" height=\"16\">Taille maximale<\/td>\n<td>211*88*48mm<\/td>\n<\/tr>\n<\/tbody>\n<\/table>","protected":false},"excerpt":{"rendered":"<p>Ce kit de contr\u00f4leur sinuso\u00efdal avanc\u00e9 est con\u00e7u pour une compatibilit\u00e9 universelle avec les v\u00e9los \u00e9lectriques, offrant une reconnaissance intelligente de la tension automatique de 36V \u00e0 72V sans aucune configuration manuelle. Il prend en charge trois formes d'onde : l'onde sinuso\u00efdale pour les trajets ultra doux et silencieux, l'onde carr\u00e9e pour les demandes de couple \u00e9lev\u00e9 et l'onde carr\u00e9e sans capteur comme s\u00e9curit\u00e9 instantan\u00e9e, permettant une s\u00e9lection manuelle ou un repli automatique en cas de d\u00e9faillance du capteur \u00e0 effet Hall.<\/p>\n<p>\u00c9quip\u00e9 d'un \u00e9cran OLED \u00e9tanche SpeedDial\u2122, il permet de limiter la vitesse en temps r\u00e9el, programmable entre 25 et 80 km\/h. Le syst\u00e8me Hall 2.0 innovant offre une d\u00e9tection automatique et une compatibilit\u00e9 avec les capteurs Hall \u00e0 5 fils et \u00e0 6 fils sans cavalier. En cas de d\u00e9faut, le syst\u00e8me passe en mode onde carr\u00e9e sans capteur dans les 300 ms, maintenant la vitesse de 100% avec moins de 2 secondes de vibration de d\u00e9marrage pour un fonctionnement ininterrompu et fiable.<\/p>\n<p>Con\u00e7u pour des performances p\u00e9rennes, il assure une large prise en charge des moteurs, un rendement \u00e9lev\u00e9 et un contr\u00f4le robuste, ce qui le rend id\u00e9al pour les d\u00e9placements quotidiens et les applications de cyclisme \u00e0 haute puissance.<\/p>","protected":false},"featured_media":1167,"comment_status":"closed","ping_status":"closed","template":"","meta":{"_acf_changed":false},"product_brand":[],"product_cat":[52],"product_tag":[],"class_list":{"0":"post-1166","1":"product","2":"type-product","3":"status-publish","4":"has-post-thumbnail","6":"product_cat-bldc-motor-controller-kit","8":"first","9":"instock","10":"shipping-taxable","11":"product-type-simple"},"acf":[],"_links":{"self":[{"href":"https:\/\/jrahk.com\/fr\/wp-json\/wp\/v2\/product\/1166","targetHints":{"allow":["GET"]}}],"collection":[{"href":"https:\/\/jrahk.com\/fr\/wp-json\/wp\/v2\/product"}],"about":[{"href":"https:\/\/jrahk.com\/fr\/wp-json\/wp\/v2\/types\/product"}],"replies":[{"embeddable":true,"href":"https:\/\/jrahk.com\/fr\/wp-json\/wp\/v2\/comments?post=1166"}],"version-history":[{"count":4,"href":"https:\/\/jrahk.com\/fr\/wp-json\/wp\/v2\/product\/1166\/revisions"}],"predecessor-version":[{"id":1264,"href":"https:\/\/jrahk.com\/fr\/wp-json\/wp\/v2\/product\/1166\/revisions\/1264"}],"wp:featuredmedia":[{"embeddable":true,"href":"https:\/\/jrahk.com\/fr\/wp-json\/wp\/v2\/media\/1167"}],"wp:attachment":[{"href":"https:\/\/jrahk.com\/fr\/wp-json\/wp\/v2\/media?parent=1166"}],"wp:term":[{"taxonomy":"product_brand","embeddable":true,"href":"https:\/\/jrahk.com\/fr\/wp-json\/wp\/v2\/product_brand?post=1166"},{"taxonomy":"product_cat","embeddable":true,"href":"https:\/\/jrahk.com\/fr\/wp-json\/wp\/v2\/product_cat?post=1166"},{"taxonomy":"product_tag","embeddable":true,"href":"https:\/\/jrahk.com\/fr\/wp-json\/wp\/v2\/product_tag?post=1166"}],"curies":[{"name":"wp","href":"https:\/\/api.w.org\/{rel}","templated":true}]}}