{"id":1152,"date":"2025-09-18T23:32:24","date_gmt":"2025-09-18T23:32:24","guid":{"rendered":"https:\/\/jrahk.com\/?post_type=product&#038;p=1152"},"modified":"2025-10-29T08:05:03","modified_gmt":"2025-10-29T08:05:03","slug":"con003-15g-200kit","status":"publish","type":"product","link":"https:\/\/jrahk.com\/fr\/con003-15g-200kit\/","title":{"rendered":"CON003-15G-200kit"},"content":{"rendered":"<table width=\"100%\">\n<tbody>\n<tr>\n<td width=\"250\">Tension<\/td>\n<td width=\"208\">36V-48V-52V-60V-72V<\/td>\n<\/tr>\n<tr>\n<td>Actuel<\/td>\n<td>34A-40A<\/td>\n<\/tr>\n<tr>\n<td>Puissance<\/td>\n<td>1000W-2000W<\/td>\n<\/tr>\n<tr>\n<td>Deux modes<\/td>\n<td width=\"208\">\u00a0Mode onde carr\u00e9e, mode sans hall<\/td>\n<\/tr>\n<tr>\n<td>Protection de l'environnement<\/td>\n<td width=\"208\">Protection contre les surintensit\u00e9s, les surchauffes, les blocages et les sous-tensions<\/td>\n<\/tr>\n<tr>\n<td>Angle de phase du moteur<\/td>\n<td width=\"208\">Capteurs \u00e0 effet Hall 60\u00b0\/120\u00b0 (identification automatique)<\/td>\n<\/tr>\n<tr>\n<td>Type de protocole<\/td>\n<td>Pas d'accord\/Accord en une ligne<\/td>\n<\/tr>\n<tr>\n<td>Mat\u00e9riau<\/td>\n<td>Alliage d'aluminium<\/td>\n<\/tr>\n<tr>\n<td>Poids<\/td>\n<td>940G<\/td>\n<\/tr>\n<tr>\n<td>Taille maximale<\/td>\n<td>211*88*48mm<\/td>\n<\/tr>\n<\/tbody>\n<\/table>","protected":false},"excerpt":{"rendered":"<p>Ce kit de contr\u00f4le intelligent \u00e0 onde carr\u00e9e est con\u00e7u pour une large gamme de syst\u00e8mes compatibles avec les v\u00e9los \u00e9lectriques. Il est dot\u00e9 d'une reconnaissance automatique de la tension dans une large gamme de 36 \u00e0 72 V, ce qui garantit une installation et un fonctionnement imm\u00e9diats sans configuration manuelle. Il offre deux modes d'entra\u00eenement : le mode onde carr\u00e9e pour une sortie de couple robuste et le mode onde carr\u00e9e sans capteur en tant que s\u00e9curit\u00e9 int\u00e9gr\u00e9e. Ce dernier mode peut \u00eatre commut\u00e9 manuellement ou automatiquement en cas de d\u00e9faillance d'un capteur \u00e0 effet Hall.<\/p>\n<p>Le kit est dot\u00e9 d'un \u00e9cran OLED \u00e9tanche SpeedDial\u2122 avec des limites de vitesse r\u00e9glables en temps r\u00e9el entre 25 et 80 km\/h, r\u00e9pondant ainsi \u00e0 divers besoins de conduite. Utilisant la technologie de derni\u00e8re g\u00e9n\u00e9ration Hall Effect System 2.0, il reconna\u00eet automatiquement les capteurs \u00e0 effet Hall \u00e0 cinq et six fils, \u00e9liminant ainsi le besoin de cavaliers ou de configuration suppl\u00e9mentaire. Si une d\u00e9faillance de l'effet Hall est d\u00e9tect\u00e9e, le syst\u00e8me passe en mode onde carr\u00e9e sans capteur en 300 millisecondes, en maintenant une puissance de sortie de 100% et en r\u00e9duisant les vibrations de d\u00e9marrage \u00e0 moins de 2 secondes, ce qui am\u00e9liore consid\u00e9rablement la fiabilit\u00e9 du syst\u00e8me.<\/p>\n<p>La conception avant-gardiste de ce produit garantit une large compatibilit\u00e9 avec les moteurs et un contr\u00f4le efficace, combinant de hautes performances et une grande fiabilit\u00e9, ce qui le rend id\u00e9al pour les trajets quotidiens et les v\u00e9los \u00e9lectriques de grande puissance.<\/p>","protected":false},"featured_media":1154,"comment_status":"closed","ping_status":"closed","template":"","meta":{"_acf_changed":false},"product_brand":[],"product_cat":[52],"product_tag":[],"class_list":{"0":"post-1152","1":"product","2":"type-product","3":"status-publish","4":"has-post-thumbnail","6":"product_cat-bldc-motor-controller-kit","8":"first","9":"instock","10":"shipping-taxable","11":"product-type-simple"},"acf":[],"_links":{"self":[{"href":"https:\/\/jrahk.com\/fr\/wp-json\/wp\/v2\/product\/1152","targetHints":{"allow":["GET"]}}],"collection":[{"href":"https:\/\/jrahk.com\/fr\/wp-json\/wp\/v2\/product"}],"about":[{"href":"https:\/\/jrahk.com\/fr\/wp-json\/wp\/v2\/types\/product"}],"replies":[{"embeddable":true,"href":"https:\/\/jrahk.com\/fr\/wp-json\/wp\/v2\/comments?post=1152"}],"version-history":[{"count":4,"href":"https:\/\/jrahk.com\/fr\/wp-json\/wp\/v2\/product\/1152\/revisions"}],"predecessor-version":[{"id":1187,"href":"https:\/\/jrahk.com\/fr\/wp-json\/wp\/v2\/product\/1152\/revisions\/1187"}],"wp:featuredmedia":[{"embeddable":true,"href":"https:\/\/jrahk.com\/fr\/wp-json\/wp\/v2\/media\/1154"}],"wp:attachment":[{"href":"https:\/\/jrahk.com\/fr\/wp-json\/wp\/v2\/media?parent=1152"}],"wp:term":[{"taxonomy":"product_brand","embeddable":true,"href":"https:\/\/jrahk.com\/fr\/wp-json\/wp\/v2\/product_brand?post=1152"},{"taxonomy":"product_cat","embeddable":true,"href":"https:\/\/jrahk.com\/fr\/wp-json\/wp\/v2\/product_cat?post=1152"},{"taxonomy":"product_tag","embeddable":true,"href":"https:\/\/jrahk.com\/fr\/wp-json\/wp\/v2\/product_tag?post=1152"}],"curies":[{"name":"wp","href":"https:\/\/api.w.org\/{rel}","templated":true}]}}