{"id":1142,"date":"2025-09-18T22:28:18","date_gmt":"2025-09-18T22:28:18","guid":{"rendered":"https:\/\/jrahk.com\/?post_type=product&#038;p=1142"},"modified":"2025-10-29T08:08:59","modified_gmt":"2025-10-29T08:08:59","slug":"con009-6g-gd","status":"publish","type":"product","link":"https:\/\/jrahk.com\/fr\/con009-6g-gd\/","title":{"rendered":"CON009-6G-GD"},"content":{"rendered":"<table style=\"border-collapse: collapse; width: 100%;\" border=\"0\" width=\"529\" cellspacing=\"0\" cellpadding=\"0\">\n<tbody>\n<tr style=\"height: 17.60pt;\">\n<td class=\"et2\" style=\"height: 17.60pt; width: 305.20pt;\" width=\"305\" height=\"17\">Tension<\/td>\n<td class=\"et2\" style=\"width: 224.70pt;\" width=\"224\">36V\/48V\/52V\/60V (auto-detection)<\/td>\n<\/tr>\n<tr style=\"height: 17.60pt;\">\n<td class=\"et2\" style=\"height: 17.60pt;\" height=\"17\">Actuel<\/td>\n<td class=\"et2\">18A-40A<\/td>\n<\/tr>\n<tr style=\"height: 17.60pt;\">\n<td class=\"et2\" style=\"height: 17.60pt;\" height=\"17\">Puissance<\/td>\n<td class=\"et2\">350W-2000W<\/td>\n<\/tr>\n<tr style=\"height: 34.00pt;\">\n<td class=\"et2\" style=\"height: 34.00pt;\" height=\"34\">Trois modes<\/td>\n<td class=\"et3\" style=\"width: 224.70pt;\" width=\"224\">Mode sinuso\u00efdal (FOC), mode carr\u00e9, mode sans hallucinations<\/td>\n<\/tr>\n<tr style=\"height: 34.00pt;\">\n<td class=\"et2\" style=\"height: 34.00pt;\" height=\"34\">Protection de l'environnement<\/td>\n<td class=\"et3\" style=\"width: 224.70pt;\" width=\"224\">Protection contre les surintensit\u00e9s, les surchauffes, les blocages et les sous-tensions<\/td>\n<\/tr>\n<tr style=\"height: 34.00pt;\">\n<td class=\"et2\" style=\"height: 34.00pt;\" height=\"34\">Angle de phase du moteur<\/td>\n<td class=\"et3\" style=\"width: 224.70pt;\" width=\"224\">Capteurs \u00e0 effet Hall 60\u00b0\/120\u00b0 (identification automatique)<\/td>\n<\/tr>\n<tr style=\"height: 17.60pt;\">\n<td class=\"et2\" style=\"height: 17.60pt;\" height=\"17\">Type de protocole<\/td>\n<td class=\"et2\">Pas d'accord\/Accord en une ligne<\/td>\n<\/tr>\n<tr style=\"height: 17.60pt;\">\n<td class=\"et2\" style=\"height: 17.60pt;\" height=\"17\">Mat\u00e9riau<\/td>\n<td class=\"et2\">Alliage d'aluminium<\/td>\n<\/tr>\n<tr style=\"height: 17.60pt;\">\n<td class=\"et2\" style=\"height: 17.60pt;\" height=\"17\">Poids<\/td>\n<td class=\"et2\">454G<\/td>\n<\/tr>\n<tr style=\"height: 17.60pt;\">\n<td class=\"et2\" style=\"height: 17.60pt;\" height=\"17\">Taille maximale<\/td>\n<td class=\"et2\">181*55*32mm<\/td>\n<\/tr>\n<\/tbody>\n<\/table>","protected":false},"excerpt":{"rendered":"<p>Ce contr\u00f4leur sinuso\u00efdal \u00e0 double entra\u00eenement \u00e9lectrique de haute performance est con\u00e7u pour des applications polyvalentes d'e-bike et d'e-scooter, offrant une d\u00e9tection intelligente de tension automatique de 36V \u00e0 60V sans aucune configuration requise. Il prend en charge le fonctionnement d'un moteur simple ou double avec deux canaux ind\u00e9pendants de 20 A maximum (40 A maximum en cr\u00eate), offrant des options d'alimentation flexibles pour une large gamme de conceptions de v\u00e9hicules.<\/p>\n<p>Le contr\u00f4leur est dot\u00e9 de trois modes de forme d'onde : onde sinuso\u00efdale pour le contr\u00f4le synchronis\u00e9 de deux moteurs (moins de 5\u00b0 d'erreur de phase), onde carr\u00e9e pour l'augmentation instantan\u00e9e du couple et mode sans capteur comme solution de secours intelligente en cas de d\u00e9faillance du capteur \u00e0 effet Hall. Dot\u00e9 d'une conception avanc\u00e9e de tol\u00e9rance aux pannes, il passe automatiquement en mode sans capteur dans les 200 ms tout en conservant une vitesse de 100%, ce qui est nettement sup\u00e9rieur aux performances des concurrents qui tombent g\u00e9n\u00e9ralement \u00e0 une vitesse de 60%.<\/p>\n<p>Avec la prise en charge de 1 \u00e0 2 moteurs sans reconfiguration, un contr\u00f4le du courant de haute pr\u00e9cision et une gestion thermique robuste, il offre une adaptabilit\u00e9, une fiabilit\u00e9 et une fluidit\u00e9 de fonctionnement in\u00e9gal\u00e9es pour chaque trajet.<\/p>\n<p>\u3010A propos du courant et de la puissance\u30111. Le courant de l'entra\u00eenement simple est \u00e9valu\u00e9 \u00e0 18A et le courant maximum est de 20A. Le courant de l'entra\u00eenement double est \u00e9valu\u00e9 \u00e0 36A et le courant maximum est de 40A.2. \u00c0 propos de la puissance. La puissance peut \u00eatre divis\u00e9e en puissance calcul\u00e9e et puissance nominale. La puissance nominale de l'entra\u00eenement simple est de 350W-500W, la puissance calcul\u00e9e est de 1000w, la puissance nominale de l'entra\u00eenement double est de 500W-1000w, et la puissance de l'entra\u00eenement double est de 2000w.<\/p>","protected":false},"featured_media":1146,"comment_status":"closed","ping_status":"closed","template":"","meta":{"_acf_changed":false},"product_brand":[],"product_cat":[27],"product_tag":[],"class_list":{"0":"post-1142","1":"product","2":"type-product","3":"status-publish","4":"has-post-thumbnail","6":"product_cat-bldc-motor-controller","8":"first","9":"instock","10":"shipping-taxable","11":"product-type-simple"},"acf":[],"_links":{"self":[{"href":"https:\/\/jrahk.com\/fr\/wp-json\/wp\/v2\/product\/1142","targetHints":{"allow":["GET"]}}],"collection":[{"href":"https:\/\/jrahk.com\/fr\/wp-json\/wp\/v2\/product"}],"about":[{"href":"https:\/\/jrahk.com\/fr\/wp-json\/wp\/v2\/types\/product"}],"replies":[{"embeddable":true,"href":"https:\/\/jrahk.com\/fr\/wp-json\/wp\/v2\/comments?post=1142"}],"version-history":[{"count":2,"href":"https:\/\/jrahk.com\/fr\/wp-json\/wp\/v2\/product\/1142\/revisions"}],"predecessor-version":[{"id":1145,"href":"https:\/\/jrahk.com\/fr\/wp-json\/wp\/v2\/product\/1142\/revisions\/1145"}],"wp:featuredmedia":[{"embeddable":true,"href":"https:\/\/jrahk.com\/fr\/wp-json\/wp\/v2\/media\/1146"}],"wp:attachment":[{"href":"https:\/\/jrahk.com\/fr\/wp-json\/wp\/v2\/media?parent=1142"}],"wp:term":[{"taxonomy":"product_brand","embeddable":true,"href":"https:\/\/jrahk.com\/fr\/wp-json\/wp\/v2\/product_brand?post=1142"},{"taxonomy":"product_cat","embeddable":true,"href":"https:\/\/jrahk.com\/fr\/wp-json\/wp\/v2\/product_cat?post=1142"},{"taxonomy":"product_tag","embeddable":true,"href":"https:\/\/jrahk.com\/fr\/wp-json\/wp\/v2\/product_tag?post=1142"}],"curies":[{"name":"wp","href":"https:\/\/api.w.org\/{rel}","templated":true}]}}