{"id":1125,"date":"2025-09-18T22:09:40","date_gmt":"2025-09-18T22:09:40","guid":{"rendered":"https:\/\/jrahk.com\/?post_type=product&#038;p=1125"},"modified":"2025-10-29T08:11:18","modified_gmt":"2025-10-29T08:11:18","slug":"con005-7255","status":"publish","type":"product","link":"https:\/\/jrahk.com\/fr\/con005-7255\/","title":{"rendered":"CON005-7255"},"content":{"rendered":"<table style=\"border-collapse: collapse; width: 100%;\" border=\"0\" width=\"459\" cellspacing=\"0\" cellpadding=\"0\">\n<tbody>\n<tr style=\"height: 16.80pt;\">\n<td style=\"height: 16.80pt; width: 250.90pt;\" width=\"250\" height=\"16\">Tension<\/td>\n<td style=\"width: 208.65pt;\" width=\"208\">48V-60V-72V<\/td>\n<\/tr>\n<tr style=\"height: 16.80pt;\">\n<td style=\"height: 16.80pt;\" height=\"16\">Actuel<\/td>\n<td>55A<\/td>\n<\/tr>\n<tr style=\"height: 16.80pt;\">\n<td style=\"height: 16.80pt;\" height=\"16\">Puissance<\/td>\n<td>1000W-3000W<\/td>\n<\/tr>\n<tr style=\"height: 45.00pt;\">\n<td style=\"height: 45.00pt;\" height=\"45\">Trois modes<\/td>\n<td class=\"et3\" style=\"width: 208.65pt;\" width=\"208\">Mode sinuso\u00efdal (FOC), mode carr\u00e9, mode sans hallucinations<\/td>\n<\/tr>\n<tr style=\"height: 34.00pt;\">\n<td style=\"height: 34.00pt;\" height=\"34\">Protection de l'environnement<\/td>\n<td class=\"et3\" style=\"width: 208.65pt;\" width=\"208\">Protection contre les surintensit\u00e9s, les surchauffes, les blocages et les sous-tensions<\/td>\n<\/tr>\n<tr style=\"height: 33.00pt;\">\n<td style=\"height: 33.00pt;\" height=\"33\">Angle de phase du moteur<\/td>\n<td class=\"et3\" style=\"width: 208.65pt;\" width=\"208\">Capteurs \u00e0 effet Hall 60\u00b0\/120\u00b0 (identification automatique)<\/td>\n<\/tr>\n<tr style=\"height: 16.80pt;\">\n<td style=\"height: 16.80pt;\" height=\"16\">Type de protocole<\/td>\n<td>Pas d'accord\/Accord en une ligne<\/td>\n<\/tr>\n<tr style=\"height: 16.80pt;\">\n<td style=\"height: 16.80pt;\" height=\"16\">Mat\u00e9riau<\/td>\n<td>Alliage d'aluminium<\/td>\n<\/tr>\n<tr style=\"height: 16.80pt;\">\n<td style=\"height: 16.80pt;\" height=\"16\">Poids<\/td>\n<td>1020G<\/td>\n<\/tr>\n<tr style=\"height: 16.80pt;\">\n<td style=\"height: 16.80pt;\" height=\"16\">Taille maximale<\/td>\n<td>191*110*51mm<\/td>\n<\/tr>\n<\/tbody>\n<\/table>","protected":false},"excerpt":{"rendered":"<p>Ce contr\u00f4leur sinuso\u00efdal haute performance est con\u00e7u pour les motos \u00e9lectriques puissantes, offrant une reconnaissance automatique de la tension sur les syst\u00e8mes 48V, 60V et 72V sans configuration manuelle. Il offre un contr\u00f4le intelligent du courant \u00e0 trois vitesses gr\u00e2ce au cadran innovant PowerShift\u2122, permettant une commutation transparente entre les modes Eco (30A), Cruise (40A) et Beast (55A) pour s'adapter aux exigences de la conduite.<\/p>\n<p>\u00c9quip\u00e9 d'une triple forme d'onde, il fournit une sortie sinuso\u00efdale ultra-douce sur tous les rapports, ainsi qu'une onde carr\u00e9e manuelle et une sauvegarde automatique sans capteur. Le syst\u00e8me de s\u00e9curit\u00e9 avanc\u00e9 passe instantan\u00e9ment en mode sans capteur en cas de d\u00e9faillance du capteur \u00e0 effet Hall, maintenant la vitesse de l'engrenage en cours pour un fonctionnement continu et s\u00fbr.<\/p>\n<p>Avec la prise en charge du courant de rafale par engrenage (en fonction de la capacit\u00e9 de la batterie et du moteur), une sortie de haute pr\u00e9cision et une gestion thermique robuste, ce contr\u00f4leur garantit des performances puissantes, adaptatives et tr\u00e8s fiables pour les applications de motocyclettes \u00e9lectriques de haute puissance.<\/p>","protected":false},"featured_media":1128,"comment_status":"closed","ping_status":"closed","template":"","meta":{"_acf_changed":false},"product_brand":[],"product_cat":[27],"product_tag":[],"class_list":{"0":"post-1125","1":"product","2":"type-product","3":"status-publish","4":"has-post-thumbnail","6":"product_cat-bldc-motor-controller","8":"first","9":"instock","10":"shipping-taxable","11":"product-type-simple"},"acf":[],"_links":{"self":[{"href":"https:\/\/jrahk.com\/fr\/wp-json\/wp\/v2\/product\/1125","targetHints":{"allow":["GET"]}}],"collection":[{"href":"https:\/\/jrahk.com\/fr\/wp-json\/wp\/v2\/product"}],"about":[{"href":"https:\/\/jrahk.com\/fr\/wp-json\/wp\/v2\/types\/product"}],"replies":[{"embeddable":true,"href":"https:\/\/jrahk.com\/fr\/wp-json\/wp\/v2\/comments?post=1125"}],"version-history":[{"count":6,"href":"https:\/\/jrahk.com\/fr\/wp-json\/wp\/v2\/product\/1125\/revisions"}],"predecessor-version":[{"id":1141,"href":"https:\/\/jrahk.com\/fr\/wp-json\/wp\/v2\/product\/1125\/revisions\/1141"}],"wp:featuredmedia":[{"embeddable":true,"href":"https:\/\/jrahk.com\/fr\/wp-json\/wp\/v2\/media\/1128"}],"wp:attachment":[{"href":"https:\/\/jrahk.com\/fr\/wp-json\/wp\/v2\/media?parent=1125"}],"wp:term":[{"taxonomy":"product_brand","embeddable":true,"href":"https:\/\/jrahk.com\/fr\/wp-json\/wp\/v2\/product_brand?post=1125"},{"taxonomy":"product_cat","embeddable":true,"href":"https:\/\/jrahk.com\/fr\/wp-json\/wp\/v2\/product_cat?post=1125"},{"taxonomy":"product_tag","embeddable":true,"href":"https:\/\/jrahk.com\/fr\/wp-json\/wp\/v2\/product_tag?post=1125"}],"curies":[{"name":"wp","href":"https:\/\/api.w.org\/{rel}","templated":true}]}}