{"id":2257,"date":"2026-04-11T09:11:48","date_gmt":"2026-04-11T09:11:48","guid":{"rendered":"https:\/\/jrahk.com\/?post_type=product&#038;p=2257"},"modified":"2026-04-11T09:50:42","modified_gmt":"2026-04-11T09:50:42","slug":"con002-18g-sl50a","status":"publish","type":"product","link":"https:\/\/jrahk.com\/es\/con002-18g-sl50a\/","title":{"rendered":"CON002-18G-SL50A"},"content":{"rendered":"<div style=\"width: 100%;\">\n<table style=\"border-collapse: collapse; width: 100%;\" border=\"0\" cellspacing=\"0\" cellpadding=\"0\">\n<tbody>\n<tr>\n<td style=\"width: 50%;\">Tensi\u00f3n<\/td>\n<td style=\"width: 50%;\">48V-60V-64V-72V-84V<\/td>\n<\/tr>\n<tr>\n<td>Actual<\/td>\n<td>45A-50A<\/td>\n<\/tr>\n<tr>\n<td>Potencia<\/td>\n<td><span data-slate-fragment=\"JTdCJTIyb2JqZWN0JTIyJTNBJTIyZG9jdW1lbnQlMjIlMkMlMjJkYXRhJTIyJTNBJTdCJTdEJTJDJTIybm9kZXMlMjIlM0ElNUIlN0IlMjJvYmplY3QlMjIlM0ElMjJibG9jayUyMiUyQyUyMnR5cGUlMjIlM0ElMjJkaXYlMjIlMkMlMjJpc1ZvaWQlMjIlM0FmYWxzZSUyQyUyMmRhdGElMjIlM0ElN0IlMjJjbGFzc05hbWUlMjIlM0ElMjJkZXRhaWxtb2R1bGVfaHRtbCUyMiU3RCUyQyUyMm5vZGVzJTIyJTNBJTVCJTdCJTIyb2JqZWN0JTIyJTNBJTIyYmxvY2slMjIlMkMlMjJ0eXBlJTIyJTNBJTIyZGl2JTIyJTJDJTIyaXNWb2lkJTIyJTNBZmFsc2UlMkMlMjJkYXRhJTIyJTNBJTdCJTIyY2xhc3NOYW1lJTIyJTNBJTIyZGV0YWlsLWRlc2MtZGVjb3JhdGUtcmljaHRleHQlMjIlN0QlMkMlMjJub2RlcyUyMiUzQSU1QiU3QiUyMm9iamVjdCUyMiUzQSUyMmJsb2NrJTIyJTJDJTIydHlwZSUyMiUzQSUyMmRpdiUyMiUyQyUyMmlzVm9pZCUyMiUzQWZhbHNlJTJDJTIyZGF0YSUyMiUzQSU3QiU3RCUyQyUyMm5vZGVzJTIyJTNBJTVCJTdCJTIyb2JqZWN0JTIyJTNBJTIyYmxvY2slMjIlMkMlMjJ0eXBlJTIyJTNBJTIyZGl2JTIyJTJDJTIyaXNWb2lkJTIyJTNBZmFsc2UlMkMlMjJkYXRhJTIyJTNBJTdCJTdEJTJDJTIybm9kZXMlMjIlM0ElNUIlN0IlMjJvYmplY3QlMjIlM0ElMjJibG9jayUyMiUyQyUyMnR5cGUlMjIlM0ElMjJkaXYlMjIlMkMlMjJpc1ZvaWQlMjIlM0FmYWxzZSUyQyUyMmRhdGElMjIlM0ElN0IlN0QlMkMlMjJub2RlcyUyMiUzQSU1QiU3QiUyMm9iamVjdCUyMiUzQSUyMmJsb2NrJTIyJTJDJTIydHlwZSUyMiUzQSUyMmRpdiUyMiUyQyUyMmlzVm9pZCUyMiUzQWZhbHNlJTJDJTIyZGF0YSUyMiUzQSU3QiU3RCUyQyUyMm5vZGVzJTIyJTNBJTVCJTdCJTIyb2JqZWN0JTIyJTNBJTIyYmxvY2slMjIlMkMlMjJ0eXBlJTIyJTNBJTIyZGl2JTIyJTJDJTIyaXNWb2lkJTIyJTNBZmFsc2UlMkMlMjJkYXRhJTIyJTNBJTdCJTdEJTJDJTIybm9kZXMlMjIlM0ElNUIlN0IlMjJvYmplY3QlMjIlM0ElMjJibG9jayUyMiUyQyUyMnR5cGUlMjIlM0ElMjJ1bm9yZGVyZWRfbGlzdCUyMiUyQyUyMmlzVm9pZCUyMiUzQWZhbHNlJTJDJTIyZGF0YSUyMiUzQSU3QiU3RCUyQyUyMm5vZGVzJTIyJTNBJTVCJTdCJTIyb2JqZWN0JTIyJTNBJTIyYmxvY2slMjIlMkMlMjJ0eXBlJTIyJTNBJTIybGlzdF9pdGVtJTIyJTJDJTIyaXNWb2lkJTIyJTNBZmFsc2UlMkMlMjJkYXRhJTIyJTNBJTdCJTdEJTJDJTIybm9kZXMlMjIlM0ElNUIlN0IlMjJvYmplY3QlMjIlM0ElMjJibG9jayUyMiUyQyUyMnR5cGUlMjIlM0ElMjJwYXJhZ3JhcGglMjIlMkMlMjJpc1ZvaWQlMjIlM0FmYWxzZSUyQyUyMmRhdGElMjIlM0ElN0IlMjJhbGlnbiUyMiUzQSUyMmxlZnQlMjIlMkMlMjJzdHlsZSUyMiUzQSU3QiUyMmZvbnRXZWlnaHQlMjIlM0ElMjJub3JtYWwlMjIlMkMlMjJ0ZXh0QWxpZ24lMjIlM0ElMjJsZWZ0JTIyJTJDJTIyZGlzcGxheSUyMiUzQSUyMmJsb2NrJTIyJTJDJTIyd2lkdGglMjIlM0ElMjIxMDAlMjUlMjIlN0QlN0QlMkMlMjJub2RlcyUyMiUzQSU1QiU3QiUyMm9iamVjdCUyMiUzQSUyMnRleHQlMjIlMkMlMjJsZWF2ZXMlMjIlM0ElNUIlN0IlMjJvYmplY3QlMjIlM0ElMjJsZWFmJTIyJTJDJTIydGV4dCUyMiUzQSUyMjI1MDBXLTMwMDBXJTIyJTJDJTIybWFya3MlMjIlM0ElNUIlNUQlN0QlNUQlN0QlNUQlN0QlNUQlN0QlNUQlN0QlNUQlN0QlNUQlN0QlNUQlN0QlNUQlN0QlNUQlN0QlNUQlN0QlNUQlN0QlNUQlN0Q=\">2500W-3000W<\/span><\/td>\n<\/tr>\n<tr>\n<td>Tres modos<\/td>\n<td>Modo de onda cuadrada, modo Hallless<\/td>\n<\/tr>\n<tr>\n<td>Protecci\u00f3n<\/td>\n<td>Protecci\u00f3n contra sobrecorriente, sobretemperatura, bloqueo y subtensi\u00f3n<\/td>\n<\/tr>\n<tr>\n<td>\u00c1ngulo de fase del motor<\/td>\n<td>Sensores Hall 60\u00b0\/120\u00b0 (identificaci\u00f3n autom\u00e1tica)<\/td>\n<\/tr>\n<tr>\n<td>Tipo de protocolo<\/td>\n<td>Sin acuerdo\/Acuerdo unilateral<\/td>\n<\/tr>\n<tr>\n<td>Material<\/td>\n<td>Aleaci\u00f3n de aluminio<\/td>\n<\/tr>\n<tr>\n<td>Peso<\/td>\n<td>1044G<\/td>\n<\/tr>\n<tr>\n<td>Tama\u00f1o m\u00e1ximo<\/td>\n<td>195*105*60mm<\/td>\n<\/tr>\n<tr>\n<td>Caracter\u00edsticas<\/td>\n<td>Velocidad de avance = Velocidad de retroceso<\/td>\n<\/tr>\n<\/tbody>\n<\/table>\n<\/div>","protected":false},"excerpt":{"rendered":"<p>Este controlador el\u00e9ctrico de onda cuadrada de alto rendimiento est\u00e1 dise\u00f1ado para los entusiastas del bricolaje, logrando un gran avance al garantizar velocidades completamente consistentes hacia adelante y hacia atr\u00e1s: la salida de potencia, la respuesta de par y la velocidad m\u00e1xima son id\u00e9nticas tanto si se va hacia adelante como hacia atr\u00e1s. La marcha atr\u00e1s ya no es un modo de reserva \u201cimprovisado\u201d, sino una aut\u00e9ntica marcha atr\u00e1s a toda velocidad, que permite derrapar marcha atr\u00e1s. Consigue un ajuste autom\u00e1tico inteligente del voltaje dentro de un rango de voltaje de 48 V a 84 V sin necesidad de configuraci\u00f3n. Ofrece m\u00faltiples modos de conducci\u00f3n, incluido un modo de onda cuadrada para una respuesta de par instant\u00e1nea y un modo sin sensor como reserva de emergencia fiable. Las velocidades de avance y retroceso id\u00e9nticas garantizan un rendimiento equilibrado en ambas direcciones, satisfaciendo las necesidades de las aplicaciones que requieren un control de retroceso preciso. Equipado con la tecnolog\u00eda de protecci\u00f3n contra fallos SafeRide\u2122, el controlador cambia autom\u00e1ticamente al modo sin sensor en 200 milisegundos en caso de fallo del sensor Hall, manteniendo la velocidad 100% y garantizando una conducci\u00f3n ininterrumpida. La alta eficiencia de hasta 94%, el control preciso de la corriente (\u00b10,5A) y la amplia compatibilidad del motor garantizan una experiencia tolerante a fallos, adaptable y fluida en cada trayecto.<\/p>","protected":false},"featured_media":2265,"comment_status":"closed","ping_status":"closed","template":"","meta":{"_acf_changed":false},"product_brand":[],"product_cat":[27,50],"product_tag":[],"class_list":{"0":"post-2257","1":"product","2":"type-product","3":"status-publish","4":"has-post-thumbnail","6":"product_cat-bldc-motor-controller","7":"product_cat-dual-mode-controllers","9":"first","10":"instock","11":"shipping-taxable","12":"product-type-simple"},"acf":[],"_links":{"self":[{"href":"https:\/\/jrahk.com\/es\/wp-json\/wp\/v2\/product\/2257","targetHints":{"allow":["GET"]}}],"collection":[{"href":"https:\/\/jrahk.com\/es\/wp-json\/wp\/v2\/product"}],"about":[{"href":"https:\/\/jrahk.com\/es\/wp-json\/wp\/v2\/types\/product"}],"replies":[{"embeddable":true,"href":"https:\/\/jrahk.com\/es\/wp-json\/wp\/v2\/comments?post=2257"}],"version-history":[{"count":1,"href":"https:\/\/jrahk.com\/es\/wp-json\/wp\/v2\/product\/2257\/revisions"}],"predecessor-version":[{"id":2267,"href":"https:\/\/jrahk.com\/es\/wp-json\/wp\/v2\/product\/2257\/revisions\/2267"}],"wp:featuredmedia":[{"embeddable":true,"href":"https:\/\/jrahk.com\/es\/wp-json\/wp\/v2\/media\/2265"}],"wp:attachment":[{"href":"https:\/\/jrahk.com\/es\/wp-json\/wp\/v2\/media?parent=2257"}],"wp:term":[{"taxonomy":"product_brand","embeddable":true,"href":"https:\/\/jrahk.com\/es\/wp-json\/wp\/v2\/product_brand?post=2257"},{"taxonomy":"product_cat","embeddable":true,"href":"https:\/\/jrahk.com\/es\/wp-json\/wp\/v2\/product_cat?post=2257"},{"taxonomy":"product_tag","embeddable":true,"href":"https:\/\/jrahk.com\/es\/wp-json\/wp\/v2\/product_tag?post=2257"}],"curies":[{"name":"wp","href":"https:\/\/api.w.org\/{rel}","templated":true}]}}