{"id":2191,"date":"2026-04-10T09:00:34","date_gmt":"2026-04-10T09:00:34","guid":{"rendered":"https:\/\/jrahk.com\/?post_type=product&#038;p=2191"},"modified":"2026-04-11T08:46:30","modified_gmt":"2026-04-11T08:46:30","slug":"con003-9g-100kit","status":"publish","type":"product","link":"https:\/\/jrahk.com\/es\/con003-9g-100kit\/","title":{"rendered":"CON003-9G-100kit"},"content":{"rendered":"<div style=\"width: 100%;\">\n<table style=\"border-collapse: collapse; width: 100%;\" border=\"0\" cellspacing=\"0\" cellpadding=\"0\">\n<tbody>\n<tr>\n<td style=\"width: 50%;\">Tensi\u00f3n<\/td>\n<td style=\"width: 50%;\">36V-48V-52V-60V-72V<\/td>\n<\/tr>\n<tr>\n<td>Actual<\/td>\n<td>20A-26A<\/td>\n<\/tr>\n<tr>\n<td>Potencia<\/td>\n<td>400W-600W<\/td>\n<\/tr>\n<tr>\n<td>Tres modos<\/td>\n<td>Modo de onda cuadrada, modo Hallless<\/td>\n<\/tr>\n<tr>\n<td>Protecci\u00f3n<\/td>\n<td>Protecci\u00f3n contra sobrecorriente, sobretemperatura, bloqueo y subtensi\u00f3n<\/td>\n<\/tr>\n<tr>\n<td>\u00c1ngulo de fase del motor<\/td>\n<td>Sensores Hall 60\u00b0\/120\u00b0 (identificaci\u00f3n autom\u00e1tica)<\/td>\n<\/tr>\n<tr>\n<td>Tipo de protocolo<\/td>\n<td>UART2<\/td>\n<\/tr>\n<tr>\n<td>Material<\/td>\n<td>Aleaci\u00f3n de aluminio<\/td>\n<\/tr>\n<tr>\n<td>Peso<\/td>\n<td>738G<\/td>\n<\/tr>\n<tr>\n<td>Tama\u00f1o del envase<\/td>\n<td>290*130*60mm<\/td>\n<\/tr>\n<\/tbody>\n<\/table>\n<\/div>","protected":false},"excerpt":{"rendered":"<p>Este controlador de onda cuadrada de alto rendimiento est\u00e1 dise\u00f1ado para e-bikes universales, proporcionando una regulaci\u00f3n autom\u00e1tica inteligente del voltaje de 36V a 72V sin necesidad de configuraci\u00f3n. Ofrece m\u00faltiples modos de conducci\u00f3n, incluido un modo de onda cuadrada para una respuesta de par instant\u00e1nea y un fiable modo de reserva de emergencia: el modo sin sensor. Equipado con la tecnolog\u00eda de protecci\u00f3n contra fallos SafeRide\u2122, el controlador cambia autom\u00e1ticamente al modo sin sensor en 200 milisegundos en caso de fallo del sensor Hall, manteniendo la velocidad 100% y garantizando una conducci\u00f3n ininterrumpida. Con una eficiencia de hasta 94%, un control preciso de la corriente (\u00b10,5A) y una amplia compatibilidad con motores, ofrece una experiencia de conducci\u00f3n tolerante a fallos, adaptable y suave en cada trayecto.<\/p>","protected":false},"featured_media":2179,"comment_status":"closed","ping_status":"closed","template":"","meta":{"_acf_changed":false},"product_brand":[],"product_cat":[52,54],"product_tag":[],"class_list":{"0":"post-2191","1":"product","2":"type-product","3":"status-publish","4":"has-post-thumbnail","6":"product_cat-bldc-motor-controller-kit","7":"product_cat-dual-mode-kit-controllers","9":"first","10":"instock","11":"shipping-taxable","12":"product-type-simple"},"acf":[],"_links":{"self":[{"href":"https:\/\/jrahk.com\/es\/wp-json\/wp\/v2\/product\/2191","targetHints":{"allow":["GET"]}}],"collection":[{"href":"https:\/\/jrahk.com\/es\/wp-json\/wp\/v2\/product"}],"about":[{"href":"https:\/\/jrahk.com\/es\/wp-json\/wp\/v2\/types\/product"}],"replies":[{"embeddable":true,"href":"https:\/\/jrahk.com\/es\/wp-json\/wp\/v2\/comments?post=2191"}],"version-history":[{"count":3,"href":"https:\/\/jrahk.com\/es\/wp-json\/wp\/v2\/product\/2191\/revisions"}],"predecessor-version":[{"id":2214,"href":"https:\/\/jrahk.com\/es\/wp-json\/wp\/v2\/product\/2191\/revisions\/2214"}],"wp:featuredmedia":[{"embeddable":true,"href":"https:\/\/jrahk.com\/es\/wp-json\/wp\/v2\/media\/2179"}],"wp:attachment":[{"href":"https:\/\/jrahk.com\/es\/wp-json\/wp\/v2\/media?parent=2191"}],"wp:term":[{"taxonomy":"product_brand","embeddable":true,"href":"https:\/\/jrahk.com\/es\/wp-json\/wp\/v2\/product_brand?post=2191"},{"taxonomy":"product_cat","embeddable":true,"href":"https:\/\/jrahk.com\/es\/wp-json\/wp\/v2\/product_cat?post=2191"},{"taxonomy":"product_tag","embeddable":true,"href":"https:\/\/jrahk.com\/es\/wp-json\/wp\/v2\/product_tag?post=2191"}],"curies":[{"name":"wp","href":"https:\/\/api.w.org\/{rel}","templated":true}]}}