{"id":2161,"date":"2026-03-30T08:56:29","date_gmt":"2026-03-30T08:56:29","guid":{"rendered":"https:\/\/jrahk.com\/?post_type=product&#038;p=2161"},"modified":"2026-03-30T09:03:16","modified_gmt":"2026-03-30T09:03:16","slug":"con003-6g-200kit","status":"publish","type":"product","link":"https:\/\/jrahk.com\/es\/con003-6g-200kit\/","title":{"rendered":"CON003-6G-200kit"},"content":{"rendered":"<div style=\"width: 100%;\">\n<table style=\"border-collapse: collapse; width: 100%;\" border=\"0\" cellspacing=\"0\" cellpadding=\"0\">\n<tbody>\n<tr>\n<td style=\"width: 50%;\">Tensi\u00f3n<\/td>\n<td style=\"width: 50%;\">36V-48V-52V-60V<\/td>\n<\/tr>\n<tr>\n<td>Actual<\/td>\n<td>7A-20A<\/td>\n<\/tr>\n<tr>\n<td>Potencia<\/td>\n<td>250W-400W<\/td>\n<\/tr>\n<tr>\n<td>Tres modos<\/td>\n<td>Modo de onda cuadrada, modo Hallless<\/td>\n<\/tr>\n<tr>\n<td>Protecci\u00f3n<\/td>\n<td>Protecci\u00f3n contra sobrecorriente, sobretemperatura, bloqueo y subtensi\u00f3n<\/td>\n<\/tr>\n<tr>\n<td>\u00c1ngulo de fase del motor<\/td>\n<td>Sensores Hall 60\u00b0\/120\u00b0 (identificaci\u00f3n autom\u00e1tica)<\/td>\n<\/tr>\n<tr>\n<td>Tipo de protocolo<\/td>\n<td>UART2<\/td>\n<\/tr>\n<tr>\n<td>Material<\/td>\n<td>Aleaci\u00f3n de aluminio<\/td>\n<\/tr>\n<tr>\n<td>Peso<\/td>\n<td>367G<\/td>\n<\/tr>\n<tr>\n<td>Tama\u00f1o del envase20<\/td>\n<td>20*130*60mm<\/td>\n<\/tr>\n<\/tbody>\n<\/table>\n<\/div>","protected":false},"excerpt":{"rendered":"<p>Este controlador el\u00e9ctrico de onda sinusoidal de alto rendimiento est\u00e1 dise\u00f1ado para e-bikes universales, permitiendo una regulaci\u00f3n autom\u00e1tica inteligente del voltaje de 36V a 60V sin necesidad de configuraci\u00f3n. Ofrece m\u00faltiples modos de conducci\u00f3n, incluido un modo de onda cuadrada para una respuesta de par instant\u00e1nea y un modo de reserva de emergencia fiable: el modo sin sensor. Equipado con la tecnolog\u00eda de protecci\u00f3n contra fallos SafeRide\u2122, el controlador cambia autom\u00e1ticamente al modo sin sensor en 200 milisegundos en caso de fallo del sensor Hall, manteniendo la velocidad 100% para garantizar una conducci\u00f3n ininterrumpida. Con una eficiencia de hasta 94%, un control preciso de la corriente (\u00b10,5A) y una amplia compatibilidad con motores, proporciona una experiencia de conducci\u00f3n tolerante a fallos, adaptable y suave en cada trayecto.<\/p>","protected":false},"featured_media":2149,"comment_status":"closed","ping_status":"closed","template":"","meta":{"_acf_changed":false},"product_brand":[],"product_cat":[52,54],"product_tag":[],"class_list":{"0":"post-2161","1":"product","2":"type-product","3":"status-publish","4":"has-post-thumbnail","6":"product_cat-bldc-motor-controller-kit","7":"product_cat-dual-mode-kit-controllers","9":"first","10":"instock","11":"shipping-taxable","12":"product-type-simple"},"acf":[],"_links":{"self":[{"href":"https:\/\/jrahk.com\/es\/wp-json\/wp\/v2\/product\/2161","targetHints":{"allow":["GET"]}}],"collection":[{"href":"https:\/\/jrahk.com\/es\/wp-json\/wp\/v2\/product"}],"about":[{"href":"https:\/\/jrahk.com\/es\/wp-json\/wp\/v2\/types\/product"}],"replies":[{"embeddable":true,"href":"https:\/\/jrahk.com\/es\/wp-json\/wp\/v2\/comments?post=2161"}],"version-history":[{"count":2,"href":"https:\/\/jrahk.com\/es\/wp-json\/wp\/v2\/product\/2161\/revisions"}],"predecessor-version":[{"id":2171,"href":"https:\/\/jrahk.com\/es\/wp-json\/wp\/v2\/product\/2161\/revisions\/2171"}],"wp:featuredmedia":[{"embeddable":true,"href":"https:\/\/jrahk.com\/es\/wp-json\/wp\/v2\/media\/2149"}],"wp:attachment":[{"href":"https:\/\/jrahk.com\/es\/wp-json\/wp\/v2\/media?parent=2161"}],"wp:term":[{"taxonomy":"product_brand","embeddable":true,"href":"https:\/\/jrahk.com\/es\/wp-json\/wp\/v2\/product_brand?post=2161"},{"taxonomy":"product_cat","embeddable":true,"href":"https:\/\/jrahk.com\/es\/wp-json\/wp\/v2\/product_cat?post=2161"},{"taxonomy":"product_tag","embeddable":true,"href":"https:\/\/jrahk.com\/es\/wp-json\/wp\/v2\/product_tag?post=2161"}],"curies":[{"name":"wp","href":"https:\/\/api.w.org\/{rel}","templated":true}]}}