{"id":2145,"date":"2026-03-30T08:46:08","date_gmt":"2026-03-30T08:46:08","guid":{"rendered":"https:\/\/jrahk.com\/?post_type=product&#038;p=2145"},"modified":"2026-03-30T08:47:39","modified_gmt":"2026-03-30T08:47:39","slug":"con008b-kit-6g-wxgn301","status":"publish","type":"product","link":"https:\/\/jrahk.com\/es\/con008b-kit-6g-wxgn301\/","title":{"rendered":"CON008B-6G kit-WXGN301"},"content":{"rendered":"<div style=\"width: 100%;\">\n<table style=\"border-collapse: collapse; width: 100%;\" border=\"0\" cellspacing=\"0\" cellpadding=\"0\">\n<tbody>\n<tr>\n<td style=\"width: 50%;\">Tensi\u00f3n<\/td>\n<td style=\"width: 50%;\">36V-48V-52V-60V<\/td>\n<\/tr>\n<tr>\n<td>Actual<\/td>\n<td>7A-20A<\/td>\n<\/tr>\n<tr>\n<td>Potencia<\/td>\n<td>250W-400W<\/td>\n<\/tr>\n<tr>\n<td>Tres modos<\/td>\n<td>Modo de onda sinusoidal (FOC), modo de onda cuadrada, modo Hallless<\/td>\n<\/tr>\n<tr>\n<td>Protecci\u00f3n<\/td>\n<td>Protecci\u00f3n contra sobrecorriente, sobretemperatura, bloqueo y subtensi\u00f3n<\/td>\n<\/tr>\n<tr>\n<td>\u00c1ngulo de fase del motor<\/td>\n<td>Sensores Hall 60\u00b0\/120\u00b0 (identificaci\u00f3n autom\u00e1tica)<\/td>\n<\/tr>\n<tr>\n<td>Tipo de protocolo<\/td>\n<td>UART2<\/td>\n<\/tr>\n<tr>\n<td>Material<\/td>\n<td>Aleaci\u00f3n de aluminio<\/td>\n<\/tr>\n<tr>\n<td>Peso<\/td>\n<td>781G<\/td>\n<\/tr>\n<tr>\n<td>Tama\u00f1o del envase<\/td>\n<td>230*130*80mm<\/td>\n<\/tr>\n<\/tbody>\n<\/table>\n<\/div>","protected":false},"excerpt":{"rendered":"<p>Este controlador el\u00e9ctrico de onda sinusoidal de alto rendimiento est\u00e1 dise\u00f1ado para la compatibilidad universal con bicicletas el\u00e9ctricas y ofrece un piloto autom\u00e1tico de tensi\u00f3n inteligente de 36 V a 60 V sin necesidad de configuraci\u00f3n. Ofrece modos de conducci\u00f3n vers\u00e1tiles, como onda sinusoidal para un funcionamiento ultrasuave y silencioso, onda cuadrada para una respuesta de par instant\u00e1nea y modo sin sensor como respaldo de emergencia fiable. Equipado con la tecnolog\u00eda a prueba de fallos SafeRide\u2122, cambia autom\u00e1ticamente a funcionamiento sin sensor en 200 ms en caso de fallo del sensor Hall, manteniendo la velocidad 100% para paseos ininterrumpidos. Con una alta eficiencia (hasta 94%), un control preciso de la corriente (\u00b10,5A) y una amplia compatibilidad de motores, garantiza una experiencia de conducci\u00f3n tolerante a fallos, adaptable y suave en cada viaje.<\/p>","protected":false},"featured_media":2128,"comment_status":"closed","ping_status":"closed","template":"","meta":{"_acf_changed":false},"product_brand":[],"product_cat":[52,53],"product_tag":[],"class_list":{"0":"post-2145","1":"product","2":"type-product","3":"status-publish","4":"has-post-thumbnail","6":"product_cat-bldc-motor-controller-kit","7":"product_cat-tri-mode-kit-controllers","9":"first","10":"instock","11":"shipping-taxable","12":"product-type-simple"},"acf":[],"_links":{"self":[{"href":"https:\/\/jrahk.com\/es\/wp-json\/wp\/v2\/product\/2145","targetHints":{"allow":["GET"]}}],"collection":[{"href":"https:\/\/jrahk.com\/es\/wp-json\/wp\/v2\/product"}],"about":[{"href":"https:\/\/jrahk.com\/es\/wp-json\/wp\/v2\/types\/product"}],"replies":[{"embeddable":true,"href":"https:\/\/jrahk.com\/es\/wp-json\/wp\/v2\/comments?post=2145"}],"version-history":[{"count":1,"href":"https:\/\/jrahk.com\/es\/wp-json\/wp\/v2\/product\/2145\/revisions"}],"predecessor-version":[{"id":2146,"href":"https:\/\/jrahk.com\/es\/wp-json\/wp\/v2\/product\/2145\/revisions\/2146"}],"wp:featuredmedia":[{"embeddable":true,"href":"https:\/\/jrahk.com\/es\/wp-json\/wp\/v2\/media\/2128"}],"wp:attachment":[{"href":"https:\/\/jrahk.com\/es\/wp-json\/wp\/v2\/media?parent=2145"}],"wp:term":[{"taxonomy":"product_brand","embeddable":true,"href":"https:\/\/jrahk.com\/es\/wp-json\/wp\/v2\/product_brand?post=2145"},{"taxonomy":"product_cat","embeddable":true,"href":"https:\/\/jrahk.com\/es\/wp-json\/wp\/v2\/product_cat?post=2145"},{"taxonomy":"product_tag","embeddable":true,"href":"https:\/\/jrahk.com\/es\/wp-json\/wp\/v2\/product_tag?post=2145"}],"curies":[{"name":"wp","href":"https:\/\/api.w.org\/{rel}","templated":true}]}}