{"id":1166,"date":"2025-09-18T23:37:46","date_gmt":"2025-09-18T23:37:46","guid":{"rendered":"https:\/\/jrahk.com\/?post_type=product&#038;p=1166"},"modified":"2025-10-29T07:45:21","modified_gmt":"2025-10-29T07:45:21","slug":"con008-15sine-301","status":"publish","type":"product","link":"https:\/\/jrahk.com\/es\/con008-15sine-301\/","title":{"rendered":"CON008-15sina-301"},"content":{"rendered":"<table style=\"border-collapse: collapse; width: 100%;\" border=\"0\" width=\"459\" cellspacing=\"0\" cellpadding=\"0\">\n<tbody>\n<tr style=\"height: 16.80pt;\">\n<td style=\"height: 16.80pt; width: 250.90pt;\" width=\"250\" height=\"16\">Tensi\u00f3n<\/td>\n<td style=\"width: 208.65pt;\" width=\"208\">36V-48V-52V-60V-72V<\/td>\n<\/tr>\n<tr style=\"height: 16.80pt;\">\n<td style=\"height: 16.80pt;\" height=\"16\">Actual<\/td>\n<td>34A-40A<\/td>\n<\/tr>\n<tr style=\"height: 16.80pt;\">\n<td style=\"height: 16.80pt;\" height=\"16\">Potencia<\/td>\n<td>1000W-2000W<\/td>\n<\/tr>\n<tr style=\"height: 45.00pt;\">\n<td style=\"height: 45.00pt;\" height=\"45\">Tres modos<\/td>\n<td class=\"et3\" style=\"width: 208.65pt;\" width=\"208\">Modo de onda sinusoidal (FOC), modo de onda cuadrada, modo Hallless<\/td>\n<\/tr>\n<tr style=\"height: 34.00pt;\">\n<td style=\"height: 34.00pt;\" height=\"34\">Protecci\u00f3n<\/td>\n<td class=\"et3\" style=\"width: 208.65pt;\" width=\"208\">Protecci\u00f3n contra sobrecorriente, sobretemperatura, bloqueo y subtensi\u00f3n<\/td>\n<\/tr>\n<tr style=\"height: 33.00pt;\">\n<td style=\"height: 33.00pt;\" height=\"33\">\u00c1ngulo de fase del motor<\/td>\n<td class=\"et3\" style=\"width: 208.65pt;\" width=\"208\">Sensores Hall 60\u00b0\/120\u00b0 (identificaci\u00f3n autom\u00e1tica)<\/td>\n<\/tr>\n<tr style=\"height: 16.80pt;\">\n<td style=\"height: 16.80pt;\" height=\"16\">Tipo de protocolo<\/td>\n<td>Sin acuerdo\/Acuerdo unilateral<\/td>\n<\/tr>\n<tr style=\"height: 16.80pt;\">\n<td style=\"height: 16.80pt;\" height=\"16\">Material<\/td>\n<td>Aleaci\u00f3n de aluminio<\/td>\n<\/tr>\n<tr style=\"height: 16.80pt;\">\n<td style=\"height: 16.80pt;\" height=\"16\">Peso<\/td>\n<td>1100G<\/td>\n<\/tr>\n<tr style=\"height: 16.80pt;\">\n<td style=\"height: 16.80pt;\" height=\"16\">Tama\u00f1o m\u00e1ximo<\/td>\n<td>211*88*48mm<\/td>\n<\/tr>\n<\/tbody>\n<\/table>","protected":false},"excerpt":{"rendered":"<p>Este avanzado kit de controlador de onda sinusoidal est\u00e1 dise\u00f1ado para la compatibilidad universal con bicicletas el\u00e9ctricas, y ofrece un reconocimiento inteligente de voltaje autom\u00e1tico de 36 V a 72 V sin necesidad de configuraci\u00f3n manual. Admite un funcionamiento de triple forma de onda: onda sinusoidal para recorridos ultrasuaves y silenciosos, onda cuadrada para demandas de par elevado y onda cuadrada sin sensor como medida de seguridad instant\u00e1nea, lo que permite la selecci\u00f3n manual o la recuperaci\u00f3n autom\u00e1tica en caso de fallo del sensor Hall.<\/p>\n<p>Equipado con una pantalla OLED impermeable SpeedDial\u2122, permite limitar la velocidad en tiempo real programable entre 25-80 km\/h. El innovador Sistema Hall 2.0 ofrece detecci\u00f3n autom\u00e1tica y compatibilidad con sensores Hall de 5 y 6 hilos sin puentes. En caso de fallo, el sistema cambia al modo de onda cuadrada sin sensor en 300 ms, manteniendo la velocidad 100% con menos de 2 segundos de vibraci\u00f3n de arranque para un funcionamiento ininterrumpido y fiable.<\/p>\n<p>Dise\u00f1ado para un rendimiento a prueba de futuro, garantiza una amplia compatibilidad con el motor, una alta eficiencia y un control robusto, lo que lo hace ideal para los desplazamientos diarios y las aplicaciones de ciclismo de alta potencia.<\/p>","protected":false},"featured_media":1167,"comment_status":"closed","ping_status":"closed","template":"","meta":{"_acf_changed":false},"product_brand":[],"product_cat":[52],"product_tag":[],"class_list":{"0":"post-1166","1":"product","2":"type-product","3":"status-publish","4":"has-post-thumbnail","6":"product_cat-bldc-motor-controller-kit","8":"first","9":"instock","10":"shipping-taxable","11":"product-type-simple"},"acf":[],"_links":{"self":[{"href":"https:\/\/jrahk.com\/es\/wp-json\/wp\/v2\/product\/1166","targetHints":{"allow":["GET"]}}],"collection":[{"href":"https:\/\/jrahk.com\/es\/wp-json\/wp\/v2\/product"}],"about":[{"href":"https:\/\/jrahk.com\/es\/wp-json\/wp\/v2\/types\/product"}],"replies":[{"embeddable":true,"href":"https:\/\/jrahk.com\/es\/wp-json\/wp\/v2\/comments?post=1166"}],"version-history":[{"count":4,"href":"https:\/\/jrahk.com\/es\/wp-json\/wp\/v2\/product\/1166\/revisions"}],"predecessor-version":[{"id":1264,"href":"https:\/\/jrahk.com\/es\/wp-json\/wp\/v2\/product\/1166\/revisions\/1264"}],"wp:featuredmedia":[{"embeddable":true,"href":"https:\/\/jrahk.com\/es\/wp-json\/wp\/v2\/media\/1167"}],"wp:attachment":[{"href":"https:\/\/jrahk.com\/es\/wp-json\/wp\/v2\/media?parent=1166"}],"wp:term":[{"taxonomy":"product_brand","embeddable":true,"href":"https:\/\/jrahk.com\/es\/wp-json\/wp\/v2\/product_brand?post=1166"},{"taxonomy":"product_cat","embeddable":true,"href":"https:\/\/jrahk.com\/es\/wp-json\/wp\/v2\/product_cat?post=1166"},{"taxonomy":"product_tag","embeddable":true,"href":"https:\/\/jrahk.com\/es\/wp-json\/wp\/v2\/product_tag?post=1166"}],"curies":[{"name":"wp","href":"https:\/\/api.w.org\/{rel}","templated":true}]}}