{"id":1152,"date":"2025-09-18T23:32:24","date_gmt":"2025-09-18T23:32:24","guid":{"rendered":"https:\/\/jrahk.com\/?post_type=product&#038;p=1152"},"modified":"2025-10-29T08:05:03","modified_gmt":"2025-10-29T08:05:03","slug":"con003-15g-200kit","status":"publish","type":"product","link":"https:\/\/jrahk.com\/es\/con003-15g-200kit\/","title":{"rendered":"CON003-15G-200kit"},"content":{"rendered":"<table width=\"100%\">\n<tbody>\n<tr>\n<td width=\"250\">Tensi\u00f3n<\/td>\n<td width=\"208\">36V-48V-52V-60V-72V<\/td>\n<\/tr>\n<tr>\n<td>Actual<\/td>\n<td>34A-40A<\/td>\n<\/tr>\n<tr>\n<td>Potencia<\/td>\n<td>1000W-2000W<\/td>\n<\/tr>\n<tr>\n<td>Modos duales<\/td>\n<td width=\"208\">\u00a0Modo de onda cuadrada, modo Hallless<\/td>\n<\/tr>\n<tr>\n<td>Protecci\u00f3n<\/td>\n<td width=\"208\">Protecci\u00f3n contra sobrecorriente, sobretemperatura, bloqueo y subtensi\u00f3n<\/td>\n<\/tr>\n<tr>\n<td>\u00c1ngulo de fase del motor<\/td>\n<td width=\"208\">Sensores Hall 60\u00b0\/120\u00b0 (identificaci\u00f3n autom\u00e1tica)<\/td>\n<\/tr>\n<tr>\n<td>Tipo de protocolo<\/td>\n<td>Sin acuerdo\/Acuerdo unilateral<\/td>\n<\/tr>\n<tr>\n<td>Material<\/td>\n<td>Aleaci\u00f3n de aluminio<\/td>\n<\/tr>\n<tr>\n<td>Peso<\/td>\n<td>940G<\/td>\n<\/tr>\n<tr>\n<td>Tama\u00f1o m\u00e1ximo<\/td>\n<td>211*88*48mm<\/td>\n<\/tr>\n<\/tbody>\n<\/table>","protected":false},"excerpt":{"rendered":"<p>Este kit de controlador inteligente de onda cuadrada est\u00e1 dise\u00f1ado para una amplia gama de sistemas de e-bike compatibles. Reconoce autom\u00e1ticamente el voltaje en una amplia gama de 36 V a 72 V, lo que garantiza una instalaci\u00f3n y un funcionamiento inmediatos sin necesidad de configuraci\u00f3n manual. Ofrece dos modos de accionamiento: el modo de onda cuadrada para una salida de par robusta y el modo de onda cuadrada sin sensor como medida de seguridad. Este modo puede conmutarse manual o autom\u00e1ticamente en caso de fallo del sensor de efecto Hall.<\/p>\n<p>El kit incorpora una pantalla OLED impermeable SpeedDial\u2122 con l\u00edmites de velocidad ajustables en tiempo real entre 25 y 80 km\/h, que satisfacen diversas necesidades de conducci\u00f3n. Utilizando la \u00faltima generaci\u00f3n de tecnolog\u00eda Hall Effect System 2.0, reconoce autom\u00e1ticamente los sensores de efecto Hall de cinco y seis hilos, eliminando la necesidad de puentes o configuraciones adicionales. Si se detecta un fallo del efecto Hall, el sistema cambia sin problemas al modo de onda cuadrada sin sensor en 300 milisegundos, manteniendo la potencia de salida 100% y reduciendo la vibraci\u00f3n de arranque a menos de 2 segundos, lo que mejora significativamente la fiabilidad del sistema.<\/p>\n<p>El dise\u00f1o vanguardista de este producto garantiza una amplia compatibilidad del motor y un control eficiente, combinando un alto rendimiento con una gran fiabilidad, lo que lo hace ideal para los desplazamientos diarios y la conducci\u00f3n de bicicletas el\u00e9ctricas de alta potencia.<\/p>","protected":false},"featured_media":1154,"comment_status":"closed","ping_status":"closed","template":"","meta":{"_acf_changed":false},"product_brand":[],"product_cat":[52],"product_tag":[],"class_list":{"0":"post-1152","1":"product","2":"type-product","3":"status-publish","4":"has-post-thumbnail","6":"product_cat-bldc-motor-controller-kit","8":"first","9":"instock","10":"shipping-taxable","11":"product-type-simple"},"acf":[],"_links":{"self":[{"href":"https:\/\/jrahk.com\/es\/wp-json\/wp\/v2\/product\/1152","targetHints":{"allow":["GET"]}}],"collection":[{"href":"https:\/\/jrahk.com\/es\/wp-json\/wp\/v2\/product"}],"about":[{"href":"https:\/\/jrahk.com\/es\/wp-json\/wp\/v2\/types\/product"}],"replies":[{"embeddable":true,"href":"https:\/\/jrahk.com\/es\/wp-json\/wp\/v2\/comments?post=1152"}],"version-history":[{"count":4,"href":"https:\/\/jrahk.com\/es\/wp-json\/wp\/v2\/product\/1152\/revisions"}],"predecessor-version":[{"id":1187,"href":"https:\/\/jrahk.com\/es\/wp-json\/wp\/v2\/product\/1152\/revisions\/1187"}],"wp:featuredmedia":[{"embeddable":true,"href":"https:\/\/jrahk.com\/es\/wp-json\/wp\/v2\/media\/1154"}],"wp:attachment":[{"href":"https:\/\/jrahk.com\/es\/wp-json\/wp\/v2\/media?parent=1152"}],"wp:term":[{"taxonomy":"product_brand","embeddable":true,"href":"https:\/\/jrahk.com\/es\/wp-json\/wp\/v2\/product_brand?post=1152"},{"taxonomy":"product_cat","embeddable":true,"href":"https:\/\/jrahk.com\/es\/wp-json\/wp\/v2\/product_cat?post=1152"},{"taxonomy":"product_tag","embeddable":true,"href":"https:\/\/jrahk.com\/es\/wp-json\/wp\/v2\/product_tag?post=1152"}],"curies":[{"name":"wp","href":"https:\/\/api.w.org\/{rel}","templated":true}]}}