{"id":1142,"date":"2025-09-18T22:28:18","date_gmt":"2025-09-18T22:28:18","guid":{"rendered":"https:\/\/jrahk.com\/?post_type=product&#038;p=1142"},"modified":"2025-10-29T08:08:59","modified_gmt":"2025-10-29T08:08:59","slug":"con009-6g-gd","status":"publish","type":"product","link":"https:\/\/jrahk.com\/es\/con009-6g-gd\/","title":{"rendered":"CON009-6G-GD"},"content":{"rendered":"<table style=\"border-collapse: collapse; width: 100%;\" border=\"0\" width=\"529\" cellspacing=\"0\" cellpadding=\"0\">\n<tbody>\n<tr style=\"height: 17.60pt;\">\n<td class=\"et2\" style=\"height: 17.60pt; width: 305.20pt;\" width=\"305\" height=\"17\">Tensi\u00f3n<\/td>\n<td class=\"et2\" style=\"width: 224.70pt;\" width=\"224\">36V\/48V\/52V\/60V (auto-detection)<\/td>\n<\/tr>\n<tr style=\"height: 17.60pt;\">\n<td class=\"et2\" style=\"height: 17.60pt;\" height=\"17\">Actual<\/td>\n<td class=\"et2\">18A-40A<\/td>\n<\/tr>\n<tr style=\"height: 17.60pt;\">\n<td class=\"et2\" style=\"height: 17.60pt;\" height=\"17\">Potencia<\/td>\n<td class=\"et2\">350W-2000W<\/td>\n<\/tr>\n<tr style=\"height: 34.00pt;\">\n<td class=\"et2\" style=\"height: 34.00pt;\" height=\"34\">Tres modos<\/td>\n<td class=\"et3\" style=\"width: 224.70pt;\" width=\"224\">Modo de onda sinusoidal (FOC), modo de onda cuadrada, modo Hallless<\/td>\n<\/tr>\n<tr style=\"height: 34.00pt;\">\n<td class=\"et2\" style=\"height: 34.00pt;\" height=\"34\">Protecci\u00f3n<\/td>\n<td class=\"et3\" style=\"width: 224.70pt;\" width=\"224\">Protecci\u00f3n contra sobrecorriente, sobretemperatura, bloqueo y subtensi\u00f3n<\/td>\n<\/tr>\n<tr style=\"height: 34.00pt;\">\n<td class=\"et2\" style=\"height: 34.00pt;\" height=\"34\">\u00c1ngulo de fase del motor<\/td>\n<td class=\"et3\" style=\"width: 224.70pt;\" width=\"224\">Sensores Hall 60\u00b0\/120\u00b0 (identificaci\u00f3n autom\u00e1tica)<\/td>\n<\/tr>\n<tr style=\"height: 17.60pt;\">\n<td class=\"et2\" style=\"height: 17.60pt;\" height=\"17\">Tipo de protocolo<\/td>\n<td class=\"et2\">Sin acuerdo\/Acuerdo unilateral<\/td>\n<\/tr>\n<tr style=\"height: 17.60pt;\">\n<td class=\"et2\" style=\"height: 17.60pt;\" height=\"17\">Material<\/td>\n<td class=\"et2\">Aleaci\u00f3n de aluminio<\/td>\n<\/tr>\n<tr style=\"height: 17.60pt;\">\n<td class=\"et2\" style=\"height: 17.60pt;\" height=\"17\">Peso<\/td>\n<td class=\"et2\">454G<\/td>\n<\/tr>\n<tr style=\"height: 17.60pt;\">\n<td class=\"et2\" style=\"height: 17.60pt;\" height=\"17\">Tama\u00f1o m\u00e1ximo<\/td>\n<td class=\"et2\">181*55*32mm<\/td>\n<\/tr>\n<\/tbody>\n<\/table>","protected":false},"excerpt":{"rendered":"<p>Este controlador el\u00e9ctrico sinusoidal de doble accionamiento y alto rendimiento est\u00e1 dise\u00f1ado para aplicaciones vers\u00e1tiles de e-bicicletas y e-scooters, ofreciendo detecci\u00f3n autom\u00e1tica inteligente de voltaje de 36V a 60V sin necesidad de configuraci\u00f3n. Admite el funcionamiento con un solo motor o dos motores con dos canales independientes de 20 A como m\u00e1ximo (40 A de pico como m\u00e1ximo), lo que ofrece opciones de alimentaci\u00f3n flexibles para una amplia gama de dise\u00f1os de veh\u00edculos.<\/p>\n<p>El controlador dispone de tres modos de onda: onda sinusoidal para el control sincronizado de dos motores (con un error de fase inferior a 5\u00b0), onda cuadrada para el aumento instant\u00e1neo del par y modo sin sensor como reserva inteligente en caso de fallo del sensor Hall. Equipado con un dise\u00f1o avanzado de tolerancia a fallos, cambia autom\u00e1ticamente al funcionamiento sin sensor en 200 ms mientras mantiene una velocidad de 100%, superando significativamente a los competidores que normalmente bajan a una velocidad de 60%.<\/p>\n<p>Con soporte para 1-2 motores sin necesidad de reconfiguraci\u00f3n, control de corriente de alta precisi\u00f3n y una s\u00f3lida gesti\u00f3n t\u00e9rmica, ofrece una adaptabilidad, fiabilidad y suavidad de funcionamiento sin precedentes para cada trayecto.<\/p>\n<p>\u3010Acerca de la corriente y la potencia\u30111. La corriente de accionamiento simple es de 18A y la corriente m\u00e1xima es de 20A. La corriente de accionamiento dual es de 36A y la corriente m\u00e1xima es de 40A.2. Acerca de la potencia. La potencia se puede dividir en potencia calculada y potencia nominal. Puede consultar la corriente del controlador para la selecci\u00f3n.3. La potencia nominal del accionamiento simple es de 350W-500W, la potencia calculada es de 1000w, la potencia nominal del accionamiento doble es de 500W-1000w, y la potencia del accionamiento doble es de 2000w.<\/p>","protected":false},"featured_media":1146,"comment_status":"closed","ping_status":"closed","template":"","meta":{"_acf_changed":false},"product_brand":[],"product_cat":[27],"product_tag":[],"class_list":{"0":"post-1142","1":"product","2":"type-product","3":"status-publish","4":"has-post-thumbnail","6":"product_cat-bldc-motor-controller","8":"first","9":"instock","10":"shipping-taxable","11":"product-type-simple"},"acf":[],"_links":{"self":[{"href":"https:\/\/jrahk.com\/es\/wp-json\/wp\/v2\/product\/1142","targetHints":{"allow":["GET"]}}],"collection":[{"href":"https:\/\/jrahk.com\/es\/wp-json\/wp\/v2\/product"}],"about":[{"href":"https:\/\/jrahk.com\/es\/wp-json\/wp\/v2\/types\/product"}],"replies":[{"embeddable":true,"href":"https:\/\/jrahk.com\/es\/wp-json\/wp\/v2\/comments?post=1142"}],"version-history":[{"count":2,"href":"https:\/\/jrahk.com\/es\/wp-json\/wp\/v2\/product\/1142\/revisions"}],"predecessor-version":[{"id":1145,"href":"https:\/\/jrahk.com\/es\/wp-json\/wp\/v2\/product\/1142\/revisions\/1145"}],"wp:featuredmedia":[{"embeddable":true,"href":"https:\/\/jrahk.com\/es\/wp-json\/wp\/v2\/media\/1146"}],"wp:attachment":[{"href":"https:\/\/jrahk.com\/es\/wp-json\/wp\/v2\/media?parent=1142"}],"wp:term":[{"taxonomy":"product_brand","embeddable":true,"href":"https:\/\/jrahk.com\/es\/wp-json\/wp\/v2\/product_brand?post=1142"},{"taxonomy":"product_cat","embeddable":true,"href":"https:\/\/jrahk.com\/es\/wp-json\/wp\/v2\/product_cat?post=1142"},{"taxonomy":"product_tag","embeddable":true,"href":"https:\/\/jrahk.com\/es\/wp-json\/wp\/v2\/product_tag?post=1142"}],"curies":[{"name":"wp","href":"https:\/\/api.w.org\/{rel}","templated":true}]}}