{"id":1125,"date":"2025-09-18T22:09:40","date_gmt":"2025-09-18T22:09:40","guid":{"rendered":"https:\/\/jrahk.com\/?post_type=product&#038;p=1125"},"modified":"2025-10-29T08:11:18","modified_gmt":"2025-10-29T08:11:18","slug":"con005-7255","status":"publish","type":"product","link":"https:\/\/jrahk.com\/es\/con005-7255\/","title":{"rendered":"CON005-7255"},"content":{"rendered":"<table style=\"border-collapse: collapse; width: 100%;\" border=\"0\" width=\"459\" cellspacing=\"0\" cellpadding=\"0\">\n<tbody>\n<tr style=\"height: 16.80pt;\">\n<td style=\"height: 16.80pt; width: 250.90pt;\" width=\"250\" height=\"16\">Tensi\u00f3n<\/td>\n<td style=\"width: 208.65pt;\" width=\"208\">48V-60V-72V<\/td>\n<\/tr>\n<tr style=\"height: 16.80pt;\">\n<td style=\"height: 16.80pt;\" height=\"16\">Actual<\/td>\n<td>55A<\/td>\n<\/tr>\n<tr style=\"height: 16.80pt;\">\n<td style=\"height: 16.80pt;\" height=\"16\">Potencia<\/td>\n<td>1000W-3000W<\/td>\n<\/tr>\n<tr style=\"height: 45.00pt;\">\n<td style=\"height: 45.00pt;\" height=\"45\">Tres modos<\/td>\n<td class=\"et3\" style=\"width: 208.65pt;\" width=\"208\">Modo de onda sinusoidal (FOC), modo de onda cuadrada, modo Hallless<\/td>\n<\/tr>\n<tr style=\"height: 34.00pt;\">\n<td style=\"height: 34.00pt;\" height=\"34\">Protecci\u00f3n<\/td>\n<td class=\"et3\" style=\"width: 208.65pt;\" width=\"208\">Protecci\u00f3n contra sobrecorriente, sobretemperatura, bloqueo y subtensi\u00f3n<\/td>\n<\/tr>\n<tr style=\"height: 33.00pt;\">\n<td style=\"height: 33.00pt;\" height=\"33\">\u00c1ngulo de fase del motor<\/td>\n<td class=\"et3\" style=\"width: 208.65pt;\" width=\"208\">Sensores Hall 60\u00b0\/120\u00b0 (identificaci\u00f3n autom\u00e1tica)<\/td>\n<\/tr>\n<tr style=\"height: 16.80pt;\">\n<td style=\"height: 16.80pt;\" height=\"16\">Tipo de protocolo<\/td>\n<td>Sin acuerdo\/Acuerdo unilateral<\/td>\n<\/tr>\n<tr style=\"height: 16.80pt;\">\n<td style=\"height: 16.80pt;\" height=\"16\">Material<\/td>\n<td>Aleaci\u00f3n de aluminio<\/td>\n<\/tr>\n<tr style=\"height: 16.80pt;\">\n<td style=\"height: 16.80pt;\" height=\"16\">Peso<\/td>\n<td>1020G<\/td>\n<\/tr>\n<tr style=\"height: 16.80pt;\">\n<td style=\"height: 16.80pt;\" height=\"16\">Tama\u00f1o m\u00e1ximo<\/td>\n<td>191*110*51mm<\/td>\n<\/tr>\n<\/tbody>\n<\/table>","protected":false},"excerpt":{"rendered":"<p>Este controlador de onda sinusoidal de alto rendimiento est\u00e1 dise\u00f1ado para motocicletas el\u00e9ctricas potentes y ofrece reconocimiento autom\u00e1tico de voltaje en sistemas de 48 V, 60 V y 72 V sin necesidad de configuraci\u00f3n manual. Ofrece un control inteligente de la corriente de tres velocidades a trav\u00e9s del innovador dial PowerShift\u2122, que permite cambiar sin problemas entre los modos Eco (30 A), Cruise (40 A) y Beast (55 A) para adaptarse a las demandas de conducci\u00f3n.<\/p>\n<p>Equipado con un funcionamiento de triple forma de onda, proporciona una salida de onda sinusoidal ultrasuave en todas las marchas, junto con onda cuadrada manual y respaldo autom\u00e1tico sin sensor. El avanzado sistema a prueba de fallos cambia instant\u00e1neamente al modo sin sensor en caso de fallo del sensor Hall, manteniendo la velocidad de la marcha actual para un funcionamiento continuo y seguro.<\/p>\n<p>Con soporte de corriente de r\u00e1faga por engranaje (en funci\u00f3n de la capacidad de la bater\u00eda y el motor), salida de alta precisi\u00f3n y una s\u00f3lida gesti\u00f3n t\u00e9rmica, este controlador garantiza un rendimiento potente, adaptable y muy fiable para aplicaciones de motocicletas el\u00e9ctricas de alta potencia.<\/p>","protected":false},"featured_media":1128,"comment_status":"closed","ping_status":"closed","template":"","meta":{"_acf_changed":false},"product_brand":[],"product_cat":[27],"product_tag":[],"class_list":{"0":"post-1125","1":"product","2":"type-product","3":"status-publish","4":"has-post-thumbnail","6":"product_cat-bldc-motor-controller","8":"first","9":"instock","10":"shipping-taxable","11":"product-type-simple"},"acf":[],"_links":{"self":[{"href":"https:\/\/jrahk.com\/es\/wp-json\/wp\/v2\/product\/1125","targetHints":{"allow":["GET"]}}],"collection":[{"href":"https:\/\/jrahk.com\/es\/wp-json\/wp\/v2\/product"}],"about":[{"href":"https:\/\/jrahk.com\/es\/wp-json\/wp\/v2\/types\/product"}],"replies":[{"embeddable":true,"href":"https:\/\/jrahk.com\/es\/wp-json\/wp\/v2\/comments?post=1125"}],"version-history":[{"count":6,"href":"https:\/\/jrahk.com\/es\/wp-json\/wp\/v2\/product\/1125\/revisions"}],"predecessor-version":[{"id":1141,"href":"https:\/\/jrahk.com\/es\/wp-json\/wp\/v2\/product\/1125\/revisions\/1141"}],"wp:featuredmedia":[{"embeddable":true,"href":"https:\/\/jrahk.com\/es\/wp-json\/wp\/v2\/media\/1128"}],"wp:attachment":[{"href":"https:\/\/jrahk.com\/es\/wp-json\/wp\/v2\/media?parent=1125"}],"wp:term":[{"taxonomy":"product_brand","embeddable":true,"href":"https:\/\/jrahk.com\/es\/wp-json\/wp\/v2\/product_brand?post=1125"},{"taxonomy":"product_cat","embeddable":true,"href":"https:\/\/jrahk.com\/es\/wp-json\/wp\/v2\/product_cat?post=1125"},{"taxonomy":"product_tag","embeddable":true,"href":"https:\/\/jrahk.com\/es\/wp-json\/wp\/v2\/product_tag?post=1125"}],"curies":[{"name":"wp","href":"https:\/\/api.w.org\/{rel}","templated":true}]}}