{"id":1054,"date":"2025-09-16T19:46:25","date_gmt":"2025-09-16T19:46:25","guid":{"rendered":"https:\/\/jrahk.com\/?post_type=product&#038;p=1054"},"modified":"2026-04-11T09:13:51","modified_gmt":"2026-04-11T09:13:51","slug":"con002-15g-gd","status":"publish","type":"product","link":"https:\/\/jrahk.com\/es\/con002-15g-gd\/","title":{"rendered":"CON002-15G-GD"},"content":{"rendered":"<div style=\"width: 100%;\">\n<table style=\"border-collapse: collapse; width: 100%;\" border=\"0\" cellspacing=\"0\" cellpadding=\"0\">\n<tbody>\n<tr>\n<td style=\"width: 50%;\">Tensi\u00f3n<\/td>\n<td style=\"width: 50%;\">36V-48V-60V-64V-72V-84V<\/td>\n<\/tr>\n<tr>\n<td>Actual<\/td>\n<td>34A-40A<\/td>\n<\/tr>\n<tr>\n<td>Potencia<\/td>\n<td>1000W-2000W<\/td>\n<\/tr>\n<tr>\n<td>Tres modos<\/td>\n<td>Modo de onda sinusoidal (FOC), modo de onda cuadrada, modo Hallless<\/td>\n<\/tr>\n<tr>\n<td>Protecci\u00f3n<\/td>\n<td>Protecci\u00f3n contra sobrecorriente, sobretemperatura, bloqueo y subtensi\u00f3n<\/td>\n<\/tr>\n<tr>\n<td>\u00c1ngulo de fase del motor<\/td>\n<td>Sensores Hall 60\u00b0\/120\u00b0 (identificaci\u00f3n autom\u00e1tica)<\/td>\n<\/tr>\n<tr>\n<td>Tipo de protocolo<\/td>\n<td>Sin acuerdo\/Acuerdo unilateral<\/td>\n<\/tr>\n<tr>\n<td>Material<\/td>\n<td>Aleaci\u00f3n de aluminio<\/td>\n<\/tr>\n<tr>\n<td>Peso<\/td>\n<td>695G<\/td>\n<\/tr>\n<tr>\n<td>Tama\u00f1o m\u00e1ximo<\/td>\n<td>210*85*48mm<\/td>\n<\/tr>\n<\/tbody>\n<\/table>\n<\/div>","protected":false},"excerpt":{"rendered":"<p>Este controlador el\u00e9ctrico de onda sinusoidal de alto rendimiento est\u00e1 dise\u00f1ado para la compatibilidad universal con bicicletas el\u00e9ctricas y ofrece un piloto autom\u00e1tico de tensi\u00f3n inteligente de 36 V a 84 V sin necesidad de configuraci\u00f3n. Ofrece modos de conducci\u00f3n vers\u00e1tiles, como onda sinusoidal para un funcionamiento ultrasuave y silencioso, onda cuadrada para una respuesta de par instant\u00e1nea y modo sin sensor como respaldo de emergencia fiable. Equipado con la tecnolog\u00eda a prueba de fallos SafeRide\u2122, cambia autom\u00e1ticamente a funcionamiento sin sensor en 200 ms en caso de fallo del sensor Hall, manteniendo la velocidad 100% para paseos ininterrumpidos. Con una alta eficiencia (hasta 94%), un control preciso de la corriente (\u00b10,5A) y una amplia compatibilidad de motores, garantiza una experiencia de conducci\u00f3n tolerante a fallos, adaptable y suave en cada viaje.<\/p>","protected":false},"featured_media":594,"comment_status":"closed","ping_status":"closed","template":"","meta":{"_acf_changed":false},"product_brand":[],"product_cat":[27,49],"product_tag":[],"class_list":{"0":"post-1054","1":"product","2":"type-product","3":"status-publish","4":"has-post-thumbnail","6":"product_cat-bldc-motor-controller","7":"product_cat-tri-mode-controllers","9":"first","10":"instock","11":"shipping-taxable","12":"product-type-simple"},"acf":[],"_links":{"self":[{"href":"https:\/\/jrahk.com\/es\/wp-json\/wp\/v2\/product\/1054","targetHints":{"allow":["GET"]}}],"collection":[{"href":"https:\/\/jrahk.com\/es\/wp-json\/wp\/v2\/product"}],"about":[{"href":"https:\/\/jrahk.com\/es\/wp-json\/wp\/v2\/types\/product"}],"replies":[{"embeddable":true,"href":"https:\/\/jrahk.com\/es\/wp-json\/wp\/v2\/comments?post=1054"}],"version-history":[{"count":12,"href":"https:\/\/jrahk.com\/es\/wp-json\/wp\/v2\/product\/1054\/revisions"}],"predecessor-version":[{"id":2259,"href":"https:\/\/jrahk.com\/es\/wp-json\/wp\/v2\/product\/1054\/revisions\/2259"}],"wp:featuredmedia":[{"embeddable":true,"href":"https:\/\/jrahk.com\/es\/wp-json\/wp\/v2\/media\/594"}],"wp:attachment":[{"href":"https:\/\/jrahk.com\/es\/wp-json\/wp\/v2\/media?parent=1054"}],"wp:term":[{"taxonomy":"product_brand","embeddable":true,"href":"https:\/\/jrahk.com\/es\/wp-json\/wp\/v2\/product_brand?post=1054"},{"taxonomy":"product_cat","embeddable":true,"href":"https:\/\/jrahk.com\/es\/wp-json\/wp\/v2\/product_cat?post=1054"},{"taxonomy":"product_tag","embeddable":true,"href":"https:\/\/jrahk.com\/es\/wp-json\/wp\/v2\/product_tag?post=1054"}],"curies":[{"name":"wp","href":"https:\/\/api.w.org\/{rel}","templated":true}]}}