{"id":2257,"date":"2026-04-11T09:11:48","date_gmt":"2026-04-11T09:11:48","guid":{"rendered":"https:\/\/jrahk.com\/?post_type=product&#038;p=2257"},"modified":"2026-04-11T09:50:42","modified_gmt":"2026-04-11T09:50:42","slug":"con002-18g-sl50a","status":"publish","type":"product","link":"https:\/\/jrahk.com\/de\/con002-18g-sl50a\/","title":{"rendered":"CON002-18G-SL50A"},"content":{"rendered":"<div style=\"width: 100%;\">\n<table style=\"border-collapse: collapse; width: 100%;\" border=\"0\" cellspacing=\"0\" cellpadding=\"0\">\n<tbody>\n<tr>\n<td style=\"width: 50%;\">Spannung<\/td>\n<td style=\"width: 50%;\">48V-60V-64V-72V-84V<\/td>\n<\/tr>\n<tr>\n<td>Aktuell<\/td>\n<td>45A-50A<\/td>\n<\/tr>\n<tr>\n<td>Strom<\/td>\n<td><span data-slate-fragment=\"JTdCJTIyb2JqZWN0JTIyJTNBJTIyZG9jdW1lbnQlMjIlMkMlMjJkYXRhJTIyJTNBJTdCJTdEJTJDJTIybm9kZXMlMjIlM0ElNUIlN0IlMjJvYmplY3QlMjIlM0ElMjJibG9jayUyMiUyQyUyMnR5cGUlMjIlM0ElMjJkaXYlMjIlMkMlMjJpc1ZvaWQlMjIlM0FmYWxzZSUyQyUyMmRhdGElMjIlM0ElN0IlMjJjbGFzc05hbWUlMjIlM0ElMjJkZXRhaWxtb2R1bGVfaHRtbCUyMiU3RCUyQyUyMm5vZGVzJTIyJTNBJTVCJTdCJTIyb2JqZWN0JTIyJTNBJTIyYmxvY2slMjIlMkMlMjJ0eXBlJTIyJTNBJTIyZGl2JTIyJTJDJTIyaXNWb2lkJTIyJTNBZmFsc2UlMkMlMjJkYXRhJTIyJTNBJTdCJTIyY2xhc3NOYW1lJTIyJTNBJTIyZGV0YWlsLWRlc2MtZGVjb3JhdGUtcmljaHRleHQlMjIlN0QlMkMlMjJub2RlcyUyMiUzQSU1QiU3QiUyMm9iamVjdCUyMiUzQSUyMmJsb2NrJTIyJTJDJTIydHlwZSUyMiUzQSUyMmRpdiUyMiUyQyUyMmlzVm9pZCUyMiUzQWZhbHNlJTJDJTIyZGF0YSUyMiUzQSU3QiU3RCUyQyUyMm5vZGVzJTIyJTNBJTVCJTdCJTIyb2JqZWN0JTIyJTNBJTIyYmxvY2slMjIlMkMlMjJ0eXBlJTIyJTNBJTIyZGl2JTIyJTJDJTIyaXNWb2lkJTIyJTNBZmFsc2UlMkMlMjJkYXRhJTIyJTNBJTdCJTdEJTJDJTIybm9kZXMlMjIlM0ElNUIlN0IlMjJvYmplY3QlMjIlM0ElMjJibG9jayUyMiUyQyUyMnR5cGUlMjIlM0ElMjJkaXYlMjIlMkMlMjJpc1ZvaWQlMjIlM0FmYWxzZSUyQyUyMmRhdGElMjIlM0ElN0IlN0QlMkMlMjJub2RlcyUyMiUzQSU1QiU3QiUyMm9iamVjdCUyMiUzQSUyMmJsb2NrJTIyJTJDJTIydHlwZSUyMiUzQSUyMmRpdiUyMiUyQyUyMmlzVm9pZCUyMiUzQWZhbHNlJTJDJTIyZGF0YSUyMiUzQSU3QiU3RCUyQyUyMm5vZGVzJTIyJTNBJTVCJTdCJTIyb2JqZWN0JTIyJTNBJTIyYmxvY2slMjIlMkMlMjJ0eXBlJTIyJTNBJTIyZGl2JTIyJTJDJTIyaXNWb2lkJTIyJTNBZmFsc2UlMkMlMjJkYXRhJTIyJTNBJTdCJTdEJTJDJTIybm9kZXMlMjIlM0ElNUIlN0IlMjJvYmplY3QlMjIlM0ElMjJibG9jayUyMiUyQyUyMnR5cGUlMjIlM0ElMjJ1bm9yZGVyZWRfbGlzdCUyMiUyQyUyMmlzVm9pZCUyMiUzQWZhbHNlJTJDJTIyZGF0YSUyMiUzQSU3QiU3RCUyQyUyMm5vZGVzJTIyJTNBJTVCJTdCJTIyb2JqZWN0JTIyJTNBJTIyYmxvY2slMjIlMkMlMjJ0eXBlJTIyJTNBJTIybGlzdF9pdGVtJTIyJTJDJTIyaXNWb2lkJTIyJTNBZmFsc2UlMkMlMjJkYXRhJTIyJTNBJTdCJTdEJTJDJTIybm9kZXMlMjIlM0ElNUIlN0IlMjJvYmplY3QlMjIlM0ElMjJibG9jayUyMiUyQyUyMnR5cGUlMjIlM0ElMjJwYXJhZ3JhcGglMjIlMkMlMjJpc1ZvaWQlMjIlM0FmYWxzZSUyQyUyMmRhdGElMjIlM0ElN0IlMjJhbGlnbiUyMiUzQSUyMmxlZnQlMjIlMkMlMjJzdHlsZSUyMiUzQSU3QiUyMmZvbnRXZWlnaHQlMjIlM0ElMjJub3JtYWwlMjIlMkMlMjJ0ZXh0QWxpZ24lMjIlM0ElMjJsZWZ0JTIyJTJDJTIyZGlzcGxheSUyMiUzQSUyMmJsb2NrJTIyJTJDJTIyd2lkdGglMjIlM0ElMjIxMDAlMjUlMjIlN0QlN0QlMkMlMjJub2RlcyUyMiUzQSU1QiU3QiUyMm9iamVjdCUyMiUzQSUyMnRleHQlMjIlMkMlMjJsZWF2ZXMlMjIlM0ElNUIlN0IlMjJvYmplY3QlMjIlM0ElMjJsZWFmJTIyJTJDJTIydGV4dCUyMiUzQSUyMjI1MDBXLTMwMDBXJTIyJTJDJTIybWFya3MlMjIlM0ElNUIlNUQlN0QlNUQlN0QlNUQlN0QlNUQlN0QlNUQlN0QlNUQlN0QlNUQlN0QlNUQlN0QlNUQlN0QlNUQlN0QlNUQlN0QlNUQlN0QlNUQlN0Q=\">2500W-3000W<\/span><\/td>\n<\/tr>\n<tr>\n<td>Drei Modi<\/td>\n<td>Rechteckwellen-Modus, Hallless-Modus<\/td>\n<\/tr>\n<tr>\n<td>Schutz<\/td>\n<td>\u00dcberstrom-, \u00dcbertemperatur-, Blockier- und Unterspannungsschutz<\/td>\n<\/tr>\n<tr>\n<td>Motorphasenwinkel<\/td>\n<td>60\u00b0\/120\u00b0-Hallsensoren (automatische Erkennung)<\/td>\n<\/tr>\n<tr>\n<td>Protokoll-Typ<\/td>\n<td>Keine Vereinbarung\/Einzelvertrag<\/td>\n<\/tr>\n<tr>\n<td>Material<\/td>\n<td>Aluminiumlegierung<\/td>\n<\/tr>\n<tr>\n<td>Gewicht<\/td>\n<td>1044G<\/td>\n<\/tr>\n<tr>\n<td>Maximale Gr\u00f6\u00dfe<\/td>\n<td>195*105*60mm<\/td>\n<\/tr>\n<tr>\n<td>Eigenschaften<\/td>\n<td>Vorw\u00e4rtsgeschwindigkeit = R\u00fcckw\u00e4rtsgeschwindigkeit<\/td>\n<\/tr>\n<\/tbody>\n<\/table>\n<\/div>","protected":false},"excerpt":{"rendered":"<p>Dieser leistungsstarke elektrische Rechteckregler wurde f\u00fcr Heimwerker entwickelt und sorgt f\u00fcr einen Durchbruch, indem er absolut konsistente Vorw\u00e4rts- und R\u00fcckw\u00e4rtsgeschwindigkeiten sicherstellt - Leistungsabgabe, Drehmomentverhalten und H\u00f6chstgeschwindigkeit sind identisch, egal ob vorw\u00e4rts oder r\u00fcckw\u00e4rts gefahren wird. Der R\u00fcckw\u00e4rtsgang ist nicht mehr nur ein \u201cBehelfsmodus\u201d, sondern ein echter R\u00fcckw\u00e4rtsgang mit voller Geschwindigkeit, der auch R\u00fcckw\u00e4rtsdriften erm\u00f6glicht. Er verf\u00fcgt \u00fcber eine intelligente automatische Spannungsanpassung innerhalb eines Spannungsbereichs von 48V bis 84V ohne jegliche Konfiguration. Er bietet mehrere Fahrmodi, darunter einen Rechteckwellenmodus f\u00fcr sofortiges Ansprechen auf das Drehmoment und einen sensorlosen Modus als zuverl\u00e4ssiges Notfall-Backup. Identische Vorw\u00e4rts- und R\u00fcckw\u00e4rtsgeschwindigkeiten gew\u00e4hrleisten eine ausgewogene Leistung in beiden Richtungen und erf\u00fcllen die Anforderungen von Anwendungen, die eine pr\u00e4zise R\u00fcckw\u00e4rtssteuerung erfordern. Ausgestattet mit der SafeRide\u2122-Fehlerschutztechnologie schaltet der Controller bei einem Ausfall des Hallsensors innerhalb von 200 Millisekunden automatisch in den sensorlosen Modus um, wobei die Geschwindigkeit von 100% beibehalten und ein unterbrechungsfreies Fahren gew\u00e4hrleistet wird. Der hohe Wirkungsgrad von bis zu 94%, die pr\u00e4zise Stromregelung (\u00b10,5A) und die breite Motorkompatibilit\u00e4t garantieren ein fehlertolerantes, anpassungsf\u00e4higes und reibungsloses Erlebnis bei jeder Fahrt.<\/p>","protected":false},"featured_media":2265,"comment_status":"closed","ping_status":"closed","template":"","meta":{"_acf_changed":false},"product_brand":[],"product_cat":[27,50],"product_tag":[],"class_list":{"0":"post-2257","1":"product","2":"type-product","3":"status-publish","4":"has-post-thumbnail","6":"product_cat-bldc-motor-controller","7":"product_cat-dual-mode-controllers","9":"first","10":"instock","11":"shipping-taxable","12":"product-type-simple"},"acf":[],"_links":{"self":[{"href":"https:\/\/jrahk.com\/de\/wp-json\/wp\/v2\/product\/2257","targetHints":{"allow":["GET"]}}],"collection":[{"href":"https:\/\/jrahk.com\/de\/wp-json\/wp\/v2\/product"}],"about":[{"href":"https:\/\/jrahk.com\/de\/wp-json\/wp\/v2\/types\/product"}],"replies":[{"embeddable":true,"href":"https:\/\/jrahk.com\/de\/wp-json\/wp\/v2\/comments?post=2257"}],"version-history":[{"count":1,"href":"https:\/\/jrahk.com\/de\/wp-json\/wp\/v2\/product\/2257\/revisions"}],"predecessor-version":[{"id":2267,"href":"https:\/\/jrahk.com\/de\/wp-json\/wp\/v2\/product\/2257\/revisions\/2267"}],"wp:featuredmedia":[{"embeddable":true,"href":"https:\/\/jrahk.com\/de\/wp-json\/wp\/v2\/media\/2265"}],"wp:attachment":[{"href":"https:\/\/jrahk.com\/de\/wp-json\/wp\/v2\/media?parent=2257"}],"wp:term":[{"taxonomy":"product_brand","embeddable":true,"href":"https:\/\/jrahk.com\/de\/wp-json\/wp\/v2\/product_brand?post=2257"},{"taxonomy":"product_cat","embeddable":true,"href":"https:\/\/jrahk.com\/de\/wp-json\/wp\/v2\/product_cat?post=2257"},{"taxonomy":"product_tag","embeddable":true,"href":"https:\/\/jrahk.com\/de\/wp-json\/wp\/v2\/product_tag?post=2257"}],"curies":[{"name":"wp","href":"https:\/\/api.w.org\/{rel}","templated":true}]}}