{"id":2249,"date":"2026-04-11T09:04:18","date_gmt":"2026-04-11T09:04:18","guid":{"rendered":"https:\/\/jrahk.com\/?post_type=product&#038;p=2249"},"modified":"2026-04-11T09:06:27","modified_gmt":"2026-04-11T09:06:27","slug":"con003-15g-202kit","status":"publish","type":"product","link":"https:\/\/jrahk.com\/de\/con003-15g-202kit\/","title":{"rendered":"CON003-15G-202Kit"},"content":{"rendered":"<div style=\"width: 100%;\">\n<table style=\"border-collapse: collapse; width: 100%;\" border=\"0\" cellspacing=\"0\" cellpadding=\"0\">\n<tbody>\n<tr>\n<td style=\"width: 50%;\">Spannung<\/td>\n<td style=\"width: 50%;\">36V-48V-52V-60V-72V<\/td>\n<\/tr>\n<tr>\n<td>Aktuell<\/td>\n<td>34A-40A<\/td>\n<\/tr>\n<tr>\n<td>Strom<\/td>\n<td>1000W-2000W<\/td>\n<\/tr>\n<tr>\n<td>Drei Modi<\/td>\n<td>Rechteckwellen-Modus, Hallless-Modus<\/td>\n<\/tr>\n<tr>\n<td>Schutz<\/td>\n<td>\u00dcberstrom-, \u00dcbertemperatur-, Blockier- und Unterspannungsschutz<\/td>\n<\/tr>\n<tr>\n<td>Motorphasenwinkel<\/td>\n<td>60\u00b0\/120\u00b0-Hallsensoren (automatische Erkennung)<\/td>\n<\/tr>\n<tr>\n<td>Protokoll-Typ<\/td>\n<td>UART2<\/td>\n<\/tr>\n<tr>\n<td>Material<\/td>\n<td>Aluminiumlegierung<\/td>\n<\/tr>\n<tr>\n<td>Gewicht<\/td>\n<td>939G<\/td>\n<\/tr>\n<tr>\n<td>Gr\u00f6\u00dfe der Verpackung<\/td>\n<td>330*130*60mm<\/td>\n<\/tr>\n<\/tbody>\n<\/table>\n<\/div>","protected":false},"excerpt":{"rendered":"<p>Dieser leistungsstarke Rechteckregler wurde f\u00fcr universelle E-Bikes entwickelt und bietet eine intelligente automatische Spannungsregelung von 36 V bis 72 V ohne jegliche Konfiguration. Er bietet mehrere Fahrmodi, darunter einen Rechteckwellenmodus f\u00fcr sofortiges Ansprechen auf das Drehmoment und einen zuverl\u00e4ssigen Notfall-Backup-Modus - den sensorlosen Modus. Ausgestattet mit der SafeRide\u2122-Fehlerschutztechnologie schaltet der Controller bei einem Ausfall des Hallsensors innerhalb von 200 Millisekunden automatisch in den sensorlosen Modus um, wobei die Geschwindigkeit von 100% beibehalten und ein unterbrechungsfreies Fahren gew\u00e4hrleistet wird. Mit einem Wirkungsgrad von bis zu 94%, pr\u00e4ziser Stromregelung (\u00b10,5A) und breiter Motorkompatibilit\u00e4t bietet er ein fehlertolerantes, anpassungsf\u00e4higes und reibungsloses Fahrerlebnis f\u00fcr jede Fahrt.<\/p>","protected":false},"featured_media":2231,"comment_status":"closed","ping_status":"closed","template":"","meta":{"_acf_changed":false},"product_brand":[],"product_cat":[52,54],"product_tag":[],"class_list":{"0":"post-2249","1":"product","2":"type-product","3":"status-publish","4":"has-post-thumbnail","6":"product_cat-bldc-motor-controller-kit","7":"product_cat-dual-mode-kit-controllers","9":"first","10":"instock","11":"shipping-taxable","12":"product-type-simple"},"acf":[],"_links":{"self":[{"href":"https:\/\/jrahk.com\/de\/wp-json\/wp\/v2\/product\/2249","targetHints":{"allow":["GET"]}}],"collection":[{"href":"https:\/\/jrahk.com\/de\/wp-json\/wp\/v2\/product"}],"about":[{"href":"https:\/\/jrahk.com\/de\/wp-json\/wp\/v2\/types\/product"}],"replies":[{"embeddable":true,"href":"https:\/\/jrahk.com\/de\/wp-json\/wp\/v2\/comments?post=2249"}],"version-history":[{"count":1,"href":"https:\/\/jrahk.com\/de\/wp-json\/wp\/v2\/product\/2249\/revisions"}],"predecessor-version":[{"id":2250,"href":"https:\/\/jrahk.com\/de\/wp-json\/wp\/v2\/product\/2249\/revisions\/2250"}],"wp:featuredmedia":[{"embeddable":true,"href":"https:\/\/jrahk.com\/de\/wp-json\/wp\/v2\/media\/2231"}],"wp:attachment":[{"href":"https:\/\/jrahk.com\/de\/wp-json\/wp\/v2\/media?parent=2249"}],"wp:term":[{"taxonomy":"product_brand","embeddable":true,"href":"https:\/\/jrahk.com\/de\/wp-json\/wp\/v2\/product_brand?post=2249"},{"taxonomy":"product_cat","embeddable":true,"href":"https:\/\/jrahk.com\/de\/wp-json\/wp\/v2\/product_cat?post=2249"},{"taxonomy":"product_tag","embeddable":true,"href":"https:\/\/jrahk.com\/de\/wp-json\/wp\/v2\/product_tag?post=2249"}],"curies":[{"name":"wp","href":"https:\/\/api.w.org\/{rel}","templated":true}]}}