{"id":2141,"date":"2026-03-30T08:44:23","date_gmt":"2026-03-30T08:44:23","guid":{"rendered":"https:\/\/jrahk.com\/?post_type=product&#038;p=2141"},"modified":"2026-03-30T09:02:02","modified_gmt":"2026-03-30T09:02:02","slug":"con008b-6g-kit-wxgn100","status":"publish","type":"product","link":"https:\/\/jrahk.com\/de\/con008b-6g-kit-wxgn100\/","title":{"rendered":"CON008B-6G Bausatz-WXGN100"},"content":{"rendered":"<div style=\"width: 100%;\">\n<table style=\"border-collapse: collapse; width: 100%;\" border=\"0\" cellspacing=\"0\" cellpadding=\"0\">\n<tbody>\n<tr>\n<td style=\"width: 50%;\">Spannung<\/td>\n<td style=\"width: 50%;\">36V-48V-52V-60V<\/td>\n<\/tr>\n<tr>\n<td>Aktuell<\/td>\n<td>7A-20A<\/td>\n<\/tr>\n<tr>\n<td>Strom<\/td>\n<td>250W-400W<\/td>\n<\/tr>\n<tr>\n<td>Drei Modi<\/td>\n<td>Sinuswellen-Modus (FOC), Rechteckwellen-Modus, Hallless-Modus<\/td>\n<\/tr>\n<tr>\n<td>Schutz<\/td>\n<td>\u00dcberstrom-, \u00dcbertemperatur-, Blockier- und Unterspannungsschutz<\/td>\n<\/tr>\n<tr>\n<td>Motorphasenwinkel<\/td>\n<td>60\u00b0\/120\u00b0-Hallsensoren (automatische Erkennung)<\/td>\n<\/tr>\n<tr>\n<td>Protokoll-Typ<\/td>\n<td>UART2<\/td>\n<\/tr>\n<tr>\n<td>Material<\/td>\n<td>Aluminiumlegierung<\/td>\n<\/tr>\n<tr>\n<td>Gewicht<\/td>\n<td>367G<\/td>\n<\/tr>\n<tr>\n<td>Gr\u00f6\u00dfe der Verpackung<\/td>\n<td>200*130*60mm<\/td>\n<\/tr>\n<\/tbody>\n<\/table>\n<\/div>","protected":false},"excerpt":{"rendered":"<p>Dieser leistungsstarke elektrische Sinuswellenregler wurde f\u00fcr die universelle Kompatibilit\u00e4t mit E-Bikes entwickelt und bietet eine intelligente Spannungssteuerung von 36 V bis 60 V, die keine Konfiguration erfordert. Er bietet vielseitige Fahrmodi, darunter Sinuswelle f\u00fcr einen ultrasanften und leisen Betrieb, Rechteckwelle f\u00fcr sofortiges Ansprechen auf das Drehmoment und den sensorlosen Modus als zuverl\u00e4ssiges Notfall-Backup. Ausgestattet mit der SafeRide\u2122 Fail-Safe-Technologie schaltet er bei einem Ausfall des Hall-Sensors innerhalb von 200 ms automatisch in den sensorlosen Betrieb und h\u00e4lt die Geschwindigkeit von 100% f\u00fcr unterbrechungsfreie Fahrten aufrecht. Mit hohem Wirkungsgrad (bis zu 94%), pr\u00e4ziser Stromregelung (\u00b10,5A) und breiter Motorkompatibilit\u00e4t sorgt er bei jeder Fahrt f\u00fcr ein fehlertolerantes, anpassungsf\u00e4higes und reibungsloses Fahrerlebnis.<\/p>","protected":false},"featured_media":2129,"comment_status":"closed","ping_status":"closed","template":"","meta":{"_acf_changed":false},"product_brand":[],"product_cat":[52,53],"product_tag":[],"class_list":{"0":"post-2141","1":"product","2":"type-product","3":"status-publish","4":"has-post-thumbnail","6":"product_cat-bldc-motor-controller-kit","7":"product_cat-tri-mode-kit-controllers","9":"first","10":"instock","11":"shipping-taxable","12":"product-type-simple"},"acf":[],"_links":{"self":[{"href":"https:\/\/jrahk.com\/de\/wp-json\/wp\/v2\/product\/2141","targetHints":{"allow":["GET"]}}],"collection":[{"href":"https:\/\/jrahk.com\/de\/wp-json\/wp\/v2\/product"}],"about":[{"href":"https:\/\/jrahk.com\/de\/wp-json\/wp\/v2\/types\/product"}],"replies":[{"embeddable":true,"href":"https:\/\/jrahk.com\/de\/wp-json\/wp\/v2\/comments?post=2141"}],"version-history":[{"count":2,"href":"https:\/\/jrahk.com\/de\/wp-json\/wp\/v2\/product\/2141\/revisions"}],"predecessor-version":[{"id":2168,"href":"https:\/\/jrahk.com\/de\/wp-json\/wp\/v2\/product\/2141\/revisions\/2168"}],"wp:featuredmedia":[{"embeddable":true,"href":"https:\/\/jrahk.com\/de\/wp-json\/wp\/v2\/media\/2129"}],"wp:attachment":[{"href":"https:\/\/jrahk.com\/de\/wp-json\/wp\/v2\/media?parent=2141"}],"wp:term":[{"taxonomy":"product_brand","embeddable":true,"href":"https:\/\/jrahk.com\/de\/wp-json\/wp\/v2\/product_brand?post=2141"},{"taxonomy":"product_cat","embeddable":true,"href":"https:\/\/jrahk.com\/de\/wp-json\/wp\/v2\/product_cat?post=2141"},{"taxonomy":"product_tag","embeddable":true,"href":"https:\/\/jrahk.com\/de\/wp-json\/wp\/v2\/product_tag?post=2141"}],"curies":[{"name":"wp","href":"https:\/\/api.w.org\/{rel}","templated":true}]}}