{"id":1166,"date":"2025-09-18T23:37:46","date_gmt":"2025-09-18T23:37:46","guid":{"rendered":"https:\/\/jrahk.com\/?post_type=product&#038;p=1166"},"modified":"2025-10-29T07:45:21","modified_gmt":"2025-10-29T07:45:21","slug":"con008-15sine-301","status":"publish","type":"product","link":"https:\/\/jrahk.com\/de\/con008-15sine-301\/","title":{"rendered":"CON008-15sine-301"},"content":{"rendered":"<table style=\"border-collapse: collapse; width: 100%;\" border=\"0\" width=\"459\" cellspacing=\"0\" cellpadding=\"0\">\n<tbody>\n<tr style=\"height: 16.80pt;\">\n<td style=\"height: 16.80pt; width: 250.90pt;\" width=\"250\" height=\"16\">Spannung<\/td>\n<td style=\"width: 208.65pt;\" width=\"208\">36V-48V-52V-60V-72V<\/td>\n<\/tr>\n<tr style=\"height: 16.80pt;\">\n<td style=\"height: 16.80pt;\" height=\"16\">Aktuell<\/td>\n<td>34A-40A<\/td>\n<\/tr>\n<tr style=\"height: 16.80pt;\">\n<td style=\"height: 16.80pt;\" height=\"16\">Strom<\/td>\n<td>1000W-2000W<\/td>\n<\/tr>\n<tr style=\"height: 45.00pt;\">\n<td style=\"height: 45.00pt;\" height=\"45\">Drei Modi<\/td>\n<td class=\"et3\" style=\"width: 208.65pt;\" width=\"208\">Sinuswellen-Modus (FOC), Rechteckwellen-Modus, Hallless-Modus<\/td>\n<\/tr>\n<tr style=\"height: 34.00pt;\">\n<td style=\"height: 34.00pt;\" height=\"34\">Schutz<\/td>\n<td class=\"et3\" style=\"width: 208.65pt;\" width=\"208\">\u00dcberstrom-, \u00dcbertemperatur-, Blockier- und Unterspannungsschutz<\/td>\n<\/tr>\n<tr style=\"height: 33.00pt;\">\n<td style=\"height: 33.00pt;\" height=\"33\">Motorphasenwinkel<\/td>\n<td class=\"et3\" style=\"width: 208.65pt;\" width=\"208\">60\u00b0\/120\u00b0-Hallsensoren (automatische Erkennung)<\/td>\n<\/tr>\n<tr style=\"height: 16.80pt;\">\n<td style=\"height: 16.80pt;\" height=\"16\">Protokoll-Typ<\/td>\n<td>Keine Vereinbarung\/Einzelvertrag<\/td>\n<\/tr>\n<tr style=\"height: 16.80pt;\">\n<td style=\"height: 16.80pt;\" height=\"16\">Material<\/td>\n<td>Aluminiumlegierung<\/td>\n<\/tr>\n<tr style=\"height: 16.80pt;\">\n<td style=\"height: 16.80pt;\" height=\"16\">Gewicht<\/td>\n<td>1100G<\/td>\n<\/tr>\n<tr style=\"height: 16.80pt;\">\n<td style=\"height: 16.80pt;\" height=\"16\">Maximale Gr\u00f6\u00dfe<\/td>\n<td>211*88*48mm<\/td>\n<\/tr>\n<\/tbody>\n<\/table>","protected":false},"excerpt":{"rendered":"<p>Dieses fortschrittliche Sinuswellen-Controller-Kit wurde f\u00fcr die universelle Kompatibilit\u00e4t mit E-Bikes entwickelt und bietet eine intelligente automatische Spannungserkennung von 36 V bis 72 V ohne manuelle Konfiguration. Er unterst\u00fctzt den Betrieb mit drei Wellenformen - Sinus f\u00fcr besonders sanfte und leise Fahrten, Rechteck f\u00fcr hohe Drehmomentanforderungen und sensorlose Rechteckwellen als sofortige Ausfallsicherung, die eine manuelle Auswahl oder einen automatischen R\u00fcckgriff bei Ausfall des Hallsensors erm\u00f6glicht.<\/p>\n<p>Ausgestattet mit einem wasserdichten OLED-Display SpeedDial\u2122 erm\u00f6glicht es eine Geschwindigkeitsbegrenzung in Echtzeit, die zwischen 25-80 km\/h programmierbar ist. Das innovative Hall-System 2.0 bietet automatische Erkennung und Kompatibilit\u00e4t mit 5-Draht- und 6-Draht-Hall-Sensoren ohne Jumper. Im Falle einer St\u00f6rung schaltet das System innerhalb von 300 ms in den sensorlosen Rechteckmodus und h\u00e4lt die Geschwindigkeit des 100% mit weniger als 2 Sekunden Anlaufvibration f\u00fcr einen unterbrechungsfreien und zuverl\u00e4ssigen Betrieb aufrecht.<\/p>\n<p>Er wurde f\u00fcr eine zukunftssichere Leistung entwickelt und bietet eine breite Motorunterst\u00fctzung, einen hohen Wirkungsgrad und eine robuste Steuerung - ideal f\u00fcr den t\u00e4glichen Pendlerverkehr und leistungsstarke Fahrradanwendungen.<\/p>","protected":false},"featured_media":1167,"comment_status":"closed","ping_status":"closed","template":"","meta":{"_acf_changed":false},"product_brand":[],"product_cat":[52],"product_tag":[],"class_list":{"0":"post-1166","1":"product","2":"type-product","3":"status-publish","4":"has-post-thumbnail","6":"product_cat-bldc-motor-controller-kit","8":"first","9":"instock","10":"shipping-taxable","11":"product-type-simple"},"acf":[],"_links":{"self":[{"href":"https:\/\/jrahk.com\/de\/wp-json\/wp\/v2\/product\/1166","targetHints":{"allow":["GET"]}}],"collection":[{"href":"https:\/\/jrahk.com\/de\/wp-json\/wp\/v2\/product"}],"about":[{"href":"https:\/\/jrahk.com\/de\/wp-json\/wp\/v2\/types\/product"}],"replies":[{"embeddable":true,"href":"https:\/\/jrahk.com\/de\/wp-json\/wp\/v2\/comments?post=1166"}],"version-history":[{"count":4,"href":"https:\/\/jrahk.com\/de\/wp-json\/wp\/v2\/product\/1166\/revisions"}],"predecessor-version":[{"id":1264,"href":"https:\/\/jrahk.com\/de\/wp-json\/wp\/v2\/product\/1166\/revisions\/1264"}],"wp:featuredmedia":[{"embeddable":true,"href":"https:\/\/jrahk.com\/de\/wp-json\/wp\/v2\/media\/1167"}],"wp:attachment":[{"href":"https:\/\/jrahk.com\/de\/wp-json\/wp\/v2\/media?parent=1166"}],"wp:term":[{"taxonomy":"product_brand","embeddable":true,"href":"https:\/\/jrahk.com\/de\/wp-json\/wp\/v2\/product_brand?post=1166"},{"taxonomy":"product_cat","embeddable":true,"href":"https:\/\/jrahk.com\/de\/wp-json\/wp\/v2\/product_cat?post=1166"},{"taxonomy":"product_tag","embeddable":true,"href":"https:\/\/jrahk.com\/de\/wp-json\/wp\/v2\/product_tag?post=1166"}],"curies":[{"name":"wp","href":"https:\/\/api.w.org\/{rel}","templated":true}]}}