{"id":1152,"date":"2025-09-18T23:32:24","date_gmt":"2025-09-18T23:32:24","guid":{"rendered":"https:\/\/jrahk.com\/?post_type=product&#038;p=1152"},"modified":"2025-10-29T08:05:03","modified_gmt":"2025-10-29T08:05:03","slug":"con003-15g-200kit","status":"publish","type":"product","link":"https:\/\/jrahk.com\/de\/con003-15g-200kit\/","title":{"rendered":"CON003-15G-200kit"},"content":{"rendered":"<table width=\"100%\">\n<tbody>\n<tr>\n<td width=\"250\">Spannung<\/td>\n<td width=\"208\">36V-48V-52V-60V-72V<\/td>\n<\/tr>\n<tr>\n<td>Aktuell<\/td>\n<td>34A-40A<\/td>\n<\/tr>\n<tr>\n<td>Strom<\/td>\n<td>1000W-2000W<\/td>\n<\/tr>\n<tr>\n<td>Zwei Modi<\/td>\n<td width=\"208\">\u00a0Rechteckwellen-Modus, Hallless-Modus<\/td>\n<\/tr>\n<tr>\n<td>Schutz<\/td>\n<td width=\"208\">\u00dcberstrom-, \u00dcbertemperatur-, Blockier- und Unterspannungsschutz<\/td>\n<\/tr>\n<tr>\n<td>Motorphasenwinkel<\/td>\n<td width=\"208\">60\u00b0\/120\u00b0-Hallsensoren (automatische Erkennung)<\/td>\n<\/tr>\n<tr>\n<td>Protokoll-Typ<\/td>\n<td>Keine Vereinbarung\/Einzelvertrag<\/td>\n<\/tr>\n<tr>\n<td>Material<\/td>\n<td>Aluminiumlegierung<\/td>\n<\/tr>\n<tr>\n<td>Gewicht<\/td>\n<td>940G<\/td>\n<\/tr>\n<tr>\n<td>Maximale Gr\u00f6\u00dfe<\/td>\n<td>211*88*48mm<\/td>\n<\/tr>\n<\/tbody>\n<\/table>","protected":false},"excerpt":{"rendered":"<p>Dieses intelligente Rechtecksteuerungs-Kit ist f\u00fcr eine Vielzahl von kompatiblen E-Bike-Systemen ausgelegt. Er verf\u00fcgt \u00fcber eine automatische Spannungserkennung in einem weiten Bereich von 36V bis 72V, was eine sofortige Installation und einen Betrieb ohne manuelle Einstellung gew\u00e4hrleistet. Er bietet zwei Antriebsmodi: den Rechteckmodus f\u00fcr eine robuste Drehmomentabgabe und den sensorlosen Rechteckmodus als Fail-Safe. Dieser Modus kann manuell oder automatisch umgeschaltet werden, wenn ein Hall-Effekt-Sensor ausf\u00e4llt.<\/p>\n<p>Das Kit verf\u00fcgt \u00fcber ein wasserdichtes SpeedDial\u2122 OLED-Display mit in Echtzeit einstellbaren Geschwindigkeitsbegrenzungen zwischen 25 und 80 km\/h und erf\u00fcllt damit die unterschiedlichsten Fahranforderungen. Dank der neuesten Generation des Hall-Effekt-Systems 2.0 erkennt es automatisch sowohl F\u00fcnf- als auch Sechs-Draht-Hall-Effekt-Sensoren, sodass keine Jumper oder zus\u00e4tzliche Konfiguration erforderlich sind. Wird ein Hall-Effekt-Fehler erkannt, schaltet das System innerhalb von 300 Millisekunden nahtlos in den sensorlosen Rechteckmodus um, wobei die Ausgangsleistung des 100% beibehalten und die Startvibrationen auf weniger als 2 Sekunden reduziert werden, was die Systemzuverl\u00e4ssigkeit erheblich verbessert.<\/p>\n<p>Das zukunftsweisende Design dieses Produkts sorgt f\u00fcr eine breite Motorkompatibilit\u00e4t und eine effiziente Steuerung, die hohe Leistung mit hoher Zuverl\u00e4ssigkeit verbindet und damit ideal f\u00fcr den t\u00e4glichen Pendlerverkehr und das Fahren mit leistungsstarken E-Bikes ist.<\/p>","protected":false},"featured_media":1154,"comment_status":"closed","ping_status":"closed","template":"","meta":{"_acf_changed":false},"product_brand":[],"product_cat":[52],"product_tag":[],"class_list":{"0":"post-1152","1":"product","2":"type-product","3":"status-publish","4":"has-post-thumbnail","6":"product_cat-bldc-motor-controller-kit","8":"first","9":"instock","10":"shipping-taxable","11":"product-type-simple"},"acf":[],"_links":{"self":[{"href":"https:\/\/jrahk.com\/de\/wp-json\/wp\/v2\/product\/1152","targetHints":{"allow":["GET"]}}],"collection":[{"href":"https:\/\/jrahk.com\/de\/wp-json\/wp\/v2\/product"}],"about":[{"href":"https:\/\/jrahk.com\/de\/wp-json\/wp\/v2\/types\/product"}],"replies":[{"embeddable":true,"href":"https:\/\/jrahk.com\/de\/wp-json\/wp\/v2\/comments?post=1152"}],"version-history":[{"count":4,"href":"https:\/\/jrahk.com\/de\/wp-json\/wp\/v2\/product\/1152\/revisions"}],"predecessor-version":[{"id":1187,"href":"https:\/\/jrahk.com\/de\/wp-json\/wp\/v2\/product\/1152\/revisions\/1187"}],"wp:featuredmedia":[{"embeddable":true,"href":"https:\/\/jrahk.com\/de\/wp-json\/wp\/v2\/media\/1154"}],"wp:attachment":[{"href":"https:\/\/jrahk.com\/de\/wp-json\/wp\/v2\/media?parent=1152"}],"wp:term":[{"taxonomy":"product_brand","embeddable":true,"href":"https:\/\/jrahk.com\/de\/wp-json\/wp\/v2\/product_brand?post=1152"},{"taxonomy":"product_cat","embeddable":true,"href":"https:\/\/jrahk.com\/de\/wp-json\/wp\/v2\/product_cat?post=1152"},{"taxonomy":"product_tag","embeddable":true,"href":"https:\/\/jrahk.com\/de\/wp-json\/wp\/v2\/product_tag?post=1152"}],"curies":[{"name":"wp","href":"https:\/\/api.w.org\/{rel}","templated":true}]}}