{"id":1142,"date":"2025-09-18T22:28:18","date_gmt":"2025-09-18T22:28:18","guid":{"rendered":"https:\/\/jrahk.com\/?post_type=product&#038;p=1142"},"modified":"2025-10-29T08:08:59","modified_gmt":"2025-10-29T08:08:59","slug":"con009-6g-gd","status":"publish","type":"product","link":"https:\/\/jrahk.com\/de\/con009-6g-gd\/","title":{"rendered":"CON009-6G-GD"},"content":{"rendered":"<table style=\"border-collapse: collapse; width: 100%;\" border=\"0\" width=\"529\" cellspacing=\"0\" cellpadding=\"0\">\n<tbody>\n<tr style=\"height: 17.60pt;\">\n<td class=\"et2\" style=\"height: 17.60pt; width: 305.20pt;\" width=\"305\" height=\"17\">Spannung<\/td>\n<td class=\"et2\" style=\"width: 224.70pt;\" width=\"224\">36V\/48V\/52V\/60V (auto-detection)<\/td>\n<\/tr>\n<tr style=\"height: 17.60pt;\">\n<td class=\"et2\" style=\"height: 17.60pt;\" height=\"17\">Aktuell<\/td>\n<td class=\"et2\">18A-40A<\/td>\n<\/tr>\n<tr style=\"height: 17.60pt;\">\n<td class=\"et2\" style=\"height: 17.60pt;\" height=\"17\">Strom<\/td>\n<td class=\"et2\">350W-2000W<\/td>\n<\/tr>\n<tr style=\"height: 34.00pt;\">\n<td class=\"et2\" style=\"height: 34.00pt;\" height=\"34\">Drei Modi<\/td>\n<td class=\"et3\" style=\"width: 224.70pt;\" width=\"224\">Sinuswellen-Modus (FOC), Rechteckwellen-Modus, Hallless-Modus<\/td>\n<\/tr>\n<tr style=\"height: 34.00pt;\">\n<td class=\"et2\" style=\"height: 34.00pt;\" height=\"34\">Schutz<\/td>\n<td class=\"et3\" style=\"width: 224.70pt;\" width=\"224\">\u00dcberstrom-, \u00dcbertemperatur-, Blockier- und Unterspannungsschutz<\/td>\n<\/tr>\n<tr style=\"height: 34.00pt;\">\n<td class=\"et2\" style=\"height: 34.00pt;\" height=\"34\">Motorphasenwinkel<\/td>\n<td class=\"et3\" style=\"width: 224.70pt;\" width=\"224\">60\u00b0\/120\u00b0-Hallsensoren (automatische Erkennung)<\/td>\n<\/tr>\n<tr style=\"height: 17.60pt;\">\n<td class=\"et2\" style=\"height: 17.60pt;\" height=\"17\">Protokoll-Typ<\/td>\n<td class=\"et2\">Keine Vereinbarung\/Einzelvertrag<\/td>\n<\/tr>\n<tr style=\"height: 17.60pt;\">\n<td class=\"et2\" style=\"height: 17.60pt;\" height=\"17\">Material<\/td>\n<td class=\"et2\">Aluminiumlegierung<\/td>\n<\/tr>\n<tr style=\"height: 17.60pt;\">\n<td class=\"et2\" style=\"height: 17.60pt;\" height=\"17\">Gewicht<\/td>\n<td class=\"et2\">454G<\/td>\n<\/tr>\n<tr style=\"height: 17.60pt;\">\n<td class=\"et2\" style=\"height: 17.60pt;\" height=\"17\">Maximale Gr\u00f6\u00dfe<\/td>\n<td class=\"et2\">181*55*32mm<\/td>\n<\/tr>\n<\/tbody>\n<\/table>","protected":false},"excerpt":{"rendered":"<p>Dieser leistungsstarke Elektro-Doppelantriebs-Sinusregler wurde f\u00fcr vielseitige E-Bike- und E-Scooter-Anwendungen entwickelt und bietet eine intelligente, automatische Spannungserkennung von 36 V bis 60 V, ohne dass eine Konfiguration erforderlich ist. Er unterst\u00fctzt den Betrieb von zwei oder einem Motor mit zwei unabh\u00e4ngigen Kan\u00e4len von maximal 20A (maximal 40A Spitze) und bietet flexible Leistungsoptionen f\u00fcr eine Vielzahl von Fahrzeugdesigns.<\/p>\n<p>Der Controller verf\u00fcgt \u00fcber drei Wellenform-Modi, darunter Sinuswelle f\u00fcr die synchronisierte Steuerung von zwei Motoren (unter 5\u00b0 Phasenfehler), Rechteckwelle f\u00fcr sofortige Drehmomenterh\u00f6hung und den sensorlosen Modus als intelligentes Backup bei Ausfall des Hallsensors. Ausgestattet mit einem fortschrittlichen, fehlertoleranten Design, schaltet er automatisch innerhalb von 200 ms in den sensorlosen Betrieb um und beh\u00e4lt dabei eine Geschwindigkeit von 100% bei - eine deutlich bessere Leistung als die der Mitbewerber, die in der Regel auf eine Geschwindigkeit von 60% fallen.<\/p>\n<p>Mit der Unterst\u00fctzung von 1-2 Motoren ohne Neukonfiguration, einer hochpr\u00e4zisen Stromregelung und einem robusten W\u00e4rmemanagement bietet er eine unvergleichliche Anpassungsf\u00e4higkeit, Zuverl\u00e4ssigkeit und einen reibungslosen Betrieb bei jeder Fahrt.<\/p>\n<p>\u3010Angaben zu Strom und Leistung\u30111. Die Stromst\u00e4rke des Einzelantriebs betr\u00e4gt 18A und die maximale Stromst\u00e4rke 20A. Der Strom f\u00fcr zwei Antriebe betr\u00e4gt 36A und der maximale Strom 40A.2. \u00dcber die Leistung. Die Leistung kann in berechnete Leistung und Nennleistung unterteilt werden. Sie k\u00f6nnen sich bei der Auswahl auf die Stromst\u00e4rke des Reglers beziehen.3. Die Nennleistung des Einzelantriebs betr\u00e4gt 350W-500W, die berechnete Leistung betr\u00e4gt 1000W, die Nennleistung des Doppelantriebs betr\u00e4gt 500W-1000W und die Leistung des Doppelantriebs betr\u00e4gt 2000W.<\/p>","protected":false},"featured_media":1146,"comment_status":"closed","ping_status":"closed","template":"","meta":{"_acf_changed":false},"product_brand":[],"product_cat":[27],"product_tag":[],"class_list":{"0":"post-1142","1":"product","2":"type-product","3":"status-publish","4":"has-post-thumbnail","6":"product_cat-bldc-motor-controller","8":"first","9":"instock","10":"shipping-taxable","11":"product-type-simple"},"acf":[],"_links":{"self":[{"href":"https:\/\/jrahk.com\/de\/wp-json\/wp\/v2\/product\/1142","targetHints":{"allow":["GET"]}}],"collection":[{"href":"https:\/\/jrahk.com\/de\/wp-json\/wp\/v2\/product"}],"about":[{"href":"https:\/\/jrahk.com\/de\/wp-json\/wp\/v2\/types\/product"}],"replies":[{"embeddable":true,"href":"https:\/\/jrahk.com\/de\/wp-json\/wp\/v2\/comments?post=1142"}],"version-history":[{"count":2,"href":"https:\/\/jrahk.com\/de\/wp-json\/wp\/v2\/product\/1142\/revisions"}],"predecessor-version":[{"id":1145,"href":"https:\/\/jrahk.com\/de\/wp-json\/wp\/v2\/product\/1142\/revisions\/1145"}],"wp:featuredmedia":[{"embeddable":true,"href":"https:\/\/jrahk.com\/de\/wp-json\/wp\/v2\/media\/1146"}],"wp:attachment":[{"href":"https:\/\/jrahk.com\/de\/wp-json\/wp\/v2\/media?parent=1142"}],"wp:term":[{"taxonomy":"product_brand","embeddable":true,"href":"https:\/\/jrahk.com\/de\/wp-json\/wp\/v2\/product_brand?post=1142"},{"taxonomy":"product_cat","embeddable":true,"href":"https:\/\/jrahk.com\/de\/wp-json\/wp\/v2\/product_cat?post=1142"},{"taxonomy":"product_tag","embeddable":true,"href":"https:\/\/jrahk.com\/de\/wp-json\/wp\/v2\/product_tag?post=1142"}],"curies":[{"name":"wp","href":"https:\/\/api.w.org\/{rel}","templated":true}]}}