{"id":1125,"date":"2025-09-18T22:09:40","date_gmt":"2025-09-18T22:09:40","guid":{"rendered":"https:\/\/jrahk.com\/?post_type=product&#038;p=1125"},"modified":"2025-10-29T08:11:18","modified_gmt":"2025-10-29T08:11:18","slug":"con005-7255","status":"publish","type":"product","link":"https:\/\/jrahk.com\/de\/con005-7255\/","title":{"rendered":"CON005-7255"},"content":{"rendered":"<table style=\"border-collapse: collapse; width: 100%;\" border=\"0\" width=\"459\" cellspacing=\"0\" cellpadding=\"0\">\n<tbody>\n<tr style=\"height: 16.80pt;\">\n<td style=\"height: 16.80pt; width: 250.90pt;\" width=\"250\" height=\"16\">Spannung<\/td>\n<td style=\"width: 208.65pt;\" width=\"208\">48V-60V-72V<\/td>\n<\/tr>\n<tr style=\"height: 16.80pt;\">\n<td style=\"height: 16.80pt;\" height=\"16\">Aktuell<\/td>\n<td>55A<\/td>\n<\/tr>\n<tr style=\"height: 16.80pt;\">\n<td style=\"height: 16.80pt;\" height=\"16\">Strom<\/td>\n<td>1000W-3000W<\/td>\n<\/tr>\n<tr style=\"height: 45.00pt;\">\n<td style=\"height: 45.00pt;\" height=\"45\">Drei Modi<\/td>\n<td class=\"et3\" style=\"width: 208.65pt;\" width=\"208\">Sinuswellen-Modus (FOC), Rechteckwellen-Modus, Hallless-Modus<\/td>\n<\/tr>\n<tr style=\"height: 34.00pt;\">\n<td style=\"height: 34.00pt;\" height=\"34\">Schutz<\/td>\n<td class=\"et3\" style=\"width: 208.65pt;\" width=\"208\">\u00dcberstrom-, \u00dcbertemperatur-, Blockier- und Unterspannungsschutz<\/td>\n<\/tr>\n<tr style=\"height: 33.00pt;\">\n<td style=\"height: 33.00pt;\" height=\"33\">Motorphasenwinkel<\/td>\n<td class=\"et3\" style=\"width: 208.65pt;\" width=\"208\">60\u00b0\/120\u00b0-Hallsensoren (automatische Erkennung)<\/td>\n<\/tr>\n<tr style=\"height: 16.80pt;\">\n<td style=\"height: 16.80pt;\" height=\"16\">Protokoll-Typ<\/td>\n<td>Keine Vereinbarung\/Einzelvertrag<\/td>\n<\/tr>\n<tr style=\"height: 16.80pt;\">\n<td style=\"height: 16.80pt;\" height=\"16\">Material<\/td>\n<td>Aluminiumlegierung<\/td>\n<\/tr>\n<tr style=\"height: 16.80pt;\">\n<td style=\"height: 16.80pt;\" height=\"16\">Gewicht<\/td>\n<td>1020G<\/td>\n<\/tr>\n<tr style=\"height: 16.80pt;\">\n<td style=\"height: 16.80pt;\" height=\"16\">Maximale Gr\u00f6\u00dfe<\/td>\n<td>191*110*51mm<\/td>\n<\/tr>\n<\/tbody>\n<\/table>","protected":false},"excerpt":{"rendered":"<p>Dieser leistungsstarke Sinusregler wurde f\u00fcr leistungsstarke Elektromotorr\u00e4der entwickelt und bietet eine automatische Spannungserkennung f\u00fcr 48V-, 60V- und 72V-Systeme ohne manuelle Konfiguration. Mit dem innovativen PowerShift\u2122-Drehregler bietet er eine intelligente dreistufige Stromregelung, die ein nahtloses Umschalten zwischen den Modi Eco (30A), Cruise (40A) und Beast (55A) erm\u00f6glicht, um den Fahranforderungen gerecht zu werden.<\/p>\n<p>Ausgestattet mit einem Dreifach-Wellenform-Betrieb, bietet er eine ultra-glatte Sinuswellen-Ausgabe \u00fcber alle G\u00e4nge, neben einer manuellen Rechteckwelle und einem automatischen sensorlosen Backup. Das fortschrittliche, ausfallsichere System schaltet bei einem Ausfall des Hallsensors sofort in den sensorlosen Modus um und h\u00e4lt die Geschwindigkeit des aktuellen Gangs f\u00fcr einen kontinuierlichen und sicheren Betrieb aufrecht.<\/p>\n<p>Mit der Unterst\u00fctzung von Spitzenstr\u00f6men pro Gang (abh\u00e4ngig von der Batterie- und Motorf\u00e4higkeit), einem hochpr\u00e4zisen Ausgang und einem robusten W\u00e4rmemanagement gew\u00e4hrleistet dieser Controller eine leistungsstarke, adaptive und \u00e4u\u00dferst zuverl\u00e4ssige Leistung f\u00fcr leistungsstarke E-Motorrad-Anwendungen.<\/p>","protected":false},"featured_media":1128,"comment_status":"closed","ping_status":"closed","template":"","meta":{"_acf_changed":false},"product_brand":[],"product_cat":[27],"product_tag":[],"class_list":{"0":"post-1125","1":"product","2":"type-product","3":"status-publish","4":"has-post-thumbnail","6":"product_cat-bldc-motor-controller","8":"first","9":"instock","10":"shipping-taxable","11":"product-type-simple"},"acf":[],"_links":{"self":[{"href":"https:\/\/jrahk.com\/de\/wp-json\/wp\/v2\/product\/1125","targetHints":{"allow":["GET"]}}],"collection":[{"href":"https:\/\/jrahk.com\/de\/wp-json\/wp\/v2\/product"}],"about":[{"href":"https:\/\/jrahk.com\/de\/wp-json\/wp\/v2\/types\/product"}],"replies":[{"embeddable":true,"href":"https:\/\/jrahk.com\/de\/wp-json\/wp\/v2\/comments?post=1125"}],"version-history":[{"count":6,"href":"https:\/\/jrahk.com\/de\/wp-json\/wp\/v2\/product\/1125\/revisions"}],"predecessor-version":[{"id":1141,"href":"https:\/\/jrahk.com\/de\/wp-json\/wp\/v2\/product\/1125\/revisions\/1141"}],"wp:featuredmedia":[{"embeddable":true,"href":"https:\/\/jrahk.com\/de\/wp-json\/wp\/v2\/media\/1128"}],"wp:attachment":[{"href":"https:\/\/jrahk.com\/de\/wp-json\/wp\/v2\/media?parent=1125"}],"wp:term":[{"taxonomy":"product_brand","embeddable":true,"href":"https:\/\/jrahk.com\/de\/wp-json\/wp\/v2\/product_brand?post=1125"},{"taxonomy":"product_cat","embeddable":true,"href":"https:\/\/jrahk.com\/de\/wp-json\/wp\/v2\/product_cat?post=1125"},{"taxonomy":"product_tag","embeddable":true,"href":"https:\/\/jrahk.com\/de\/wp-json\/wp\/v2\/product_tag?post=1125"}],"curies":[{"name":"wp","href":"https:\/\/api.w.org\/{rel}","templated":true}]}}